{"id":7298,"date":"2012-06-20T16:58:46","date_gmt":"2012-06-20T16:58:46","guid":{"rendered":"https:\/\/www.unirope.com\/?page_id=7298"},"modified":"2020-04-13T21:39:38","modified_gmt":"2020-04-13T21:39:38","slug":"terminator-wedge-socket","status":"publish","type":"page","link":"https:\/\/www.unirope.com\/fr\/produits\/cables\/wire-rope-end-attachments\/terminator-wedge-socket\/","title":{"rendered":"Culot \u00e0 coins TERMINATOR\u1d39\u1d30"},"content":{"rendered":"<p><img loading=\"lazy\" class=\"alignnone size-full wp-image-2208\" title=\"crosby_logo\" src=\"\/wp-content\/uploads\/2012\/06\/crosby_logo.gif\" alt=\"\" width=\"88\" height=\"34\" \/><\/p>\n<p><strong>Type S 421 TW &#8211; TERMINATOR\u1d39\u1d30 Wedge<\/strong><\/p>\n<div class=\"content-half\">\n<ul style=\"font-size: 0.85em\">\n<li>Immobilise l\u2019extr\u00e9mit\u00e9, ou \u00ab bout libre \u00bb, du c\u00e2ble sur le coin, ce qui \u00e9limine les pertes ou \u00ab perforations \u00bb du coin.<\/li>\n<li>Le diam\u00e8tre de l\u2019axe et l\u2019ouverture de la m\u00e2choire permettent au culot TERMINATOR\u1d39\u1d30; d\u2019\u00eatre employ\u00e9 avec des douilles UNI-LOC\u1d39\u1d30 press\u00e9es et ferm\u00e9es et avec des douilles coniques ferm\u00e9es.<\/li>\n<li>\u00c9vite d\u2019avoir \u00e0 utiliser un morceau suppl\u00e9mentaire de c\u00e2ble; installation facile.<\/li>\n<li>Dot\u00e9 du calibre de c\u00e2ble m\u00e9tallique QUIC-CHECK\u1d39\u1d30; \u00ab GO \u00bb et \u00ab NO-GO \u00bb de Crosby.<\/li>\n<li>Les anciens culots \u00e0 coin de Crosby peuvent \u00eatre dot\u00e9s du nouveau coin TERMINATOR\u1d39\u1d30;.<\/li>\n<li>Pour les instructions d\u2019installation d\u00e9taill\u00e9es, veuillez consulter Unirope ou votre distributeur Unirope.<\/li>\n<\/ul>\n<\/div>\n<div class=\"content-half\"><img loading=\"lazy\" class=\"alignnone size-full wp-image-2211\" title=\"wedge_socket_a\" src=\"\/wp-content\/uploads\/2012\/06\/wedge_socket_a.gif\" alt=\"\" width=\"240\" height=\"248\" \/><\/div>\n","protected":false},"excerpt":{"rendered":"<p>Type S 421 TW &#8211; TERMINATOR\u1d39\u1d30 Wedge Immobilise l\u2019extr\u00e9mit\u00e9, ou \u00ab bout libre \u00bb, du c\u00e2ble sur le coin, ce qui \u00e9limine les pertes ou \u00ab perforations \u00bb du coin. Le diam\u00e8tre de l\u2019axe et l\u2019ouverture de la m\u00e2choire permettent au culot TERMINATOR\u1d39\u1d30; d\u2019\u00eatre employ\u00e9 avec des douilles UNI-LOC\u1d39\u1d30 press\u00e9es et ferm\u00e9es et avec des [&hellip;]<\/p>\n","protected":false},"author":1,"featured_media":0,"parent":7249,"menu_order":0,"comment_status":"open","ping_status":"open","template":"","meta":[],"yoast_head":"<!-- This site is optimized with the Yoast SEO plugin v18.1 - https:\/\/yoast.com\/wordpress\/plugins\/seo\/ -->\n<meta name=\"robots\" content=\"index, follow, max-snippet:-1, max-image-preview:large, max-video-preview:-1\" \/>\n<link rel=\"canonical\" href=\"https:\/\/www.unirope.com\/fr\/produits\/cables\/wire-rope-end-attachments\/terminator-wedge-socket\/\" \/>\n<meta property=\"og:locale\" content=\"fr_FR\" \/>\n<meta property=\"og:type\" content=\"article\" \/>\n<meta property=\"og:title\" content=\"Culot \u00e0 coins TERMINATOR\u1d39\u1d30 - Unirope Ltd.\" \/>\n<meta property=\"og:description\" content=\"Type S 421 TW &#8211; TERMINATOR\u1d39\u1d30 Wedge Immobilise l\u2019extr\u00e9mit\u00e9, ou \u00ab bout libre \u00bb, du c\u00e2ble sur le coin, ce qui \u00e9limine les pertes ou \u00ab perforations \u00bb du coin. Le diam\u00e8tre de l\u2019axe et l\u2019ouverture de la m\u00e2choire permettent au culot TERMINATOR\u1d39\u1d30; d\u2019\u00eatre employ\u00e9 avec des douilles UNI-LOC\u1d39\u1d30 press\u00e9es et ferm\u00e9es et avec des [&hellip;]\" \/>\n<meta property=\"og:url\" content=\"https:\/\/www.unirope.com\/fr\/produits\/cables\/wire-rope-end-attachments\/terminator-wedge-socket\/\" \/>\n<meta property=\"og:site_name\" content=\"Unirope Ltd.\" \/>\n<meta property=\"article:modified_time\" content=\"2020-04-13T21:39:38+00:00\" \/>\n<meta property=\"og:image\" content=\"https:\/\/www.unirope.com\/wp-content\/uploads\/2012\/06\/crosby_logo.gif\" \/>\n<meta name=\"twitter:label1\" content=\"Dur\u00e9e de lecture estim\u00e9e\" \/>\n\t<meta name=\"twitter:data1\" content=\"1 minute\" \/>\n<script type=\"application\/ld+json\" class=\"yoast-schema-graph\">{\"@context\":\"https:\/\/schema.org\",\"@graph\":[{\"@type\":\"Organization\",\"@id\":\"https:\/\/www.unirope.com\/#organization\",\"name\":\"Unirope Ltd\",\"url\":\"https:\/\/www.unirope.com\/\",\"sameAs\":[\"https:\/\/www.youtube.com\/channel\/UCYDjk5HBhJLEnptrBbQvjgg\"],\"logo\":{\"@type\":\"ImageObject\",\"@id\":\"https:\/\/www.unirope.com\/#logo\",\"inLanguage\":\"fr-FR\",\"url\":\"https:\/\/www.unirope.com\/wp-content\/uploads\/2012\/06\/unirope_logo.gif\",\"contentUrl\":\"https:\/\/www.unirope.com\/wp-content\/uploads\/2012\/06\/unirope_logo.gif\",\"width\":220,\"height\":50,\"caption\":\"Unirope Ltd\"},\"image\":{\"@id\":\"https:\/\/www.unirope.com\/#logo\"}},{\"@type\":\"WebSite\",\"@id\":\"https:\/\/www.unirope.com\/#website\",\"url\":\"https:\/\/www.unirope.com\/\",\"name\":\"Unirope Ltd.\",\"description\":\"Wire Rope &amp; Rigging Products\",\"publisher\":{\"@id\":\"https:\/\/www.unirope.com\/#organization\"},\"potentialAction\":[{\"@type\":\"SearchAction\",\"target\":{\"@type\":\"EntryPoint\",\"urlTemplate\":\"https:\/\/www.unirope.com\/?s={search_term_string}\"},\"query-input\":\"required name=search_term_string\"}],\"inLanguage\":\"fr-FR\"},{\"@type\":\"ImageObject\",\"@id\":\"https:\/\/www.unirope.com\/fr\/produits\/cables\/wire-rope-end-attachments\/terminator-wedge-socket\/#primaryimage\",\"inLanguage\":\"fr-FR\",\"url\":\"\/wp-content\/uploads\/2012\/06\/crosby_logo.gif\",\"contentUrl\":\"\/wp-content\/uploads\/2012\/06\/crosby_logo.gif\"},{\"@type\":\"WebPage\",\"@id\":\"https:\/\/www.unirope.com\/fr\/produits\/cables\/wire-rope-end-attachments\/terminator-wedge-socket\/#webpage\",\"url\":\"https:\/\/www.unirope.com\/fr\/produits\/cables\/wire-rope-end-attachments\/terminator-wedge-socket\/\",\"name\":\"Culot \u00e0 coins TERMINATOR\u1d39\u1d30 - Unirope Ltd.\",\"isPartOf\":{\"@id\":\"https:\/\/www.unirope.com\/#website\"},\"primaryImageOfPage\":{\"@id\":\"https:\/\/www.unirope.com\/fr\/produits\/cables\/wire-rope-end-attachments\/terminator-wedge-socket\/#primaryimage\"},\"datePublished\":\"2012-06-20T16:58:46+00:00\",\"dateModified\":\"2020-04-13T21:39:38+00:00\",\"breadcrumb\":{\"@id\":\"https:\/\/www.unirope.com\/fr\/produits\/cables\/wire-rope-end-attachments\/terminator-wedge-socket\/#breadcrumb\"},\"inLanguage\":\"fr-FR\",\"potentialAction\":[{\"@type\":\"ReadAction\",\"target\":[\"https:\/\/www.unirope.com\/fr\/produits\/cables\/wire-rope-end-attachments\/terminator-wedge-socket\/\"]}]},{\"@type\":\"BreadcrumbList\",\"@id\":\"https:\/\/www.unirope.com\/fr\/produits\/cables\/wire-rope-end-attachments\/terminator-wedge-socket\/#breadcrumb\",\"itemListElement\":[{\"@type\":\"ListItem\",\"position\":1,\"name\":\"Home\",\"item\":\"https:\/\/www.unirope.com\/fr\/\"},{\"@type\":\"ListItem\",\"position\":2,\"name\":\"Produits\",\"item\":\"https:\/\/www.unirope.com\/fr\/produits\/\"},{\"@type\":\"ListItem\",\"position\":3,\"name\":\"C\u00e2bles\",\"item\":\"https:\/\/www.unirope.com\/fr\/produits\/cables\/\"},{\"@type\":\"ListItem\",\"position\":4,\"name\":\"Accessoires c\u00e2ble m\u00e9tallique fin\",\"item\":\"https:\/\/www.unirope.com\/fr\/produits\/cables\/wire-rope-end-attachments\/\"},{\"@type\":\"ListItem\",\"position\":5,\"name\":\"Culot \u00e0 coins TERMINATOR\u1d39\u1d30\"}]}]}<\/script>\n<!-- \/ Yoast SEO plugin. -->","yoast_head_json":{"robots":{"index":"index","follow":"follow","max-snippet":"max-snippet:-1","max-image-preview":"max-image-preview:large","max-video-preview":"max-video-preview:-1"},"canonical":"https:\/\/www.unirope.com\/fr\/produits\/cables\/wire-rope-end-attachments\/terminator-wedge-socket\/","og_locale":"fr_FR","og_type":"article","og_title":"Culot \u00e0 coins TERMINATOR\u1d39\u1d30 - Unirope Ltd.","og_description":"Type S 421 TW &#8211; TERMINATOR\u1d39\u1d30 Wedge Immobilise l\u2019extr\u00e9mit\u00e9, ou \u00ab bout libre \u00bb, du c\u00e2ble sur le coin, ce qui \u00e9limine les pertes ou \u00ab perforations \u00bb du coin. Le diam\u00e8tre de l\u2019axe et l\u2019ouverture de la m\u00e2choire permettent au culot TERMINATOR\u1d39\u1d30; d\u2019\u00eatre employ\u00e9 avec des douilles UNI-LOC\u1d39\u1d30 press\u00e9es et ferm\u00e9es et avec des [&hellip;]","og_url":"https:\/\/www.unirope.com\/fr\/produits\/cables\/wire-rope-end-attachments\/terminator-wedge-socket\/","og_site_name":"Unirope Ltd.","article_modified_time":"2020-04-13T21:39:38+00:00","og_image":[{"url":"https:\/\/www.unirope.com\/wp-content\/uploads\/2012\/06\/crosby_logo.gif"}],"twitter_misc":{"Dur\u00e9e de lecture estim\u00e9e":"1 minute"},"schema":{"@context":"https:\/\/schema.org","@graph":[{"@type":"Organization","@id":"https:\/\/www.unirope.com\/#organization","name":"Unirope Ltd","url":"https:\/\/www.unirope.com\/","sameAs":["https:\/\/www.youtube.com\/channel\/UCYDjk5HBhJLEnptrBbQvjgg"],"logo":{"@type":"ImageObject","@id":"https:\/\/www.unirope.com\/#logo","inLanguage":"fr-FR","url":"https:\/\/www.unirope.com\/wp-content\/uploads\/2012\/06\/unirope_logo.gif","contentUrl":"https:\/\/www.unirope.com\/wp-content\/uploads\/2012\/06\/unirope_logo.gif","width":220,"height":50,"caption":"Unirope Ltd"},"image":{"@id":"https:\/\/www.unirope.com\/#logo"}},{"@type":"WebSite","@id":"https:\/\/www.unirope.com\/#website","url":"https:\/\/www.unirope.com\/","name":"Unirope Ltd.","description":"Wire Rope &amp; Rigging Products","publisher":{"@id":"https:\/\/www.unirope.com\/#organization"},"potentialAction":[{"@type":"SearchAction","target":{"@type":"EntryPoint","urlTemplate":"https:\/\/www.unirope.com\/?s={search_term_string}"},"query-input":"required name=search_term_string"}],"inLanguage":"fr-FR"},{"@type":"ImageObject","@id":"https:\/\/www.unirope.com\/fr\/produits\/cables\/wire-rope-end-attachments\/terminator-wedge-socket\/#primaryimage","inLanguage":"fr-FR","url":"\/wp-content\/uploads\/2012\/06\/crosby_logo.gif","contentUrl":"\/wp-content\/uploads\/2012\/06\/crosby_logo.gif"},{"@type":"WebPage","@id":"https:\/\/www.unirope.com\/fr\/produits\/cables\/wire-rope-end-attachments\/terminator-wedge-socket\/#webpage","url":"https:\/\/www.unirope.com\/fr\/produits\/cables\/wire-rope-end-attachments\/terminator-wedge-socket\/","name":"Culot \u00e0 coins TERMINATOR\u1d39\u1d30 - Unirope Ltd.","isPartOf":{"@id":"https:\/\/www.unirope.com\/#website"},"primaryImageOfPage":{"@id":"https:\/\/www.unirope.com\/fr\/produits\/cables\/wire-rope-end-attachments\/terminator-wedge-socket\/#primaryimage"},"datePublished":"2012-06-20T16:58:46+00:00","dateModified":"2020-04-13T21:39:38+00:00","breadcrumb":{"@id":"https:\/\/www.unirope.com\/fr\/produits\/cables\/wire-rope-end-attachments\/terminator-wedge-socket\/#breadcrumb"},"inLanguage":"fr-FR","potentialAction":[{"@type":"ReadAction","target":["https:\/\/www.unirope.com\/fr\/produits\/cables\/wire-rope-end-attachments\/terminator-wedge-socket\/"]}]},{"@type":"BreadcrumbList","@id":"https:\/\/www.unirope.com\/fr\/produits\/cables\/wire-rope-end-attachments\/terminator-wedge-socket\/#breadcrumb","itemListElement":[{"@type":"ListItem","position":1,"name":"Home","item":"https:\/\/www.unirope.com\/fr\/"},{"@type":"ListItem","position":2,"name":"Produits","item":"https:\/\/www.unirope.com\/fr\/produits\/"},{"@type":"ListItem","position":3,"name":"C\u00e2bles","item":"https:\/\/www.unirope.com\/fr\/produits\/cables\/"},{"@type":"ListItem","position":4,"name":"Accessoires c\u00e2ble m\u00e9tallique fin","item":"https:\/\/www.unirope.com\/fr\/produits\/cables\/wire-rope-end-attachments\/"},{"@type":"ListItem","position":5,"name":"Culot \u00e0 coins TERMINATOR\u1d39\u1d30"}]}]}},"_links":{"self":[{"href":"https:\/\/www.unirope.com\/fr\/wp-json\/wp\/v2\/pages\/7298"}],"collection":[{"href":"https:\/\/www.unirope.com\/fr\/wp-json\/wp\/v2\/pages"}],"about":[{"href":"https:\/\/www.unirope.com\/fr\/wp-json\/wp\/v2\/types\/page"}],"author":[{"embeddable":true,"href":"https:\/\/www.unirope.com\/fr\/wp-json\/wp\/v2\/users\/1"}],"replies":[{"embeddable":true,"href":"https:\/\/www.unirope.com\/fr\/wp-json\/wp\/v2\/comments?post=7298"}],"version-history":[{"count":0,"href":"https:\/\/www.unirope.com\/fr\/wp-json\/wp\/v2\/pages\/7298\/revisions"}],"up":[{"embeddable":true,"href":"https:\/\/www.unirope.com\/fr\/wp-json\/wp\/v2\/pages\/7249"}],"wp:attachment":[{"href":"https:\/\/www.unirope.com\/fr\/wp-json\/wp\/v2\/media?parent=7298"}],"curies":[{"name":"wp","href":"https:\/\/api.w.org\/{rel}","templated":true}]}}