{"id":7249,"date":"2012-05-30T17:42:28","date_gmt":"2012-05-30T17:42:28","guid":{"rendered":"https:\/\/www.unirope.com\/?page_id=7249"},"modified":"2020-04-08T21:19:23","modified_gmt":"2020-04-08T21:19:23","slug":"wire-rope-end-attachments","status":"publish","type":"page","link":"https:\/\/www.unirope.com\/fr\/produits\/cables\/wire-rope-end-attachments\/","title":{"rendered":"Accessoires c\u00e2ble m\u00e9tallique fin"},"content":{"rendered":"<p><img loading=\"lazy\" src=\"https:\/\/www.unirope.com\/wp-content\/uploads\/2012\/05\/main_endattachm_1.jpg\" alt=\"main_endattachm_1\" width=\"130\" height=\"125\" class=\"right\" \/>Une comp\u00e9tence essentielle d\u2019Unirope est la fabrication d\u2019attaches et leur fixation aux extr\u00e9mit\u00e9s des c\u00e2bles m\u00e9talliques. Depuis le d\u00e9but des ann\u00e9es 1960, nous avons offert ce service et avons depuis lors acquis une expertise sans \u00e9gale ainsi que de l\u2019exp\u00e9rience technique dans ce domaine. Qu\u2019il s\u2019agisse de fabriquer une \u00e9pissure \u00e0 \u0153il \u00e0 la flamande qui constitue le fondement d\u2019une \u00e9lingue de levage ou des attaches complexes destin\u00e9es \u00e0 des solutions de levage calcul\u00e9es, nous sommes le partenaire qu\u2019il vous faut.<\/p>\n<p><img loading=\"lazy\" src=\"https:\/\/www.unirope.com\/wp-content\/uploads\/2012\/05\/main_endattachm_2.jpg\" alt=\"main_endattachm_2\" width=\"130\" height=\"118\" class=\"left\" \/>Notre atelier de fabrication a \u00e9t\u00e9 sp\u00e9cialement con\u00e7u pour ex\u00e9cuter de telles t\u00e2ches. Notre service des c\u00e2bles m\u00e9talliques a un total de 11 matrices de capacit\u00e9s comprises entre 35 et 1 500 tonnes. Elles nous permettent de sertir un c\u00e2ble de diam\u00e8tre pouvant atteindre 2 po 1\/2 dans une attache, ou de fixer un c\u00e2ble de diam\u00e8tre pouvant atteindre 6 po \u00e0 un culot. Nos processus sont conformes aux normes \u00e9tablies par des fournisseurs d\u2019attaches reconnus (Crosby, OnePress) ainsi qu\u2019\u00e0 des sp\u00e9cifications internationales comme DIN 3092\/3093\/3088, ISO, et EN 13411. Dans notre usine, le processus de fabrication est r\u00e9gi par la norme de qualit\u00e9 ISO 9001.<\/p>\n<p>Tous nos produits UNI-LOCMD \u00e0 c\u00e2ble embouti sont fabriqu\u00e9s dans nos installations. Cela nous permet de produire aussi bien de petites que de grandes quantit\u00e9s. Que vous ayez besoin d\u2019un seul ensemble ou de mille, nous pouvons le ou les fabriquer ici, dans les installations d\u2019Unirope. La v\u00e9rification de nos produits est une partie int\u00e9grante de notre processus de fourniture de ces produits. Votre ensemble c\u00e2bl\u00e9 doit fonctionner pour vous pendant tout son cycle de vie. Unirope a investi dans l\u2019\u00e9quipement d\u2019essai le plus moderne, le plus complet et le plus sp\u00e9cialis\u00e9 au Canada. Nous conduisons des essais cycliques, de rupture et de r\u00e9sistance \u00e0 la rupture par traction, de contr\u00f4le magn\u00e9toscopique et d\u2019\u00e9longation. S\u2019il y a lieu, nous pouvons d\u00e9terminer le module d\u2019\u00e9lasticit\u00e9 d\u2019une longueur particuli\u00e8re de c\u00e2ble m\u00e9tallique.<\/p>\n<p>Par cons\u00e9quent, si vous voulez traiter avec des experts, avec ceux \u00ab qui savent \u00bb, ainsi qu\u2019avec des gens \u00e0 l\u2019esprit d\u2019\u00e9quipe qui manquent rarement d\u2019id\u00e9es novatrices, appelez-nous&#8230; et vous ne serez pas surpris de constater que nous connaissons nos c\u00e2bles!<\/p>\n","protected":false},"excerpt":{"rendered":"<p>Une comp\u00e9tence essentielle d\u2019Unirope est la fabrication d\u2019attaches et leur fixation aux extr\u00e9mit\u00e9s des c\u00e2bles m\u00e9talliques. Depuis le d\u00e9but des ann\u00e9es 1960, nous avons offert ce service et avons depuis lors acquis une expertise sans \u00e9gale ainsi que de l\u2019exp\u00e9rience technique dans ce domaine. Qu\u2019il s\u2019agisse de fabriquer une \u00e9pissure \u00e0 \u0153il \u00e0 la flamande [&hellip;]<\/p>\n","protected":false},"author":1,"featured_media":0,"parent":5404,"menu_order":0,"comment_status":"open","ping_status":"closed","template":"","meta":[],"yoast_head":"<!-- This site is optimized with the Yoast SEO plugin v18.1 - https:\/\/yoast.com\/wordpress\/plugins\/seo\/ -->\n<meta name=\"robots\" content=\"index, follow, max-snippet:-1, max-image-preview:large, max-video-preview:-1\" \/>\n<link rel=\"canonical\" href=\"https:\/\/www.unirope.com\/fr\/produits\/cables\/wire-rope-end-attachments\/\" \/>\n<meta property=\"og:locale\" content=\"fr_FR\" \/>\n<meta property=\"og:type\" content=\"article\" \/>\n<meta property=\"og:title\" content=\"Accessoires c\u00e2ble m\u00e9tallique fin - Unirope Ltd.\" \/>\n<meta property=\"og:description\" content=\"Une comp\u00e9tence essentielle d\u2019Unirope est la fabrication d\u2019attaches et leur fixation aux extr\u00e9mit\u00e9s des c\u00e2bles m\u00e9talliques. Depuis le d\u00e9but des ann\u00e9es 1960, nous avons offert ce service et avons depuis lors acquis une expertise sans \u00e9gale ainsi que de l\u2019exp\u00e9rience technique dans ce domaine. Qu\u2019il s\u2019agisse de fabriquer une \u00e9pissure \u00e0 \u0153il \u00e0 la flamande [&hellip;]\" \/>\n<meta property=\"og:url\" content=\"https:\/\/www.unirope.com\/fr\/produits\/cables\/wire-rope-end-attachments\/\" \/>\n<meta property=\"og:site_name\" content=\"Unirope Ltd.\" \/>\n<meta property=\"article:modified_time\" content=\"2020-04-08T21:19:23+00:00\" \/>\n<meta property=\"og:image\" content=\"https:\/\/www.unirope.com\/wp-content\/uploads\/2012\/05\/main_endattachm_1.jpg\" \/>\n<meta name=\"twitter:label1\" content=\"Dur\u00e9e de lecture estim\u00e9e\" \/>\n\t<meta name=\"twitter:data1\" content=\"2 minutes\" \/>\n<script type=\"application\/ld+json\" class=\"yoast-schema-graph\">{\"@context\":\"https:\/\/schema.org\",\"@graph\":[{\"@type\":\"Organization\",\"@id\":\"https:\/\/www.unirope.com\/#organization\",\"name\":\"Unirope Ltd\",\"url\":\"https:\/\/www.unirope.com\/\",\"sameAs\":[\"https:\/\/www.youtube.com\/channel\/UCYDjk5HBhJLEnptrBbQvjgg\"],\"logo\":{\"@type\":\"ImageObject\",\"@id\":\"https:\/\/www.unirope.com\/#logo\",\"inLanguage\":\"fr-FR\",\"url\":\"https:\/\/www.unirope.com\/wp-content\/uploads\/2012\/06\/unirope_logo.gif\",\"contentUrl\":\"https:\/\/www.unirope.com\/wp-content\/uploads\/2012\/06\/unirope_logo.gif\",\"width\":220,\"height\":50,\"caption\":\"Unirope Ltd\"},\"image\":{\"@id\":\"https:\/\/www.unirope.com\/#logo\"}},{\"@type\":\"WebSite\",\"@id\":\"https:\/\/www.unirope.com\/#website\",\"url\":\"https:\/\/www.unirope.com\/\",\"name\":\"Unirope Ltd.\",\"description\":\"Wire Rope &amp; Rigging Products\",\"publisher\":{\"@id\":\"https:\/\/www.unirope.com\/#organization\"},\"potentialAction\":[{\"@type\":\"SearchAction\",\"target\":{\"@type\":\"EntryPoint\",\"urlTemplate\":\"https:\/\/www.unirope.com\/?s={search_term_string}\"},\"query-input\":\"required name=search_term_string\"}],\"inLanguage\":\"fr-FR\"},{\"@type\":\"ImageObject\",\"@id\":\"https:\/\/www.unirope.com\/fr\/produits\/cables\/wire-rope-end-attachments\/#primaryimage\",\"inLanguage\":\"fr-FR\",\"url\":\"https:\/\/www.unirope.com\/wp-content\/uploads\/2012\/05\/main_endattachm_1.jpg\",\"contentUrl\":\"https:\/\/www.unirope.com\/wp-content\/uploads\/2012\/05\/main_endattachm_1.jpg\",\"width\":130,\"height\":125},{\"@type\":\"WebPage\",\"@id\":\"https:\/\/www.unirope.com\/fr\/produits\/cables\/wire-rope-end-attachments\/#webpage\",\"url\":\"https:\/\/www.unirope.com\/fr\/produits\/cables\/wire-rope-end-attachments\/\",\"name\":\"Accessoires c\u00e2ble m\u00e9tallique fin - Unirope Ltd.\",\"isPartOf\":{\"@id\":\"https:\/\/www.unirope.com\/#website\"},\"primaryImageOfPage\":{\"@id\":\"https:\/\/www.unirope.com\/fr\/produits\/cables\/wire-rope-end-attachments\/#primaryimage\"},\"datePublished\":\"2012-05-30T17:42:28+00:00\",\"dateModified\":\"2020-04-08T21:19:23+00:00\",\"breadcrumb\":{\"@id\":\"https:\/\/www.unirope.com\/fr\/produits\/cables\/wire-rope-end-attachments\/#breadcrumb\"},\"inLanguage\":\"fr-FR\",\"potentialAction\":[{\"@type\":\"ReadAction\",\"target\":[\"https:\/\/www.unirope.com\/fr\/produits\/cables\/wire-rope-end-attachments\/\"]}]},{\"@type\":\"BreadcrumbList\",\"@id\":\"https:\/\/www.unirope.com\/fr\/produits\/cables\/wire-rope-end-attachments\/#breadcrumb\",\"itemListElement\":[{\"@type\":\"ListItem\",\"position\":1,\"name\":\"Home\",\"item\":\"https:\/\/www.unirope.com\/fr\/\"},{\"@type\":\"ListItem\",\"position\":2,\"name\":\"Produits\",\"item\":\"https:\/\/www.unirope.com\/fr\/produits\/\"},{\"@type\":\"ListItem\",\"position\":3,\"name\":\"C\u00e2bles\",\"item\":\"https:\/\/www.unirope.com\/fr\/produits\/cables\/\"},{\"@type\":\"ListItem\",\"position\":4,\"name\":\"Accessoires c\u00e2ble m\u00e9tallique fin\"}]}]}<\/script>\n<!-- \/ Yoast SEO plugin. -->","yoast_head_json":{"robots":{"index":"index","follow":"follow","max-snippet":"max-snippet:-1","max-image-preview":"max-image-preview:large","max-video-preview":"max-video-preview:-1"},"canonical":"https:\/\/www.unirope.com\/fr\/produits\/cables\/wire-rope-end-attachments\/","og_locale":"fr_FR","og_type":"article","og_title":"Accessoires c\u00e2ble m\u00e9tallique fin - Unirope Ltd.","og_description":"Une comp\u00e9tence essentielle d\u2019Unirope est la fabrication d\u2019attaches et leur fixation aux extr\u00e9mit\u00e9s des c\u00e2bles m\u00e9talliques. Depuis le d\u00e9but des ann\u00e9es 1960, nous avons offert ce service et avons depuis lors acquis une expertise sans \u00e9gale ainsi que de l\u2019exp\u00e9rience technique dans ce domaine. Qu\u2019il s\u2019agisse de fabriquer une \u00e9pissure \u00e0 \u0153il \u00e0 la flamande [&hellip;]","og_url":"https:\/\/www.unirope.com\/fr\/produits\/cables\/wire-rope-end-attachments\/","og_site_name":"Unirope Ltd.","article_modified_time":"2020-04-08T21:19:23+00:00","og_image":[{"url":"https:\/\/www.unirope.com\/wp-content\/uploads\/2012\/05\/main_endattachm_1.jpg"}],"twitter_misc":{"Dur\u00e9e de lecture estim\u00e9e":"2 minutes"},"schema":{"@context":"https:\/\/schema.org","@graph":[{"@type":"Organization","@id":"https:\/\/www.unirope.com\/#organization","name":"Unirope Ltd","url":"https:\/\/www.unirope.com\/","sameAs":["https:\/\/www.youtube.com\/channel\/UCYDjk5HBhJLEnptrBbQvjgg"],"logo":{"@type":"ImageObject","@id":"https:\/\/www.unirope.com\/#logo","inLanguage":"fr-FR","url":"https:\/\/www.unirope.com\/wp-content\/uploads\/2012\/06\/unirope_logo.gif","contentUrl":"https:\/\/www.unirope.com\/wp-content\/uploads\/2012\/06\/unirope_logo.gif","width":220,"height":50,"caption":"Unirope Ltd"},"image":{"@id":"https:\/\/www.unirope.com\/#logo"}},{"@type":"WebSite","@id":"https:\/\/www.unirope.com\/#website","url":"https:\/\/www.unirope.com\/","name":"Unirope Ltd.","description":"Wire Rope &amp; Rigging Products","publisher":{"@id":"https:\/\/www.unirope.com\/#organization"},"potentialAction":[{"@type":"SearchAction","target":{"@type":"EntryPoint","urlTemplate":"https:\/\/www.unirope.com\/?s={search_term_string}"},"query-input":"required name=search_term_string"}],"inLanguage":"fr-FR"},{"@type":"ImageObject","@id":"https:\/\/www.unirope.com\/fr\/produits\/cables\/wire-rope-end-attachments\/#primaryimage","inLanguage":"fr-FR","url":"https:\/\/www.unirope.com\/wp-content\/uploads\/2012\/05\/main_endattachm_1.jpg","contentUrl":"https:\/\/www.unirope.com\/wp-content\/uploads\/2012\/05\/main_endattachm_1.jpg","width":130,"height":125},{"@type":"WebPage","@id":"https:\/\/www.unirope.com\/fr\/produits\/cables\/wire-rope-end-attachments\/#webpage","url":"https:\/\/www.unirope.com\/fr\/produits\/cables\/wire-rope-end-attachments\/","name":"Accessoires c\u00e2ble m\u00e9tallique fin - Unirope Ltd.","isPartOf":{"@id":"https:\/\/www.unirope.com\/#website"},"primaryImageOfPage":{"@id":"https:\/\/www.unirope.com\/fr\/produits\/cables\/wire-rope-end-attachments\/#primaryimage"},"datePublished":"2012-05-30T17:42:28+00:00","dateModified":"2020-04-08T21:19:23+00:00","breadcrumb":{"@id":"https:\/\/www.unirope.com\/fr\/produits\/cables\/wire-rope-end-attachments\/#breadcrumb"},"inLanguage":"fr-FR","potentialAction":[{"@type":"ReadAction","target":["https:\/\/www.unirope.com\/fr\/produits\/cables\/wire-rope-end-attachments\/"]}]},{"@type":"BreadcrumbList","@id":"https:\/\/www.unirope.com\/fr\/produits\/cables\/wire-rope-end-attachments\/#breadcrumb","itemListElement":[{"@type":"ListItem","position":1,"name":"Home","item":"https:\/\/www.unirope.com\/fr\/"},{"@type":"ListItem","position":2,"name":"Produits","item":"https:\/\/www.unirope.com\/fr\/produits\/"},{"@type":"ListItem","position":3,"name":"C\u00e2bles","item":"https:\/\/www.unirope.com\/fr\/produits\/cables\/"},{"@type":"ListItem","position":4,"name":"Accessoires c\u00e2ble m\u00e9tallique fin"}]}]}},"_links":{"self":[{"href":"https:\/\/www.unirope.com\/fr\/wp-json\/wp\/v2\/pages\/7249"}],"collection":[{"href":"https:\/\/www.unirope.com\/fr\/wp-json\/wp\/v2\/pages"}],"about":[{"href":"https:\/\/www.unirope.com\/fr\/wp-json\/wp\/v2\/types\/page"}],"author":[{"embeddable":true,"href":"https:\/\/www.unirope.com\/fr\/wp-json\/wp\/v2\/users\/1"}],"replies":[{"embeddable":true,"href":"https:\/\/www.unirope.com\/fr\/wp-json\/wp\/v2\/comments?post=7249"}],"version-history":[{"count":0,"href":"https:\/\/www.unirope.com\/fr\/wp-json\/wp\/v2\/pages\/7249\/revisions"}],"up":[{"embeddable":true,"href":"https:\/\/www.unirope.com\/fr\/wp-json\/wp\/v2\/pages\/5404"}],"wp:attachment":[{"href":"https:\/\/www.unirope.com\/fr\/wp-json\/wp\/v2\/media?parent=7249"}],"curies":[{"name":"wp","href":"https:\/\/api.w.org\/{rel}","templated":true}]}}