{"id":7061,"date":"2012-09-11T17:11:32","date_gmt":"2012-09-11T17:11:32","guid":{"rendered":"https:\/\/www.unirope.com\/?page_id=7061"},"modified":"2019-09-17T17:50:13","modified_gmt":"2019-09-17T17:50:13","slug":"use-of-choker-and-basket-hitches","status":"publish","type":"page","link":"https:\/\/www.unirope.com\/fr\/produits\/elingues\/elingues-en-cable-metallique\/rigging-guidelines\/use-of-choker-and-basket-hitches\/","title":{"rendered":"Attelage \u00e0 collier \u00e9trangleur et attelage en panier"},"content":{"rendered":"<table class=\"generic-table2\" width=\"100%\" border=\"0\" cellspacing=\"0\" cellpadding=\"0\">\n<tr>\n<td width=\"170\" class=\"body-text-size\">Pour les charges importantes, une \u00e9lingue dot\u00e9e d\u2019une bride \u00e0 branche quadruple peut \u00eatre modifi\u00e9e en une \u00e9lingue \u00e0 double panier en lui ajoutant 2 \u00e9lingues \u00e0 branche unique. Ces \u00e9lingues \u00e0 branche unique peuvent avoir un diam\u00e8tre plus large pour mieux r\u00e9sister aux conditions de charge. De plus, elles sont moins co\u00fbteuses \u00e0 remplacer qu\u2019une \u00e9lingue \u00e0 branche quadruple.<\/td>\n<td width=\"20\">&nbsp;<\/td>\n<td colspan=\"3\" rowspan=\"3\"><img loading=\"lazy\" src=\"\/wp-content\/themes\/unirope\/img\/product-images\/wire-rope-slings\/wrs_use_of_choker_and_basket_hitches_1.gif\" width=\"190\" height=\"228\" \/><\/td>\n<td width=\"190\" rowspan=\"3\"><img src=\"\/wp-content\/themes\/unirope\/img\/product-images\/wire-rope-slings\/wrs_use_of_choker_and_basket_hitches_2-fr.jpg\" width=\"190\" \/><\/td>\n<\/tr>\n<tr>\n<td>&nbsp;<\/td>\n<td>&nbsp;<\/td>\n<\/tr>\n<tr>\n<td rowspan=\"3\"><img loading=\"lazy\" src=\"\/wp-content\/themes\/unirope\/img\/product-images\/wire-rope-slings\/wrs_use_of_choker_and_basket_hitches_3.gif\" width=\"170\" height=\"169\" \/><\/td>\n<td>&nbsp;<\/td>\n<\/tr>\n<tr>\n<td>&nbsp;<\/td>\n<td width=\"85\">&nbsp;<\/td>\n<td width=\"20\">&nbsp;<\/td>\n<td width=\"85\">&nbsp;<\/td>\n<td>&nbsp;<\/td>\n<\/tr>\n<tr>\n<td>&nbsp;<\/td>\n<td colspan=\"3\" class=\"body-text-size\">Selon la charge, un simple attelage en panier risque de ne pas \u00eatre suffisant pour stabiliser la charge. Il y a un risque que la charge glisse hors de l\u2019\u00e9lingue.<\/td>\n<td>&nbsp;<\/td>\n<\/tr>\n<tr>\n<td>&nbsp;<\/td>\n<td>&nbsp;<\/td>\n<td>&nbsp;<\/td>\n<td>&nbsp;<\/td>\n<td>&nbsp;<\/td>\n<td>&nbsp;<\/td>\n<\/tr>\n<tr>\n<td colspan=\"3\">&nbsp;<\/td>\n<td>&nbsp;<\/td>\n<td colspan=\"2\">&nbsp;<\/td>\n<\/tr>\n<tr>\n<td colspan=\"3\"><img loading=\"lazy\" src=\"\/wp-content\/themes\/unirope\/img\/product-images\/wire-rope-slings\/wrs_use_of_choker_and_basket_hitches_4.gif\" width=\"275\" height=\"165\" \/><\/td>\n<td>&nbsp;<\/td>\n<td colspan=\"2\"><img loading=\"lazy\" src=\"\/wp-content\/themes\/unirope\/img\/product-images\/wire-rope-slings\/wrs_use_of_choker_and_basket_hitches_5.gif\" width=\"275\" height=\"165\" \/><\/td>\n<\/tr>\n<tr>\n<td colspan=\"3\">&nbsp;<\/td>\n<td>&nbsp;<\/td>\n<td colspan=\"2\">&nbsp;<\/td>\n<\/tr>\n<tr>\n<td colspan=\"3\" class=\"body-text-size\">Les attelages \u00e0 collier \u00e9trangleur standard procurent un meilleur contr\u00f4le de la charge si celle-ci est petite. Pour soulever un ensemble de charges de plus grande dimension, il y a un risque qu\u2019une partie de la charge glisse hors de l\u2019\u00e9lingue. Comme on peut le voir sur l\u2019illustration, un attelage \u00e0 collier \u00e9trangleur standard comprime la charge sur trois c\u00f4t\u00e9s seulement.<\/td>\n<td>&nbsp;<\/td>\n<td colspan=\"2\" class=\"body-text-size\">Une meilleure fa\u00e7on de faire le m\u00eame levage. Utilisez un attelage \u00e0 double collier \u00e9trangleur et, pour les longues charges, utilisez 2 \u00e9lingues. Le double enveloppage compresse la charge sur les 4 c\u00f4t\u00e9s et permet un bien meilleur contr\u00f4le de la charge.<\/td>\n<\/tr>\n<tr>\n<td colspan=\"3\">&nbsp;<\/td>\n<td>&nbsp;<\/td>\n<td colspan=\"2\">&nbsp;<\/td>\n<\/tr>\n<tr>\n<td colspan=\"3\"><img loading=\"lazy\" src=\"\/wp-content\/themes\/unirope\/img\/product-images\/wire-rope-slings\/wrs_use_of_choker_and_basket_hitches_7.gif\" width=\"275\" height=\"165\" \/><\/td>\n<td>&nbsp;<\/td>\n<td colspan=\"2\"><img loading=\"lazy\" src=\"\/wp-content\/themes\/unirope\/img\/product-images\/wire-rope-slings\/wrs_use_of_choker_and_basket_hitches_6.gif\" width=\"275\" height=\"165\" \/><\/td>\n<\/tr>\n<tr>\n<td colspan=\"3\">&nbsp;<\/td>\n<td>&nbsp;<\/td>\n<td colspan=\"2\">&nbsp;<\/td>\n<\/tr>\n<tr>\n<td colspan=\"3\" class=\"body-text-size\">Lorsque vous utilisez un attelage en panier, vous devez prendre l\u2019angle de l\u2019\u00e9lingue en compte. Assurezvous de prot\u00e9ger ad\u00e9quatement la charge pour \u00e9viter d\u2019endommager l\u2019\u00e9lingue.<\/td>\n<td>&nbsp;<\/td>\n<td colspan=\"2\" class=\"body-text-size\">M\u00eame principe que ci-dessus, mais nous utilisons ici un attelage simple \u00e0 double enveloppage. Les deux boucles d\u2019\u00e9lingue sont plac\u00e9es dans le crochet. Vous n\u2019avez pas \u00e0 prendre en consid\u00e9ration les facteurs de r\u00e9duction d\u2019un attelage \u00e0 collier \u00e9trangleur, mais lorsque la charge devient plus grande vous devez consid\u00e9rer une r\u00e9duction de la capacit\u00e9 de l\u2019\u00e9lingue en raison du facteur d\u2019obliquit\u00e9 (FO).<\/td>\n<\/tr>\n<\/table>\n","protected":false},"excerpt":{"rendered":"<p>Pour les charges importantes, une \u00e9lingue dot\u00e9e d\u2019une bride \u00e0 branche quadruple peut \u00eatre modifi\u00e9e en une \u00e9lingue \u00e0 double panier en lui ajoutant 2 \u00e9lingues \u00e0 branche unique. Ces \u00e9lingues \u00e0 branche unique peuvent avoir un diam\u00e8tre plus large pour mieux r\u00e9sister aux conditions de charge. De plus, elles sont moins co\u00fbteuses \u00e0 remplacer [&hellip;]<\/p>\n","protected":false},"author":1,"featured_media":0,"parent":7049,"menu_order":0,"comment_status":"open","ping_status":"open","template":"","meta":[],"yoast_head":"<!-- This site is optimized with the Yoast SEO plugin v18.1 - https:\/\/yoast.com\/wordpress\/plugins\/seo\/ -->\n<meta name=\"robots\" content=\"index, follow, max-snippet:-1, max-image-preview:large, max-video-preview:-1\" \/>\n<link rel=\"canonical\" href=\"https:\/\/www.unirope.com\/fr\/produits\/elingues\/elingues-en-cable-metallique\/rigging-guidelines\/use-of-choker-and-basket-hitches\/\" \/>\n<meta property=\"og:locale\" content=\"fr_FR\" \/>\n<meta property=\"og:type\" content=\"article\" \/>\n<meta property=\"og:title\" content=\"Attelage \u00e0 collier \u00e9trangleur et attelage en panier - Unirope Ltd.\" \/>\n<meta property=\"og:description\" content=\"Pour les charges importantes, une \u00e9lingue dot\u00e9e d\u2019une bride \u00e0 branche quadruple peut \u00eatre modifi\u00e9e en une \u00e9lingue \u00e0 double panier en lui ajoutant 2 \u00e9lingues \u00e0 branche unique. Ces \u00e9lingues \u00e0 branche unique peuvent avoir un diam\u00e8tre plus large pour mieux r\u00e9sister aux conditions de charge. De plus, elles sont moins co\u00fbteuses \u00e0 remplacer [&hellip;]\" \/>\n<meta property=\"og:url\" content=\"https:\/\/www.unirope.com\/fr\/produits\/elingues\/elingues-en-cable-metallique\/rigging-guidelines\/use-of-choker-and-basket-hitches\/\" \/>\n<meta property=\"og:site_name\" content=\"Unirope Ltd.\" \/>\n<meta property=\"article:modified_time\" content=\"2019-09-17T17:50:13+00:00\" \/>\n<meta property=\"og:image\" content=\"https:\/\/www.unirope.com\/wp-content\/themes\/unirope\/img\/product-images\/wire-rope-slings\/wrs_use_of_choker_and_basket_hitches_1.gif\" \/>\n<meta name=\"twitter:label1\" content=\"Dur\u00e9e de lecture estim\u00e9e\" \/>\n\t<meta name=\"twitter:data1\" content=\"2 minutes\" \/>\n<script type=\"application\/ld+json\" class=\"yoast-schema-graph\">{\"@context\":\"https:\/\/schema.org\",\"@graph\":[{\"@type\":\"Organization\",\"@id\":\"https:\/\/www.unirope.com\/#organization\",\"name\":\"Unirope Ltd\",\"url\":\"https:\/\/www.unirope.com\/\",\"sameAs\":[\"https:\/\/www.youtube.com\/channel\/UCYDjk5HBhJLEnptrBbQvjgg\"],\"logo\":{\"@type\":\"ImageObject\",\"@id\":\"https:\/\/www.unirope.com\/#logo\",\"inLanguage\":\"fr-FR\",\"url\":\"https:\/\/www.unirope.com\/wp-content\/uploads\/2012\/06\/unirope_logo.gif\",\"contentUrl\":\"https:\/\/www.unirope.com\/wp-content\/uploads\/2012\/06\/unirope_logo.gif\",\"width\":220,\"height\":50,\"caption\":\"Unirope Ltd\"},\"image\":{\"@id\":\"https:\/\/www.unirope.com\/#logo\"}},{\"@type\":\"WebSite\",\"@id\":\"https:\/\/www.unirope.com\/#website\",\"url\":\"https:\/\/www.unirope.com\/\",\"name\":\"Unirope Ltd.\",\"description\":\"Wire Rope &amp; Rigging Products\",\"publisher\":{\"@id\":\"https:\/\/www.unirope.com\/#organization\"},\"potentialAction\":[{\"@type\":\"SearchAction\",\"target\":{\"@type\":\"EntryPoint\",\"urlTemplate\":\"https:\/\/www.unirope.com\/?s={search_term_string}\"},\"query-input\":\"required name=search_term_string\"}],\"inLanguage\":\"fr-FR\"},{\"@type\":\"ImageObject\",\"@id\":\"https:\/\/www.unirope.com\/fr\/produits\/elingues\/elingues-en-cable-metallique\/rigging-guidelines\/use-of-choker-and-basket-hitches\/#primaryimage\",\"inLanguage\":\"fr-FR\",\"url\":\"\/wp-content\/themes\/unirope\/img\/product-images\/wire-rope-slings\/wrs_use_of_choker_and_basket_hitches_1.gif\",\"contentUrl\":\"\/wp-content\/themes\/unirope\/img\/product-images\/wire-rope-slings\/wrs_use_of_choker_and_basket_hitches_1.gif\"},{\"@type\":\"WebPage\",\"@id\":\"https:\/\/www.unirope.com\/fr\/produits\/elingues\/elingues-en-cable-metallique\/rigging-guidelines\/use-of-choker-and-basket-hitches\/#webpage\",\"url\":\"https:\/\/www.unirope.com\/fr\/produits\/elingues\/elingues-en-cable-metallique\/rigging-guidelines\/use-of-choker-and-basket-hitches\/\",\"name\":\"Attelage \u00e0 collier \u00e9trangleur et attelage en panier - Unirope Ltd.\",\"isPartOf\":{\"@id\":\"https:\/\/www.unirope.com\/#website\"},\"primaryImageOfPage\":{\"@id\":\"https:\/\/www.unirope.com\/fr\/produits\/elingues\/elingues-en-cable-metallique\/rigging-guidelines\/use-of-choker-and-basket-hitches\/#primaryimage\"},\"datePublished\":\"2012-09-11T17:11:32+00:00\",\"dateModified\":\"2019-09-17T17:50:13+00:00\",\"breadcrumb\":{\"@id\":\"https:\/\/www.unirope.com\/fr\/produits\/elingues\/elingues-en-cable-metallique\/rigging-guidelines\/use-of-choker-and-basket-hitches\/#breadcrumb\"},\"inLanguage\":\"fr-FR\",\"potentialAction\":[{\"@type\":\"ReadAction\",\"target\":[\"https:\/\/www.unirope.com\/fr\/produits\/elingues\/elingues-en-cable-metallique\/rigging-guidelines\/use-of-choker-and-basket-hitches\/\"]}]},{\"@type\":\"BreadcrumbList\",\"@id\":\"https:\/\/www.unirope.com\/fr\/produits\/elingues\/elingues-en-cable-metallique\/rigging-guidelines\/use-of-choker-and-basket-hitches\/#breadcrumb\",\"itemListElement\":[{\"@type\":\"ListItem\",\"position\":1,\"name\":\"Home\",\"item\":\"https:\/\/www.unirope.com\/fr\/\"},{\"@type\":\"ListItem\",\"position\":2,\"name\":\"Produits\",\"item\":\"https:\/\/www.unirope.com\/fr\/produits\/\"},{\"@type\":\"ListItem\",\"position\":3,\"name\":\"\u00c9lingues\",\"item\":\"https:\/\/www.unirope.com\/fr\/produits\/elingues\/\"},{\"@type\":\"ListItem\",\"position\":4,\"name\":\"\u00c9lingues en c\u00e2ble m\u00e9tallique\",\"item\":\"https:\/\/www.unirope.com\/fr\/produits\/elingues\/elingues-en-cable-metallique\/\"},{\"@type\":\"ListItem\",\"position\":5,\"name\":\"Le gr\u00e9ement les directives\",\"item\":\"https:\/\/www.unirope.com\/fr\/produits\/elingues\/elingues-en-cable-metallique\/rigging-guidelines\/\"},{\"@type\":\"ListItem\",\"position\":6,\"name\":\"Attelage \u00e0 collier \u00e9trangleur et attelage en panier\"}]}]}<\/script>\n<!-- \/ Yoast SEO plugin. -->","yoast_head_json":{"robots":{"index":"index","follow":"follow","max-snippet":"max-snippet:-1","max-image-preview":"max-image-preview:large","max-video-preview":"max-video-preview:-1"},"canonical":"https:\/\/www.unirope.com\/fr\/produits\/elingues\/elingues-en-cable-metallique\/rigging-guidelines\/use-of-choker-and-basket-hitches\/","og_locale":"fr_FR","og_type":"article","og_title":"Attelage \u00e0 collier \u00e9trangleur et attelage en panier - Unirope Ltd.","og_description":"Pour les charges importantes, une \u00e9lingue dot\u00e9e d\u2019une bride \u00e0 branche quadruple peut \u00eatre modifi\u00e9e en une \u00e9lingue \u00e0 double panier en lui ajoutant 2 \u00e9lingues \u00e0 branche unique. Ces \u00e9lingues \u00e0 branche unique peuvent avoir un diam\u00e8tre plus large pour mieux r\u00e9sister aux conditions de charge. De plus, elles sont moins co\u00fbteuses \u00e0 remplacer [&hellip;]","og_url":"https:\/\/www.unirope.com\/fr\/produits\/elingues\/elingues-en-cable-metallique\/rigging-guidelines\/use-of-choker-and-basket-hitches\/","og_site_name":"Unirope Ltd.","article_modified_time":"2019-09-17T17:50:13+00:00","og_image":[{"url":"https:\/\/www.unirope.com\/wp-content\/themes\/unirope\/img\/product-images\/wire-rope-slings\/wrs_use_of_choker_and_basket_hitches_1.gif"}],"twitter_misc":{"Dur\u00e9e de lecture estim\u00e9e":"2 minutes"},"schema":{"@context":"https:\/\/schema.org","@graph":[{"@type":"Organization","@id":"https:\/\/www.unirope.com\/#organization","name":"Unirope Ltd","url":"https:\/\/www.unirope.com\/","sameAs":["https:\/\/www.youtube.com\/channel\/UCYDjk5HBhJLEnptrBbQvjgg"],"logo":{"@type":"ImageObject","@id":"https:\/\/www.unirope.com\/#logo","inLanguage":"fr-FR","url":"https:\/\/www.unirope.com\/wp-content\/uploads\/2012\/06\/unirope_logo.gif","contentUrl":"https:\/\/www.unirope.com\/wp-content\/uploads\/2012\/06\/unirope_logo.gif","width":220,"height":50,"caption":"Unirope Ltd"},"image":{"@id":"https:\/\/www.unirope.com\/#logo"}},{"@type":"WebSite","@id":"https:\/\/www.unirope.com\/#website","url":"https:\/\/www.unirope.com\/","name":"Unirope Ltd.","description":"Wire Rope &amp; Rigging Products","publisher":{"@id":"https:\/\/www.unirope.com\/#organization"},"potentialAction":[{"@type":"SearchAction","target":{"@type":"EntryPoint","urlTemplate":"https:\/\/www.unirope.com\/?s={search_term_string}"},"query-input":"required name=search_term_string"}],"inLanguage":"fr-FR"},{"@type":"ImageObject","@id":"https:\/\/www.unirope.com\/fr\/produits\/elingues\/elingues-en-cable-metallique\/rigging-guidelines\/use-of-choker-and-basket-hitches\/#primaryimage","inLanguage":"fr-FR","url":"\/wp-content\/themes\/unirope\/img\/product-images\/wire-rope-slings\/wrs_use_of_choker_and_basket_hitches_1.gif","contentUrl":"\/wp-content\/themes\/unirope\/img\/product-images\/wire-rope-slings\/wrs_use_of_choker_and_basket_hitches_1.gif"},{"@type":"WebPage","@id":"https:\/\/www.unirope.com\/fr\/produits\/elingues\/elingues-en-cable-metallique\/rigging-guidelines\/use-of-choker-and-basket-hitches\/#webpage","url":"https:\/\/www.unirope.com\/fr\/produits\/elingues\/elingues-en-cable-metallique\/rigging-guidelines\/use-of-choker-and-basket-hitches\/","name":"Attelage \u00e0 collier \u00e9trangleur et attelage en panier - Unirope Ltd.","isPartOf":{"@id":"https:\/\/www.unirope.com\/#website"},"primaryImageOfPage":{"@id":"https:\/\/www.unirope.com\/fr\/produits\/elingues\/elingues-en-cable-metallique\/rigging-guidelines\/use-of-choker-and-basket-hitches\/#primaryimage"},"datePublished":"2012-09-11T17:11:32+00:00","dateModified":"2019-09-17T17:50:13+00:00","breadcrumb":{"@id":"https:\/\/www.unirope.com\/fr\/produits\/elingues\/elingues-en-cable-metallique\/rigging-guidelines\/use-of-choker-and-basket-hitches\/#breadcrumb"},"inLanguage":"fr-FR","potentialAction":[{"@type":"ReadAction","target":["https:\/\/www.unirope.com\/fr\/produits\/elingues\/elingues-en-cable-metallique\/rigging-guidelines\/use-of-choker-and-basket-hitches\/"]}]},{"@type":"BreadcrumbList","@id":"https:\/\/www.unirope.com\/fr\/produits\/elingues\/elingues-en-cable-metallique\/rigging-guidelines\/use-of-choker-and-basket-hitches\/#breadcrumb","itemListElement":[{"@type":"ListItem","position":1,"name":"Home","item":"https:\/\/www.unirope.com\/fr\/"},{"@type":"ListItem","position":2,"name":"Produits","item":"https:\/\/www.unirope.com\/fr\/produits\/"},{"@type":"ListItem","position":3,"name":"\u00c9lingues","item":"https:\/\/www.unirope.com\/fr\/produits\/elingues\/"},{"@type":"ListItem","position":4,"name":"\u00c9lingues en c\u00e2ble m\u00e9tallique","item":"https:\/\/www.unirope.com\/fr\/produits\/elingues\/elingues-en-cable-metallique\/"},{"@type":"ListItem","position":5,"name":"Le gr\u00e9ement les directives","item":"https:\/\/www.unirope.com\/fr\/produits\/elingues\/elingues-en-cable-metallique\/rigging-guidelines\/"},{"@type":"ListItem","position":6,"name":"Attelage \u00e0 collier \u00e9trangleur et attelage en panier"}]}]}},"_links":{"self":[{"href":"https:\/\/www.unirope.com\/fr\/wp-json\/wp\/v2\/pages\/7061"}],"collection":[{"href":"https:\/\/www.unirope.com\/fr\/wp-json\/wp\/v2\/pages"}],"about":[{"href":"https:\/\/www.unirope.com\/fr\/wp-json\/wp\/v2\/types\/page"}],"author":[{"embeddable":true,"href":"https:\/\/www.unirope.com\/fr\/wp-json\/wp\/v2\/users\/1"}],"replies":[{"embeddable":true,"href":"https:\/\/www.unirope.com\/fr\/wp-json\/wp\/v2\/comments?post=7061"}],"version-history":[{"count":0,"href":"https:\/\/www.unirope.com\/fr\/wp-json\/wp\/v2\/pages\/7061\/revisions"}],"up":[{"embeddable":true,"href":"https:\/\/www.unirope.com\/fr\/wp-json\/wp\/v2\/pages\/7049"}],"wp:attachment":[{"href":"https:\/\/www.unirope.com\/fr\/wp-json\/wp\/v2\/media?parent=7061"}],"curies":[{"name":"wp","href":"https:\/\/api.w.org\/{rel}","templated":true}]}}