{"id":7060,"date":"2012-09-11T17:11:10","date_gmt":"2012-09-11T17:11:10","guid":{"rendered":"https:\/\/www.unirope.com\/?page_id=7060"},"modified":"2019-11-24T18:43:29","modified_gmt":"2019-11-24T18:43:29","slug":"slings-and-eye-bolts","status":"publish","type":"page","link":"https:\/\/www.unirope.com\/fr\/produits\/elingues\/elingues-en-cable-metallique\/rigging-guidelines\/slings-and-eye-bolts\/","title":{"rendered":"\u00c9lingues et boulons \u00e0 \u0153il"},"content":{"rendered":"<table class=\"generic-table2\" style=\"width: 100%;\" border=\"0\" cellspacing=\"0\" cellpadding=\"0\">\n<tbody>\n<tr>\n<td width=\"20\"><\/td>\n<td width=\"80\"><\/td>\n<td width=\"165\"><\/td>\n<td><\/td>\n<td width=\"20\"><\/td>\n<td width=\"80\"><\/td>\n<td width=\"165\"><\/td>\n<\/tr>\n<tr>\n<td class=\"body-text-size\" colspan=\"7\"><span style=\"color: #cc0000;\"><strong>Plusieurs types d\u2019\u00e9quipements sont livr\u00e9s avec des pitons \u00e0 \u0152il ou sont \u00e9quip\u00e9s de pitons \u00e0 \u0152il pour des applications de levage. Certains facteurs sont \u00e0 consid\u00e9rer lorsque vous utilisez des pitons \u00e0 \u0152il:<\/strong><\/span><\/td>\n<\/tr>\n<tr style=\"height: 20px;\"><\/tr>\n<tr>\n<td>1)<\/td>\n<td class=\"body-text-size\" colspan=\"2\">La taille des filets, et NON PAS leur capacit\u00e9 nominale, est indiqu\u00e9e sur les pitons \u00e0 \u0152il. SEULS les anneaux de levage <strong><u>articul\u00e9s<\/u><\/strong> ont une indication de leur capacit\u00e9 nominale.<\/td>\n<td><\/td>\n<td>5)<\/td>\n<td class=\"body-text-size\" colspan=\"2\">N\u2019utilisez que des pitons \u00e0 \u0152il con\u00e7us pour les op\u00e9rations de LEVAGE. N\u2019utilisez pas de produits sans marque. Vous ne pouvez pas d\u00e9terminer la qualit\u00e9 de l\u2019acier par son apparence ou par sa conception.<\/td>\n<\/tr>\n<tr>\n<td colspan=\"7\"><\/td>\n<\/tr>\n<tr>\n<td rowspan=\"5\">2)<\/td>\n<td class=\"body-text-size\" colspan=\"2\" rowspan=\"5\">Si vous supposez qu\u2019un piton \u00e0 \u0152il standard a le m\u00eame facteur de perte de r\u00e9sistance \u00e0 l\u2019obliquit\u00e9 que votre \u00e9lingue, VOUS AVEZ TORT.<br \/>\nUne \u00e9lingue utilis\u00e9e \u00e0 un angle de 45\u00b0 par rapport \u00e0 l\u2019horizontale supporte <strong>71\u00a0%<\/strong> de sa capacit\u00e9 VERTICALE.<br \/>\nUn piton \u00e0 \u0152il standard utilis\u00e9 au m\u00eame angle de 45\u02da par rapport \u00e0 l\u2019horizontale supporte \u00e0 peine <strong>30\u00a0%<\/strong> de sa capacit\u00e9 VERTICALE. Le fait est important si vous manillez un piton \u00e0 \u0152il dans une \u00e9lingue et que vous pensez que si la capacit\u00e9 VERTICALE de l\u2019\u00e9lingue correspond \u00e0 la capacit\u00e9 VERTICALE du piton \u00e0 \u0152il, vous avez un assemblage s\u00e9curitaire. Rien ne saurait \u00eatre plus loin de la v\u00e9rit\u00e9!<\/td>\n<td><\/td>\n<td>6)<\/td>\n<td class=\"body-text-size\" colspan=\"2\">Utilisez des pitons \u00e0 \u0153il <strong><u>\u00e0 \u00e9paulement<\/u><\/strong> (m\u00e9caniques) pour les levages en angle.<\/td>\n<\/tr>\n<tr>\n<td colspan=\"5\"><\/td>\n<\/tr>\n<tr>\n<td><\/td>\n<td>7)<\/td>\n<td class=\"body-text-size\" colspan=\"2\">Il est PR\u00c9F\u00c9RABLE d\u2019utiliser des anneaux de levage articul\u00e9s pour TOUT levage en angle. Ils s\u2019ajustent en effet \u00e0 tout angle de l\u2019\u00e9lingue en tournant autour du piton, et l\u2019\u0152il de levage pivote \u00e0 180\u00b0.<\/td>\n<\/tr>\n<tr>\n<td colspan=\"5\"><\/td>\n<\/tr>\n<tr>\n<td><\/td>\n<td>8)<\/td>\n<td class=\"body-text-size\" colspan=\"2\">Pour une discussion plus compl\u00e8te sur l\u2019usage s\u00e9curitaire des pitons \u00e0 \u0153il, veuillez consulter notre catalogue CROSBY\u1d39\u1d30, ou veuillez communiquer avec votre repr\u00e9sentant local UNIROPE.<\/td>\n<\/tr>\n<tr>\n<td colspan=\"7\"><\/td>\n<\/tr>\n<tr>\n<td>3)<\/td>\n<td class=\"body-text-size\" colspan=\"2\">N\u2019installez JAMAIS \u2013 et nous insistons sur ce point \u2013 une \u00e9lingue \u00e0 travers un piton \u00e0 \u0152il. Vous augmentez \u00e9norm\u00e9ment la tension sur le piton \u00e0 \u0152il qui risque alors de rompre.<\/td>\n<td><\/td>\n<td class=\"warningText\" colspan=\"2\" rowspan=\"3\">Avec des pitons<br \/>\n\u00e0 \u0153il standards<br \/>\n(sans \u00e9paulement), utilisez une barre d\u2019\u00e9cartement pour garder l\u2019angle de levage \u00e0 90\u00b0 par rapport \u00e0 l\u2019horizontale.<\/td>\n<td rowspan=\"3\"><img loading=\"lazy\" src=\"\/wp-content\/themes\/unirope\/img\/product-images\/wire-rope-slings\/wrs_slings-and-eye-bolts_1.gif\" alt=\"\" width=\"165\" height=\"141\" \/><\/td>\n<\/tr>\n<tr>\n<td colspan=\"4\"><\/td>\n<\/tr>\n<tr>\n<td>4)<\/td>\n<td class=\"body-text-size\" colspan=\"2\">Bien que les pitons \u00e0 \u0152il puissent \u00eatre utilis\u00e9s jusqu\u2019\u00e0 un angle de 30\u02da par rapport \u00e0 l\u2019horizontale, nous NE RECOMMANDONS PAS cette pratique. La perte de r\u00e9sistance d\u2019un piton \u00e0 \u0152il est pr\u00e8s de 75 % de sa capacit\u00e9 nominale verticale, et m\u00eame une l\u00e9g\u00e8re diminution de l\u2019angle de levage par rapport \u00e0 l\u2019horizontale risque de provoquer la rupture du piton.<\/td>\n<td><\/td>\n<\/tr>\n<tr>\n<td colspan=\"7\"><\/td>\n<\/tr>\n<tr>\n<td colspan=\"4\"><\/td>\n<td class=\"warningText\" colspan=\"2\" rowspan=\"2\">Ne mouflez jamais une \u00e9lingue \u00e0 travers des pitons \u00e0 \u0153il.<br \/>\nCela modifie la charge et l\u2019angle de chargement.<\/td>\n<td rowspan=\"2\"><img loading=\"lazy\" src=\"\/wp-content\/themes\/unirope\/img\/product-images\/wire-rope-slings\/wrs_slings-and-eye-bolts_3-fr.jpg\" alt=\"\" width=\"165\" height=\"116\" \/><\/td>\n<\/tr>\n<tr>\n<td class=\"warningText\" colspan=\"2\">Nous recommandons d\u2019utiliser des pitons \u00e0 \u0153il seulement \u00e0 un angle sup\u00e9rieur \u00e0 45\u00b0 par rapport \u00e0 l\u2019horizontale.<br \/>\nLa r\u00e9sistance de l\u2019\u00e9lingue \u00e0 45\u00b0 est de <strong>71\u00a0%<\/strong> de la capacit\u00e9 <u>verticale<\/u> de l\u2019\u00e9lingue.<br \/>\nLa r\u00e9sistance du piton \u00e0 \u0153il \u00e0 un angle de 45\u00b0 par rapport \u00e0 l\u2019horizontale chute \u00e0 <strong>30\u00a0%<\/strong> de la capacit\u00e9 de levage <u>vertical.<\/u><\/td>\n<td><img loading=\"lazy\" src=\"\/wp-content\/themes\/unirope\/img\/product-images\/wire-rope-slings\/wrs_slings-and-eye-bolts_2.gif\" alt=\"\" width=\"165\" height=\"116\" \/><\/td>\n<td><\/td>\n<\/tr>\n<tr>\n<td colspan=\"7\"><\/td>\n<\/tr>\n<tr>\n<td class=\"warningText\" colspan=\"2\" rowspan=\"2\">Utilisez des anneaux de levage articul\u00e9s pour le gr\u00e9ement.<br \/>\nIls s\u2019ajustent \u00e0 tout angle de charge et leur capacit\u00e9 et<br \/>\nleurs couples recommand\u00e9s sont clairement marqu\u00e9s dessus.<\/td>\n<td rowspan=\"2\"><img loading=\"lazy\" src=\"\/wp-content\/themes\/unirope\/img\/product-images\/wire-rope-slings\/wrs_slings-and-eye-bolts_4.gif\" alt=\"\" width=\"165\" height=\"116\" \/><\/td>\n<td rowspan=\"2\"><\/td>\n<td colspan=\"2\"><span class=\"warningText\">\u00c0 un angle de levage de 45\u00b0, les pitons \u00e0 \u0153il supportent seulement 30\u00a0%<br \/>\nde leur capacit\u00e9 nominale VERTICALE.<br \/>\nUne \u00e9lingue (de n\u2019importe quel type) utilis\u00e9e au m\u00eame angle de 45\u00b0 supporte 71\u00a0% de sa capacit\u00e9 verticale.<\/span><\/td>\n<td rowspan=\"3\"><img loading=\"lazy\" src=\"\/wp-content\/themes\/unirope\/img\/product-images\/wire-rope-slings\/wrs_slings-and-eye-bolts_7_FR.gif\" alt=\"\" width=\"165\" height=\"274\" \/><\/td>\n<\/tr>\n<tr>\n<td colspan=\"2\" rowspan=\"2\"><img loading=\"lazy\" src=\"\/wp-content\/themes\/unirope\/img\/product-images\/wire-rope-slings\/wrs_slings-and-eye-bolts_6.gif\" alt=\"\" width=\"100\" height=\"170\" \/><\/td>\n<\/tr>\n<tr>\n<td class=\"warningText\" colspan=\"3\" align=\"center\"><img loading=\"lazy\" src=\"\/wp-content\/themes\/unirope\/img\/spacer.gif\" alt=\"\" width=\"50\" height=\"116\" \/><img loading=\"lazy\" src=\"\/wp-content\/themes\/unirope\/img\/product-images\/wire-rope-slings\/wrs_slings-and-eye-bolts_5.gif\" alt=\"\" width=\"165\" height=\"116\" \/><\/td>\n<td><\/td>\n<\/tr>\n<\/tbody>\n<\/table>\n","protected":false},"excerpt":{"rendered":"<p>Plusieurs types d\u2019\u00e9quipements sont livr\u00e9s avec des pitons \u00e0 \u0152il ou sont \u00e9quip\u00e9s de pitons \u00e0 \u0152il pour des applications de levage. Certains facteurs sont \u00e0 consid\u00e9rer lorsque vous utilisez des pitons \u00e0 \u0152il: 1) La taille des filets, et NON PAS leur capacit\u00e9 nominale, est indiqu\u00e9e sur les pitons \u00e0 \u0152il. SEULS les anneaux [&hellip;]<\/p>\n","protected":false},"author":1,"featured_media":0,"parent":7049,"menu_order":0,"comment_status":"open","ping_status":"open","template":"","meta":[],"yoast_head":"<!-- This site is optimized with the Yoast SEO plugin v18.1 - https:\/\/yoast.com\/wordpress\/plugins\/seo\/ -->\n<meta name=\"robots\" content=\"index, follow, max-snippet:-1, max-image-preview:large, max-video-preview:-1\" \/>\n<link rel=\"canonical\" href=\"https:\/\/www.unirope.com\/fr\/produits\/elingues\/elingues-en-cable-metallique\/rigging-guidelines\/slings-and-eye-bolts\/\" \/>\n<meta property=\"og:locale\" content=\"fr_FR\" \/>\n<meta property=\"og:type\" content=\"article\" \/>\n<meta property=\"og:title\" content=\"\u00c9lingues et boulons \u00e0 \u0153il - Unirope Ltd.\" \/>\n<meta property=\"og:description\" content=\"Plusieurs types d\u2019\u00e9quipements sont livr\u00e9s avec des pitons \u00e0 \u0152il ou sont \u00e9quip\u00e9s de pitons \u00e0 \u0152il pour des applications de levage. Certains facteurs sont \u00e0 consid\u00e9rer lorsque vous utilisez des pitons \u00e0 \u0152il: 1) La taille des filets, et NON PAS leur capacit\u00e9 nominale, est indiqu\u00e9e sur les pitons \u00e0 \u0152il. SEULS les anneaux [&hellip;]\" \/>\n<meta property=\"og:url\" content=\"https:\/\/www.unirope.com\/fr\/produits\/elingues\/elingues-en-cable-metallique\/rigging-guidelines\/slings-and-eye-bolts\/\" \/>\n<meta property=\"og:site_name\" content=\"Unirope Ltd.\" \/>\n<meta property=\"article:modified_time\" content=\"2019-11-24T18:43:29+00:00\" \/>\n<meta property=\"og:image\" content=\"https:\/\/www.unirope.com\/wp-content\/themes\/unirope\/img\/product-images\/wire-rope-slings\/wrs_slings-and-eye-bolts_1.gif\" \/>\n<meta name=\"twitter:label1\" content=\"Dur\u00e9e de lecture estim\u00e9e\" \/>\n\t<meta name=\"twitter:data1\" content=\"3 minutes\" \/>\n<script type=\"application\/ld+json\" class=\"yoast-schema-graph\">{\"@context\":\"https:\/\/schema.org\",\"@graph\":[{\"@type\":\"Organization\",\"@id\":\"https:\/\/www.unirope.com\/#organization\",\"name\":\"Unirope Ltd\",\"url\":\"https:\/\/www.unirope.com\/\",\"sameAs\":[\"https:\/\/www.youtube.com\/channel\/UCYDjk5HBhJLEnptrBbQvjgg\"],\"logo\":{\"@type\":\"ImageObject\",\"@id\":\"https:\/\/www.unirope.com\/#logo\",\"inLanguage\":\"fr-FR\",\"url\":\"https:\/\/www.unirope.com\/wp-content\/uploads\/2012\/06\/unirope_logo.gif\",\"contentUrl\":\"https:\/\/www.unirope.com\/wp-content\/uploads\/2012\/06\/unirope_logo.gif\",\"width\":220,\"height\":50,\"caption\":\"Unirope Ltd\"},\"image\":{\"@id\":\"https:\/\/www.unirope.com\/#logo\"}},{\"@type\":\"WebSite\",\"@id\":\"https:\/\/www.unirope.com\/#website\",\"url\":\"https:\/\/www.unirope.com\/\",\"name\":\"Unirope Ltd.\",\"description\":\"Wire Rope &amp; Rigging Products\",\"publisher\":{\"@id\":\"https:\/\/www.unirope.com\/#organization\"},\"potentialAction\":[{\"@type\":\"SearchAction\",\"target\":{\"@type\":\"EntryPoint\",\"urlTemplate\":\"https:\/\/www.unirope.com\/?s={search_term_string}\"},\"query-input\":\"required name=search_term_string\"}],\"inLanguage\":\"fr-FR\"},{\"@type\":\"ImageObject\",\"@id\":\"https:\/\/www.unirope.com\/fr\/produits\/elingues\/elingues-en-cable-metallique\/rigging-guidelines\/slings-and-eye-bolts\/#primaryimage\",\"inLanguage\":\"fr-FR\",\"url\":\"\/wp-content\/themes\/unirope\/img\/product-images\/wire-rope-slings\/wrs_slings-and-eye-bolts_1.gif\",\"contentUrl\":\"\/wp-content\/themes\/unirope\/img\/product-images\/wire-rope-slings\/wrs_slings-and-eye-bolts_1.gif\"},{\"@type\":\"WebPage\",\"@id\":\"https:\/\/www.unirope.com\/fr\/produits\/elingues\/elingues-en-cable-metallique\/rigging-guidelines\/slings-and-eye-bolts\/#webpage\",\"url\":\"https:\/\/www.unirope.com\/fr\/produits\/elingues\/elingues-en-cable-metallique\/rigging-guidelines\/slings-and-eye-bolts\/\",\"name\":\"\u00c9lingues et boulons \u00e0 \u0153il - Unirope Ltd.\",\"isPartOf\":{\"@id\":\"https:\/\/www.unirope.com\/#website\"},\"primaryImageOfPage\":{\"@id\":\"https:\/\/www.unirope.com\/fr\/produits\/elingues\/elingues-en-cable-metallique\/rigging-guidelines\/slings-and-eye-bolts\/#primaryimage\"},\"datePublished\":\"2012-09-11T17:11:10+00:00\",\"dateModified\":\"2019-11-24T18:43:29+00:00\",\"breadcrumb\":{\"@id\":\"https:\/\/www.unirope.com\/fr\/produits\/elingues\/elingues-en-cable-metallique\/rigging-guidelines\/slings-and-eye-bolts\/#breadcrumb\"},\"inLanguage\":\"fr-FR\",\"potentialAction\":[{\"@type\":\"ReadAction\",\"target\":[\"https:\/\/www.unirope.com\/fr\/produits\/elingues\/elingues-en-cable-metallique\/rigging-guidelines\/slings-and-eye-bolts\/\"]}]},{\"@type\":\"BreadcrumbList\",\"@id\":\"https:\/\/www.unirope.com\/fr\/produits\/elingues\/elingues-en-cable-metallique\/rigging-guidelines\/slings-and-eye-bolts\/#breadcrumb\",\"itemListElement\":[{\"@type\":\"ListItem\",\"position\":1,\"name\":\"Home\",\"item\":\"https:\/\/www.unirope.com\/fr\/\"},{\"@type\":\"ListItem\",\"position\":2,\"name\":\"Produits\",\"item\":\"https:\/\/www.unirope.com\/fr\/produits\/\"},{\"@type\":\"ListItem\",\"position\":3,\"name\":\"\u00c9lingues\",\"item\":\"https:\/\/www.unirope.com\/fr\/produits\/elingues\/\"},{\"@type\":\"ListItem\",\"position\":4,\"name\":\"\u00c9lingues en c\u00e2ble m\u00e9tallique\",\"item\":\"https:\/\/www.unirope.com\/fr\/produits\/elingues\/elingues-en-cable-metallique\/\"},{\"@type\":\"ListItem\",\"position\":5,\"name\":\"Le gr\u00e9ement les directives\",\"item\":\"https:\/\/www.unirope.com\/fr\/produits\/elingues\/elingues-en-cable-metallique\/rigging-guidelines\/\"},{\"@type\":\"ListItem\",\"position\":6,\"name\":\"\u00c9lingues et boulons \u00e0 \u0153il\"}]}]}<\/script>\n<!-- \/ Yoast SEO plugin. -->","yoast_head_json":{"robots":{"index":"index","follow":"follow","max-snippet":"max-snippet:-1","max-image-preview":"max-image-preview:large","max-video-preview":"max-video-preview:-1"},"canonical":"https:\/\/www.unirope.com\/fr\/produits\/elingues\/elingues-en-cable-metallique\/rigging-guidelines\/slings-and-eye-bolts\/","og_locale":"fr_FR","og_type":"article","og_title":"\u00c9lingues et boulons \u00e0 \u0153il - Unirope Ltd.","og_description":"Plusieurs types d\u2019\u00e9quipements sont livr\u00e9s avec des pitons \u00e0 \u0152il ou sont \u00e9quip\u00e9s de pitons \u00e0 \u0152il pour des applications de levage. Certains facteurs sont \u00e0 consid\u00e9rer lorsque vous utilisez des pitons \u00e0 \u0152il: 1) La taille des filets, et NON PAS leur capacit\u00e9 nominale, est indiqu\u00e9e sur les pitons \u00e0 \u0152il. SEULS les anneaux [&hellip;]","og_url":"https:\/\/www.unirope.com\/fr\/produits\/elingues\/elingues-en-cable-metallique\/rigging-guidelines\/slings-and-eye-bolts\/","og_site_name":"Unirope Ltd.","article_modified_time":"2019-11-24T18:43:29+00:00","og_image":[{"url":"https:\/\/www.unirope.com\/wp-content\/themes\/unirope\/img\/product-images\/wire-rope-slings\/wrs_slings-and-eye-bolts_1.gif"}],"twitter_misc":{"Dur\u00e9e de lecture estim\u00e9e":"3 minutes"},"schema":{"@context":"https:\/\/schema.org","@graph":[{"@type":"Organization","@id":"https:\/\/www.unirope.com\/#organization","name":"Unirope Ltd","url":"https:\/\/www.unirope.com\/","sameAs":["https:\/\/www.youtube.com\/channel\/UCYDjk5HBhJLEnptrBbQvjgg"],"logo":{"@type":"ImageObject","@id":"https:\/\/www.unirope.com\/#logo","inLanguage":"fr-FR","url":"https:\/\/www.unirope.com\/wp-content\/uploads\/2012\/06\/unirope_logo.gif","contentUrl":"https:\/\/www.unirope.com\/wp-content\/uploads\/2012\/06\/unirope_logo.gif","width":220,"height":50,"caption":"Unirope Ltd"},"image":{"@id":"https:\/\/www.unirope.com\/#logo"}},{"@type":"WebSite","@id":"https:\/\/www.unirope.com\/#website","url":"https:\/\/www.unirope.com\/","name":"Unirope Ltd.","description":"Wire Rope &amp; Rigging Products","publisher":{"@id":"https:\/\/www.unirope.com\/#organization"},"potentialAction":[{"@type":"SearchAction","target":{"@type":"EntryPoint","urlTemplate":"https:\/\/www.unirope.com\/?s={search_term_string}"},"query-input":"required name=search_term_string"}],"inLanguage":"fr-FR"},{"@type":"ImageObject","@id":"https:\/\/www.unirope.com\/fr\/produits\/elingues\/elingues-en-cable-metallique\/rigging-guidelines\/slings-and-eye-bolts\/#primaryimage","inLanguage":"fr-FR","url":"\/wp-content\/themes\/unirope\/img\/product-images\/wire-rope-slings\/wrs_slings-and-eye-bolts_1.gif","contentUrl":"\/wp-content\/themes\/unirope\/img\/product-images\/wire-rope-slings\/wrs_slings-and-eye-bolts_1.gif"},{"@type":"WebPage","@id":"https:\/\/www.unirope.com\/fr\/produits\/elingues\/elingues-en-cable-metallique\/rigging-guidelines\/slings-and-eye-bolts\/#webpage","url":"https:\/\/www.unirope.com\/fr\/produits\/elingues\/elingues-en-cable-metallique\/rigging-guidelines\/slings-and-eye-bolts\/","name":"\u00c9lingues et boulons \u00e0 \u0153il - Unirope Ltd.","isPartOf":{"@id":"https:\/\/www.unirope.com\/#website"},"primaryImageOfPage":{"@id":"https:\/\/www.unirope.com\/fr\/produits\/elingues\/elingues-en-cable-metallique\/rigging-guidelines\/slings-and-eye-bolts\/#primaryimage"},"datePublished":"2012-09-11T17:11:10+00:00","dateModified":"2019-11-24T18:43:29+00:00","breadcrumb":{"@id":"https:\/\/www.unirope.com\/fr\/produits\/elingues\/elingues-en-cable-metallique\/rigging-guidelines\/slings-and-eye-bolts\/#breadcrumb"},"inLanguage":"fr-FR","potentialAction":[{"@type":"ReadAction","target":["https:\/\/www.unirope.com\/fr\/produits\/elingues\/elingues-en-cable-metallique\/rigging-guidelines\/slings-and-eye-bolts\/"]}]},{"@type":"BreadcrumbList","@id":"https:\/\/www.unirope.com\/fr\/produits\/elingues\/elingues-en-cable-metallique\/rigging-guidelines\/slings-and-eye-bolts\/#breadcrumb","itemListElement":[{"@type":"ListItem","position":1,"name":"Home","item":"https:\/\/www.unirope.com\/fr\/"},{"@type":"ListItem","position":2,"name":"Produits","item":"https:\/\/www.unirope.com\/fr\/produits\/"},{"@type":"ListItem","position":3,"name":"\u00c9lingues","item":"https:\/\/www.unirope.com\/fr\/produits\/elingues\/"},{"@type":"ListItem","position":4,"name":"\u00c9lingues en c\u00e2ble m\u00e9tallique","item":"https:\/\/www.unirope.com\/fr\/produits\/elingues\/elingues-en-cable-metallique\/"},{"@type":"ListItem","position":5,"name":"Le gr\u00e9ement les directives","item":"https:\/\/www.unirope.com\/fr\/produits\/elingues\/elingues-en-cable-metallique\/rigging-guidelines\/"},{"@type":"ListItem","position":6,"name":"\u00c9lingues et boulons \u00e0 \u0153il"}]}]}},"_links":{"self":[{"href":"https:\/\/www.unirope.com\/fr\/wp-json\/wp\/v2\/pages\/7060"}],"collection":[{"href":"https:\/\/www.unirope.com\/fr\/wp-json\/wp\/v2\/pages"}],"about":[{"href":"https:\/\/www.unirope.com\/fr\/wp-json\/wp\/v2\/types\/page"}],"author":[{"embeddable":true,"href":"https:\/\/www.unirope.com\/fr\/wp-json\/wp\/v2\/users\/1"}],"replies":[{"embeddable":true,"href":"https:\/\/www.unirope.com\/fr\/wp-json\/wp\/v2\/comments?post=7060"}],"version-history":[{"count":0,"href":"https:\/\/www.unirope.com\/fr\/wp-json\/wp\/v2\/pages\/7060\/revisions"}],"up":[{"embeddable":true,"href":"https:\/\/www.unirope.com\/fr\/wp-json\/wp\/v2\/pages\/7049"}],"wp:attachment":[{"href":"https:\/\/www.unirope.com\/fr\/wp-json\/wp\/v2\/media?parent=7060"}],"curies":[{"name":"wp","href":"https:\/\/api.w.org\/{rel}","templated":true}]}}