{"id":7059,"date":"2012-09-11T17:10:43","date_gmt":"2012-09-11T17:10:43","guid":{"rendered":"https:\/\/www.unirope.com\/?page_id=7059"},"modified":"2019-09-17T17:49:48","modified_gmt":"2019-09-17T17:49:48","slug":"multiple-leg-slings","status":"publish","type":"page","link":"https:\/\/www.unirope.com\/fr\/produits\/elingues\/elingues-en-cable-metallique\/rigging-guidelines\/multiple-leg-slings\/","title":{"rendered":"\u00c9lingues \u00e0 plusieurs branches"},"content":{"rendered":"<table class=\"generic-table2\" style=\"width: 100%\" border=\"0\" cellspacing=\"0\" cellpadding=\"0\">\n<tbody>\n<tr>\n<td width=\"33.33%\"><img loading=\"lazy\" src=\"\/wp-content\/themes\/unirope\/img\/product-images\/wire-rope-slings\/wrs_practice_1.gif\" alt=\"\" width=\"183\" height=\"138\" \/><\/td>\n<td> <\/td>\n<td rowspan=\"3\" width=\"33.33%\"><img loading=\"lazy\" src=\"\/wp-content\/themes\/unirope\/img\/product-images\/wire-rope-slings\/wrs_practice_2.gif\" alt=\"\" width=\"183\" height=\"231\" \/>\n<p>Lorsque vous soulevez des tuyaux, assurez-vous de le faire avec les bons crochets. Une charge ponctuelle sur les embouts des crochets risque de tordre ces derniers.<\/p>\n<\/td>\n<td> <\/td>\n<td width=\"33.33%\"><img loading=\"lazy\" src=\"\/wp-content\/themes\/unirope\/img\/product-images\/wire-rope-slings\/wrs_practice_3.gif\" alt=\"\" width=\"183\" height=\"136\" \/><\/td>\n<\/tr>\n<tr>\n<td class=\"warningText\">Enroulez des \u00e9lingues suppl\u00e9mentaires \u00e0 une seule branche autour de la charge. Si elles sont endommag\u00e9es, leur co\u00fbt de remplacement est moins \u00e9lev\u00e9.<\/td>\n<td rowspan=\"2\"> <\/td>\n<td rowspan=\"2\"> <\/td>\n<td class=\"warningText\">Si vous soulevez une charge d\u00e9centr\u00e9e, la branche de l\u2019\u00e9lingue peut \u00eatre dot\u00e9e d\u2019un c\u00e2ble stabilisateur pour garder la charge \u00e0 l\u2019horizontale. Ou encore, vous pouvez utiliser une cha\u00eeneentrave, mais assurez-vous que sa capacit\u00e9 est adapt\u00e9e \u00e0 la t\u00e2che.<\/td>\n<\/tr>\n<tr>\n<td rowspan=\"2\"><img src=\"\/wp-content\/uploads\/2015\/03\/arrow.jpg\"\/><\/td>\n<td class=\"warningText\" rowspan=\"3\"><img loading=\"lazy\" src=\"\/wp-content\/themes\/unirope\/img\/product-images\/wire-rope-slings\/wrs_practice_6.gif\" alt=\"\" width=\"183\" height=\"145\" \/><\/td>\n<\/tr>\n<tr>\n<td rowspan=\"2\"> <\/td>\n<td class=\"warningText\" rowspan=\"2\"><\/td>\n<td> <\/td>\n<\/tr>\n<tr>\n<td rowspan=\"4\"><img src=\"\/wp-content\/themes\/unirope\/img\/product-images\/wire-rope-slings\/nepas-fr.jpg\" alt=\"\" width=\"183\" \/><\/td>\n<td height=\"58\"> <\/td>\n<td> <\/td>\n<\/tr>\n<tr>\n<td rowspan=\"3\"> <\/td>\n<td><img src=\"\/wp-content\/themes\/unirope\/img\/product-images\/wire-rope-slings\/wrs_practice_5-fr.jpg\" alt=\"\" width=\"183\" \/><\/td>\n<td> <\/td>\n<td><img loading=\"lazy\" src=\"\/wp-content\/themes\/unirope\/img\/product-images\/wire-rope-slings\/wrs_practice_7.gif\" alt=\"\" width=\"183\" height=\"150\" \/><\/td>\n<\/tr>\n<tr>\n<td> <\/td>\n<td> <\/td>\n<td> <\/td>\n<\/tr>\n<tr>\n<td class=\"body-text-size\" rowspan=\"3\" colspan=\"3\">\n<h2>Est-ce que toutes les branches des \u00e9lingues sont charg\u00e9es de mani\u00e8re \u00e9gale ?<\/h2>\n<p>La charge d\u2019\u00e9lingues \u00e0 3 et 4 branches est parfois support\u00e9e uniquement par 2 branches alors que les autres branches ne servent qu\u2019\u00e0 \u00e9quilibrer la charge. Les raisons peuvent \u00eatre des branches d\u2019\u00e9lingue de longueurs in\u00e9gales, des charges d\u00e9centr\u00e9es ou gondol\u00e9es. <strong>VOUS<\/strong>, l\u2019utilisateur, devez \u00e9valuer chaque t\u00e2che et prendre en consid\u00e9ration le type de charge et le type d\u2019\u00e9lingue. Des branches d\u2019\u00e9lingue de m\u00eame capacit\u00e9 s\u2019\u00e9tireront de mani\u00e8re in\u00e9gale si la charge n\u2019est pas plac\u00e9e de mani\u00e8re \u00e9gale.<br \/> <span style=\"color: #cc0000\">Tous les tableaux de capacit\u00e9 des \u00e9lingues en c\u00e2ble m\u00e9tallique (p. ex. dans la norme ASTM B30.9 et dans le Manuel de l\u2019utilisateur d\u2019\u00e9lingues de cha\u00eene) consid\u00e8rent que TOUTES les branches doivent partager une charge \u00c9GALE.<\/span><\/p>\n<\/td>\n<\/tr>\n<tr>\n<td> <\/td>\n<td> <\/td>\n<\/tr>\n<tr>\n<td> <\/td>\n<td> <\/td>\n<\/tr>\n<tr>\n<td><img loading=\"lazy\" src=\"\/wp-content\/themes\/unirope\/img\/product-images\/wire-rope-slings\/wrs_practice_8.gif\" alt=\"\" width=\"183\" height=\"220\" \/><\/td>\n<td> <\/td>\n<td><img loading=\"lazy\" src=\"\/wp-content\/themes\/unirope\/img\/product-images\/wire-rope-slings\/wrs_practice_9.gif\" alt=\"\" width=\"183\" height=\"220\" \/><\/td>\n<td> <\/td>\n<td class=\"body-text-size\">\n<h2>V\u00e9rifiez la s\u00e9curit\u00e9 des branches<\/h2>\n<p>Les branches peuvent \u00eatre bloqu\u00e9es sous un autre \u00e9l\u00e9ment, ce qui engendre une surcharge importante sur la grue ou sur le treuil, ou encore quelqu\u2019un risque de tr\u00e9bucher dessus. Ne commencez pas \u00e0 soulever la charge tant que l\u2019\u00e9quipement non fix\u00e9 n\u2019est pas s\u00e9curis\u00e9.<\/p>\n<\/td>\n<\/tr>\n<\/tbody>\n<\/table>\n","protected":false},"excerpt":{"rendered":"<p>Lorsque vous soulevez des tuyaux, assurez-vous de le faire avec les bons crochets. Une charge ponctuelle sur les embouts des crochets risque de tordre ces derniers. Enroulez des \u00e9lingues suppl\u00e9mentaires \u00e0 une seule branche autour de la charge. Si elles sont endommag\u00e9es, leur co\u00fbt de remplacement est moins \u00e9lev\u00e9. Si vous soulevez une charge d\u00e9centr\u00e9e, [&hellip;]<\/p>\n","protected":false},"author":1,"featured_media":0,"parent":7049,"menu_order":0,"comment_status":"open","ping_status":"open","template":"","meta":[],"yoast_head":"<!-- This site is optimized with the Yoast SEO plugin v18.1 - https:\/\/yoast.com\/wordpress\/plugins\/seo\/ -->\n<meta name=\"robots\" content=\"index, follow, max-snippet:-1, max-image-preview:large, max-video-preview:-1\" \/>\n<link rel=\"canonical\" href=\"https:\/\/www.unirope.com\/fr\/produits\/elingues\/elingues-en-cable-metallique\/rigging-guidelines\/multiple-leg-slings\/\" \/>\n<meta property=\"og:locale\" content=\"fr_FR\" \/>\n<meta property=\"og:type\" content=\"article\" \/>\n<meta property=\"og:title\" content=\"\u00c9lingues \u00e0 plusieurs branches - Unirope Ltd.\" \/>\n<meta property=\"og:description\" content=\"Lorsque vous soulevez des tuyaux, assurez-vous de le faire avec les bons crochets. Une charge ponctuelle sur les embouts des crochets risque de tordre ces derniers. Enroulez des \u00e9lingues suppl\u00e9mentaires \u00e0 une seule branche autour de la charge. Si elles sont endommag\u00e9es, leur co\u00fbt de remplacement est moins \u00e9lev\u00e9. Si vous soulevez une charge d\u00e9centr\u00e9e, [&hellip;]\" \/>\n<meta property=\"og:url\" content=\"https:\/\/www.unirope.com\/fr\/produits\/elingues\/elingues-en-cable-metallique\/rigging-guidelines\/multiple-leg-slings\/\" \/>\n<meta property=\"og:site_name\" content=\"Unirope Ltd.\" \/>\n<meta property=\"article:modified_time\" content=\"2019-09-17T17:49:48+00:00\" \/>\n<meta property=\"og:image\" content=\"https:\/\/www.unirope.com\/wp-content\/themes\/unirope\/img\/product-images\/wire-rope-slings\/wrs_practice_1.gif\" \/>\n<meta name=\"twitter:label1\" content=\"Dur\u00e9e de lecture estim\u00e9e\" \/>\n\t<meta name=\"twitter:data1\" content=\"2 minutes\" \/>\n<script type=\"application\/ld+json\" class=\"yoast-schema-graph\">{\"@context\":\"https:\/\/schema.org\",\"@graph\":[{\"@type\":\"Organization\",\"@id\":\"https:\/\/www.unirope.com\/#organization\",\"name\":\"Unirope Ltd\",\"url\":\"https:\/\/www.unirope.com\/\",\"sameAs\":[\"https:\/\/www.youtube.com\/channel\/UCYDjk5HBhJLEnptrBbQvjgg\"],\"logo\":{\"@type\":\"ImageObject\",\"@id\":\"https:\/\/www.unirope.com\/#logo\",\"inLanguage\":\"fr-FR\",\"url\":\"https:\/\/www.unirope.com\/wp-content\/uploads\/2012\/06\/unirope_logo.gif\",\"contentUrl\":\"https:\/\/www.unirope.com\/wp-content\/uploads\/2012\/06\/unirope_logo.gif\",\"width\":220,\"height\":50,\"caption\":\"Unirope Ltd\"},\"image\":{\"@id\":\"https:\/\/www.unirope.com\/#logo\"}},{\"@type\":\"WebSite\",\"@id\":\"https:\/\/www.unirope.com\/#website\",\"url\":\"https:\/\/www.unirope.com\/\",\"name\":\"Unirope Ltd.\",\"description\":\"Wire Rope &amp; Rigging Products\",\"publisher\":{\"@id\":\"https:\/\/www.unirope.com\/#organization\"},\"potentialAction\":[{\"@type\":\"SearchAction\",\"target\":{\"@type\":\"EntryPoint\",\"urlTemplate\":\"https:\/\/www.unirope.com\/?s={search_term_string}\"},\"query-input\":\"required name=search_term_string\"}],\"inLanguage\":\"fr-FR\"},{\"@type\":\"ImageObject\",\"@id\":\"https:\/\/www.unirope.com\/fr\/produits\/elingues\/elingues-en-cable-metallique\/rigging-guidelines\/multiple-leg-slings\/#primaryimage\",\"inLanguage\":\"fr-FR\",\"url\":\"\/wp-content\/themes\/unirope\/img\/product-images\/wire-rope-slings\/wrs_practice_1.gif\",\"contentUrl\":\"\/wp-content\/themes\/unirope\/img\/product-images\/wire-rope-slings\/wrs_practice_1.gif\"},{\"@type\":\"WebPage\",\"@id\":\"https:\/\/www.unirope.com\/fr\/produits\/elingues\/elingues-en-cable-metallique\/rigging-guidelines\/multiple-leg-slings\/#webpage\",\"url\":\"https:\/\/www.unirope.com\/fr\/produits\/elingues\/elingues-en-cable-metallique\/rigging-guidelines\/multiple-leg-slings\/\",\"name\":\"\u00c9lingues \u00e0 plusieurs branches - Unirope Ltd.\",\"isPartOf\":{\"@id\":\"https:\/\/www.unirope.com\/#website\"},\"primaryImageOfPage\":{\"@id\":\"https:\/\/www.unirope.com\/fr\/produits\/elingues\/elingues-en-cable-metallique\/rigging-guidelines\/multiple-leg-slings\/#primaryimage\"},\"datePublished\":\"2012-09-11T17:10:43+00:00\",\"dateModified\":\"2019-09-17T17:49:48+00:00\",\"breadcrumb\":{\"@id\":\"https:\/\/www.unirope.com\/fr\/produits\/elingues\/elingues-en-cable-metallique\/rigging-guidelines\/multiple-leg-slings\/#breadcrumb\"},\"inLanguage\":\"fr-FR\",\"potentialAction\":[{\"@type\":\"ReadAction\",\"target\":[\"https:\/\/www.unirope.com\/fr\/produits\/elingues\/elingues-en-cable-metallique\/rigging-guidelines\/multiple-leg-slings\/\"]}]},{\"@type\":\"BreadcrumbList\",\"@id\":\"https:\/\/www.unirope.com\/fr\/produits\/elingues\/elingues-en-cable-metallique\/rigging-guidelines\/multiple-leg-slings\/#breadcrumb\",\"itemListElement\":[{\"@type\":\"ListItem\",\"position\":1,\"name\":\"Home\",\"item\":\"https:\/\/www.unirope.com\/fr\/\"},{\"@type\":\"ListItem\",\"position\":2,\"name\":\"Produits\",\"item\":\"https:\/\/www.unirope.com\/fr\/produits\/\"},{\"@type\":\"ListItem\",\"position\":3,\"name\":\"\u00c9lingues\",\"item\":\"https:\/\/www.unirope.com\/fr\/produits\/elingues\/\"},{\"@type\":\"ListItem\",\"position\":4,\"name\":\"\u00c9lingues en c\u00e2ble m\u00e9tallique\",\"item\":\"https:\/\/www.unirope.com\/fr\/produits\/elingues\/elingues-en-cable-metallique\/\"},{\"@type\":\"ListItem\",\"position\":5,\"name\":\"Le gr\u00e9ement les directives\",\"item\":\"https:\/\/www.unirope.com\/fr\/produits\/elingues\/elingues-en-cable-metallique\/rigging-guidelines\/\"},{\"@type\":\"ListItem\",\"position\":6,\"name\":\"\u00c9lingues \u00e0 plusieurs branches\"}]}]}<\/script>\n<!-- \/ Yoast SEO plugin. -->","yoast_head_json":{"robots":{"index":"index","follow":"follow","max-snippet":"max-snippet:-1","max-image-preview":"max-image-preview:large","max-video-preview":"max-video-preview:-1"},"canonical":"https:\/\/www.unirope.com\/fr\/produits\/elingues\/elingues-en-cable-metallique\/rigging-guidelines\/multiple-leg-slings\/","og_locale":"fr_FR","og_type":"article","og_title":"\u00c9lingues \u00e0 plusieurs branches - Unirope Ltd.","og_description":"Lorsque vous soulevez des tuyaux, assurez-vous de le faire avec les bons crochets. Une charge ponctuelle sur les embouts des crochets risque de tordre ces derniers. Enroulez des \u00e9lingues suppl\u00e9mentaires \u00e0 une seule branche autour de la charge. Si elles sont endommag\u00e9es, leur co\u00fbt de remplacement est moins \u00e9lev\u00e9. Si vous soulevez une charge d\u00e9centr\u00e9e, [&hellip;]","og_url":"https:\/\/www.unirope.com\/fr\/produits\/elingues\/elingues-en-cable-metallique\/rigging-guidelines\/multiple-leg-slings\/","og_site_name":"Unirope Ltd.","article_modified_time":"2019-09-17T17:49:48+00:00","og_image":[{"url":"https:\/\/www.unirope.com\/wp-content\/themes\/unirope\/img\/product-images\/wire-rope-slings\/wrs_practice_1.gif"}],"twitter_misc":{"Dur\u00e9e de lecture estim\u00e9e":"2 minutes"},"schema":{"@context":"https:\/\/schema.org","@graph":[{"@type":"Organization","@id":"https:\/\/www.unirope.com\/#organization","name":"Unirope Ltd","url":"https:\/\/www.unirope.com\/","sameAs":["https:\/\/www.youtube.com\/channel\/UCYDjk5HBhJLEnptrBbQvjgg"],"logo":{"@type":"ImageObject","@id":"https:\/\/www.unirope.com\/#logo","inLanguage":"fr-FR","url":"https:\/\/www.unirope.com\/wp-content\/uploads\/2012\/06\/unirope_logo.gif","contentUrl":"https:\/\/www.unirope.com\/wp-content\/uploads\/2012\/06\/unirope_logo.gif","width":220,"height":50,"caption":"Unirope Ltd"},"image":{"@id":"https:\/\/www.unirope.com\/#logo"}},{"@type":"WebSite","@id":"https:\/\/www.unirope.com\/#website","url":"https:\/\/www.unirope.com\/","name":"Unirope Ltd.","description":"Wire Rope &amp; Rigging Products","publisher":{"@id":"https:\/\/www.unirope.com\/#organization"},"potentialAction":[{"@type":"SearchAction","target":{"@type":"EntryPoint","urlTemplate":"https:\/\/www.unirope.com\/?s={search_term_string}"},"query-input":"required name=search_term_string"}],"inLanguage":"fr-FR"},{"@type":"ImageObject","@id":"https:\/\/www.unirope.com\/fr\/produits\/elingues\/elingues-en-cable-metallique\/rigging-guidelines\/multiple-leg-slings\/#primaryimage","inLanguage":"fr-FR","url":"\/wp-content\/themes\/unirope\/img\/product-images\/wire-rope-slings\/wrs_practice_1.gif","contentUrl":"\/wp-content\/themes\/unirope\/img\/product-images\/wire-rope-slings\/wrs_practice_1.gif"},{"@type":"WebPage","@id":"https:\/\/www.unirope.com\/fr\/produits\/elingues\/elingues-en-cable-metallique\/rigging-guidelines\/multiple-leg-slings\/#webpage","url":"https:\/\/www.unirope.com\/fr\/produits\/elingues\/elingues-en-cable-metallique\/rigging-guidelines\/multiple-leg-slings\/","name":"\u00c9lingues \u00e0 plusieurs branches - Unirope Ltd.","isPartOf":{"@id":"https:\/\/www.unirope.com\/#website"},"primaryImageOfPage":{"@id":"https:\/\/www.unirope.com\/fr\/produits\/elingues\/elingues-en-cable-metallique\/rigging-guidelines\/multiple-leg-slings\/#primaryimage"},"datePublished":"2012-09-11T17:10:43+00:00","dateModified":"2019-09-17T17:49:48+00:00","breadcrumb":{"@id":"https:\/\/www.unirope.com\/fr\/produits\/elingues\/elingues-en-cable-metallique\/rigging-guidelines\/multiple-leg-slings\/#breadcrumb"},"inLanguage":"fr-FR","potentialAction":[{"@type":"ReadAction","target":["https:\/\/www.unirope.com\/fr\/produits\/elingues\/elingues-en-cable-metallique\/rigging-guidelines\/multiple-leg-slings\/"]}]},{"@type":"BreadcrumbList","@id":"https:\/\/www.unirope.com\/fr\/produits\/elingues\/elingues-en-cable-metallique\/rigging-guidelines\/multiple-leg-slings\/#breadcrumb","itemListElement":[{"@type":"ListItem","position":1,"name":"Home","item":"https:\/\/www.unirope.com\/fr\/"},{"@type":"ListItem","position":2,"name":"Produits","item":"https:\/\/www.unirope.com\/fr\/produits\/"},{"@type":"ListItem","position":3,"name":"\u00c9lingues","item":"https:\/\/www.unirope.com\/fr\/produits\/elingues\/"},{"@type":"ListItem","position":4,"name":"\u00c9lingues en c\u00e2ble m\u00e9tallique","item":"https:\/\/www.unirope.com\/fr\/produits\/elingues\/elingues-en-cable-metallique\/"},{"@type":"ListItem","position":5,"name":"Le gr\u00e9ement les directives","item":"https:\/\/www.unirope.com\/fr\/produits\/elingues\/elingues-en-cable-metallique\/rigging-guidelines\/"},{"@type":"ListItem","position":6,"name":"\u00c9lingues \u00e0 plusieurs branches"}]}]}},"_links":{"self":[{"href":"https:\/\/www.unirope.com\/fr\/wp-json\/wp\/v2\/pages\/7059"}],"collection":[{"href":"https:\/\/www.unirope.com\/fr\/wp-json\/wp\/v2\/pages"}],"about":[{"href":"https:\/\/www.unirope.com\/fr\/wp-json\/wp\/v2\/types\/page"}],"author":[{"embeddable":true,"href":"https:\/\/www.unirope.com\/fr\/wp-json\/wp\/v2\/users\/1"}],"replies":[{"embeddable":true,"href":"https:\/\/www.unirope.com\/fr\/wp-json\/wp\/v2\/comments?post=7059"}],"version-history":[{"count":0,"href":"https:\/\/www.unirope.com\/fr\/wp-json\/wp\/v2\/pages\/7059\/revisions"}],"up":[{"embeddable":true,"href":"https:\/\/www.unirope.com\/fr\/wp-json\/wp\/v2\/pages\/7049"}],"wp:attachment":[{"href":"https:\/\/www.unirope.com\/fr\/wp-json\/wp\/v2\/media?parent=7059"}],"curies":[{"name":"wp","href":"https:\/\/api.w.org\/{rel}","templated":true}]}}