{"id":7057,"date":"2012-09-11T15:13:46","date_gmt":"2012-09-11T15:13:46","guid":{"rendered":"https:\/\/www.unirope.com\/?page_id=7057"},"modified":"2019-08-17T03:07:39","modified_gmt":"2019-08-17T03:07:39","slug":"types-of-wire-rope-sling-terminations","status":"publish","type":"page","link":"https:\/\/www.unirope.com\/fr\/produits\/elingues\/elingues-en-cable-metallique\/rigging-guidelines\/types-of-wire-rope-sling-terminations\/","title":{"rendered":"Types de raccordements des \u00e9lingues en c\u00e2ble m\u00e9tallique"},"content":{"rendered":"<table class=\"generic-table2\" style=\"width: 100%\" border=\"0\" cellspacing=\"0\" cellpadding=\"0\">\n<tbody>\n<tr>\n<td width=\"200\"><img loading=\"lazy\" src=\"\/wp-content\/themes\/unirope\/img\/product-images\/wire-rope-slings\/flemish_eye_splice1.gif\" alt=\"\" width=\"200\" height=\"79\" \/>\n<p> \u00c9lingue UNI-LOC\u1d39\u1d30 standard \u00e0 6\u00a0brins, \u00e0 \u00e9pissure \u00e0 \u0153il emboutie.<br \/> <img loading=\"lazy\" src=\"\/wp-content\/themes\/unirope\/img\/product-images\/wire-rope-slings\/flemish_eye_splice2.gif\" alt=\"\" width=\"200\" height=\"61\" \/><\/p>\n<p> \u00c9lingue UNI-LOC\u1d39\u1d30 en 3\u00a0parties \u00e0 \u00e9pissure \u00e0 \u0153il TRI-Flex\u1d39\u1d30 emboutie.<\/p><\/td>\n<td class=\"body-text-size\">\n<h2>\u00c9pissure \u00e0 \u0153il<\/h2>\n<p>La m\u00e9thode d\u2019\u00e9pissure la plus populaire. Sa s\u00e9curit\u00e9 d\u00e9pend principalement de la qualit\u00e9 de fabrication de la m\u00e9thode d\u2019\u00e9pissure. Le manchon permet de s\u00e9curiser l\u2019extr\u00e9mit\u00e9 des brins autour du corps de l\u2019\u00e9lingue. Les manchons en acier sont tr\u00e8s solides et r\u00e9sistants aux abus. L\u2019\u00e9pissure \u00e0 oeil est la m\u00e9thode d\u2019\u00e9pissure pr\u00e9f\u00e9r\u00e9e dans l\u2019industrie de la construction et pour la plupart des applications industrielles d\u2019\u00e9lingues.<\/p>\n<p><strong>La m\u00e9thode d\u2019\u00e9pissure \u00e0 \u0153il ne peut \u00eatre utilis\u00e9e QUE pour des \u00e9lingues<br \/>\n\u00e0 6\u00a0brins et pour les \u00e9lingues Tri-Flex\u1d39\u1d30 standards.<\/strong><\/p>\n<p>Les extr\u00e9mit\u00e9s en boucle pour les \u00e9lingues r\u00e9sistantes \u00e0 la rotation, pour les \u00e9lingues non rotatives et pour les \u00e9lingues de plus de 6 brins n\u00e9cessitent des manchons en acier ou en aluminium.<\/p>\n<p>Les manchons des \u00e9pissures \u00e0 \u0153il sont \u00e9galement propos\u00e9s en acier inoxydable pour les \u00e9lingues en acier inoxydable.<\/p>\n<p>Remarque\u00a0: Les \u00e9lingues en acier inoxydable dot\u00e9es de manchons en acier ordinaire ou en aluminium risquent de se d\u00e9t\u00e9riorer plus rapidement \u00e0 cause d\u2019une r\u00e9action \u00e9lectrochimique entre les deux m\u00e9taux, d\u2019autant plus si les \u00e9lingues sont employ\u00e9es dans un environnement d\u2019eau sal\u00e9e ou corrosif.<\/p>\n<\/td>\n<\/tr>\n<tr>\n<td style=\"padding-top: 20px;border-top: 1px dotted #cccccc\"><img loading=\"lazy\" src=\"\/wp-content\/themes\/unirope\/img\/product-images\/wire-rope-slings\/wrs_alu_sleeve_loop_may2011_01.jpg\" alt=\"\" width=\"200\" height=\"71\" \/><br \/>Boucle standard avec c\u00e2ble m\u00e9tallique Python\u1d39\u1d30 Multi pour les grues de camions utilitaires.<br \/> <img loading=\"lazy\" src=\"\/wp-content\/themes\/unirope\/img\/product-images\/wire-rope-slings\/wrs_alu_sleeve_loop_may2011_02.jpg\" alt=\"\" width=\"200\" height=\"66\" \/><br \/>\u00c9pissure \u00e0 boucle avec cosse Crosby HD.<br \/> <img loading=\"lazy\" src=\"\/wp-content\/themes\/unirope\/img\/product-images\/wire-rope-slings\/wrs_alu_sleeve_loop_may2011_03.jpg\" alt=\"\" width=\"200\" height=\"71\" \/><br \/>\u00c9pissure \u00e0 boucle avec cosse DIN\u00a03090.<br \/> <img loading=\"lazy\" src=\"\/wp-content\/themes\/unirope\/img\/product-images\/wire-rope-slings\/wrs_alu_sleeve_loop_may2011_04.jpg\" alt=\"\" width=\"200\" height=\"63\" \/><br \/>\u00c9pissure \u00e0 boucle avec cosse pleine DIN 3091.<br \/> <img loading=\"lazy\" src=\"\/wp-content\/themes\/unirope\/img\/product-images\/wire-rope-slings\/wrs_alu_sleeve_loop_may2011_05.jpg\" alt=\"\" width=\"200\" height=\"57\" \/><br \/>\u00c9pissure \u00e0 boucle avec cosse pleine DIN\u00a03091.<\/td>\n<td class=\"body-text-size\" style=\"padding-top: 20px;border-top: 1px dotted #cccccc\">\n<h2>\u00c9pissure \u00e0 boucle, \u00e0 manchon en aluminium<\/h2>\n<p>Cette \u00e9pissure est fabriqu\u00e9e en formant une boucle, puis en compressant un manchon en aluminium sur les deux parties du c\u00e2ble. La r\u00e9sistance d\u00e9pend enti\u00e8rement de l\u2019int\u00e9grit\u00e9 du manchon embouti. <\/p>\n<p>Unirope fabrique ses \u00e9pissures conform\u00e9ment aux exigences de la norme europ\u00e9enne EN\u00a013411, \u00e0 partir de manchons et de matrices dont les caract\u00e9ristiques sont conformes \u00e0 cette norme.<\/p>\n<p>Cette m\u00e9thode est employ\u00e9e pour les \u00e9lingues \u00e0 8, 9 et 10\u00a0brins, pour les \u00e9lingues non rotatives (19\u00a0x\u00a07, 19\u00a0x\u00a019, 24\u00a0x\u00a07, 34\u00a0x\u00a07) et pour les \u00e9lingues Tri-Flex\u1d39\u1d30 et Gator-Flex\u1d39\u1d30 command\u00e9es avec des cosses aux extr\u00e9mit\u00e9s.<\/p>\n<table style=\"width: 340px\" border=\"0\" cellspacing=\"0\" cellpadding=\"0\">\n<tbody>\n<tr>\n<td><img loading=\"lazy\" src=\"\/wp-content\/themes\/unirope\/img\/product-images\/wire-rope-slings\/wrs_alu_sleeve_may2011_01.jpg\" alt=\"\" width=\"165\" height=\"69\" \/><\/td>\n<td rowspan=\"3\" width=\"20\">\u00a0<\/td>\n<td><img loading=\"lazy\" src=\"\/wp-content\/themes\/unirope\/img\/product-images\/wire-rope-slings\/wrs_alu_sleeve_may2011_02.jpg\" alt=\"\" width=\"165\" height=\"69\" \/><\/td>\n<\/tr>\n<tr>\n<td>Nous utilisons des manchons coniques pour les c\u00e2bles d\u2019un diam\u00e8tre inf\u00e9rieur \u00e0 24\u00a0mm (contactez votre revendeur local pour conna\u00eetre la disponibilit\u00e9 du produit).<\/td>\n<td>Pour les c\u00e2bles de 26 \u00e0 38\u00a0mm de diam\u00e8tre, nous utilisons des manchons cylindriques (contactez votre revendeur local pour conna\u00eetre la disponibilit\u00e9 du produit).<\/td>\n<\/tr>\n<\/tbody>\n<\/table>\n<\/td>\n<\/tr>\n<tr>\n<td style=\"padding-top: 20px;border-top: 1px dotted #cccccc\"><img loading=\"lazy\" src=\"\/wp-content\/themes\/unirope\/img\/product-images\/wire-rope-slings\/steel_sleev_loopback_2.gif\" alt=\"\" width=\"200\" height=\"59\" \/>\n<p> \u00c9pissure \u00e0 boucle, \u00e0 manchon en acier<br \/>\nUNI-LOC\u1d39\u1d30.<br \/> <img loading=\"lazy\" src=\"\/wp-content\/themes\/unirope\/img\/product-images\/wire-rope-slings\/steel_sleev_loopback_3.gif\" alt=\"\" width=\"200\" height=\"85\" \/><\/p>\n<p> \u00c9pissure GATOR-FLEX\u1d39\u1d30 en 9\u00a0parties \u00e0 manchon en acier UNI-LOC\u1d39\u1d30.<\/p><\/td>\n<td class=\"body-text-size\" style=\"padding-top: 20px;border-top: 1px dotted #cccccc\">\n<h2>\u00c9pissure \u00e0 boucle, \u00e0 manchon en acier<\/h2>\n<p>Il s\u2019agit essentiellement de la m\u00eame m\u00e9thode employ\u00e9e pour\u2008les\u2008\u00e9pissures \u00e0 boucle \u00e0 manchon en aluminium, mais cette \u00e9pissure est fabriqu\u00e9e avec un manchon en aluminium d\u2019un diam\u00e8tre l\u00e9g\u00e8rement inf\u00e9rieur. \u00c9galement propos\u00e9 en acier inoxydable, ce manchon est parfois utilis\u00e9 sur des c\u00e2bles en acier inoxydable d\u2019un diam\u00e8tre sup\u00e9rieur. Les manchons en acier UNI-LOC\u1d39\u1d30 sont employ\u00e9s sur des \u00e9lingues Gator-Flex\u1d39\u1d30.<\/p>\n<p><img loading=\"lazy\" src=\"\/wp-content\/themes\/unirope\/img\/product-images\/wire-rope-slings\/steel_sleev_loopback_1.gif\" alt=\"\" width=\"200\" height=\"142\" \/><\/p>\n<p>Le c\u00e2ble est reboucl\u00e9 dans un manchon (en acier ou en aluminium) qui est embouti pour former un lien permanent entre les deux parties du c\u00e2ble, de mani\u00e8re \u00e0 pouvoir porter une charge.<\/p>\n<\/td>\n<\/tr>\n<tr>\n<td style=\"padding-top: 20px;border-top: 1px dotted #cccccc\"><img loading=\"lazy\" src=\"\/wp-content\/themes\/unirope\/img\/product-images\/wire-rope-slings\/swaged_fittings.gif\" alt=\"\" width=\"200\" height=\"115\" \/><\/td>\n<td class=\"body-text-size\" style=\"padding-top: 20px;border-top: 1px dotted #cccccc\">\n<h2>Raccords emboutis<\/h2>\n<p>Le c\u00e2ble est ins\u00e9r\u00e9 dans l\u2019al\u00e9sage du raccord, puis le raccord est embouti sur le c\u00e2ble. Cette m\u00e9thode est employ\u00e9e pour les boutons, les goujons filet\u00e9s, les douilles ouvertes et ferm\u00e9es, et pour fixer un crochet directement sur le c\u00e2ble. Cette m\u00e9thode peut \u00eatre employ\u00e9e avec presque tous les assemblages de c\u00e2bles pour produire une liaison tr\u00e8s efficace. Unirope fabrique une grande vari\u00e9t\u00e9 de raccords emboutis et personnalis\u00e9s \u00e0 vos exigences.<\/p>\n<p> <strong><a style=\"font-size: 1em\" title=\"Technical Information\" href=\"https:\/\/www.unirope.com\/fr\/produits\/cables\/wire-rope-end-attachments\/\">Veuillez consulter notre ASSEMBLAGES UNI-LOC\u1d39\u1d30<\/a><\/strong><\/p>\n<\/td>\n<\/tr>\n<tr>\n<td style=\"padding-top: 20px;border-top: 1px dotted #cccccc\"><img loading=\"lazy\" src=\"\/wp-content\/themes\/unirope\/img\/product-images\/wire-rope-slings\/spelter_sockets.gif\" alt=\"\" width=\"200\" height=\"115\" \/><\/td>\n<td class=\"body-text-size\" style=\"padding-top: 20px;border-top: 1px dotted #cccccc\">\n<h2>Douilles Conique<\/h2>\n<p>Bien qu\u2019il existe un d\u00e9bat sur le fait que les extr\u00e9mit\u00e9s \u00e0 douille conique sont de vrais raccords d\u2019\u00e9lingue ou non, les douilles coniques sont incluses de mani\u00e8re g\u00e9n\u00e9rale dans les catalogues d\u2019\u00e9lingues. Ce type d\u2019extr\u00e9mit\u00e9 a \u00e9t\u00e9 jusqu\u2019\u00e0 pr\u00e9sent la m\u00e9thode traditionnelle permettant de d\u00e9terminer la r\u00e9sistance r\u00e9elle du c\u00e2ble \u00e0 la rupture. Tous les autres raccordements sont compar\u00e9s \u00e0 la r\u00e9sistance des douilles coniques, consid\u00e9r\u00e9e comme parfaitement \u00e9quivalente \u00e0 la r\u00e9sistance r\u00e9elle du c\u00e2ble.<\/p>\n<\/td>\n<\/tr>\n<\/tbody>\n<\/table>\n","protected":false},"excerpt":{"rendered":"<p>\u00c9lingue UNI-LOC\u1d39\u1d30 standard \u00e0 6\u00a0brins, \u00e0 \u00e9pissure \u00e0 \u0153il emboutie. \u00c9lingue UNI-LOC\u1d39\u1d30 en 3\u00a0parties \u00e0 \u00e9pissure \u00e0 \u0153il TRI-Flex\u1d39\u1d30 emboutie. \u00c9pissure \u00e0 \u0153il La m\u00e9thode d\u2019\u00e9pissure la plus populaire. Sa s\u00e9curit\u00e9 d\u00e9pend principalement de la qualit\u00e9 de fabrication de la m\u00e9thode d\u2019\u00e9pissure. Le manchon permet de s\u00e9curiser l\u2019extr\u00e9mit\u00e9 des brins autour du corps de l\u2019\u00e9lingue. [&hellip;]<\/p>\n","protected":false},"author":1,"featured_media":0,"parent":7049,"menu_order":0,"comment_status":"open","ping_status":"open","template":"","meta":[],"yoast_head":"<!-- This site is optimized with the Yoast SEO plugin v18.1 - https:\/\/yoast.com\/wordpress\/plugins\/seo\/ -->\n<meta name=\"robots\" content=\"index, follow, max-snippet:-1, max-image-preview:large, max-video-preview:-1\" \/>\n<link rel=\"canonical\" href=\"https:\/\/www.unirope.com\/fr\/produits\/elingues\/elingues-en-cable-metallique\/rigging-guidelines\/types-of-wire-rope-sling-terminations\/\" \/>\n<meta property=\"og:locale\" content=\"fr_FR\" \/>\n<meta property=\"og:type\" content=\"article\" \/>\n<meta property=\"og:title\" content=\"Types de raccordements des \u00e9lingues en c\u00e2ble m\u00e9tallique - Unirope Ltd.\" \/>\n<meta property=\"og:description\" content=\"\u00c9lingue UNI-LOC\u1d39\u1d30 standard \u00e0 6\u00a0brins, \u00e0 \u00e9pissure \u00e0 \u0153il emboutie. \u00c9lingue UNI-LOC\u1d39\u1d30 en 3\u00a0parties \u00e0 \u00e9pissure \u00e0 \u0153il TRI-Flex\u1d39\u1d30 emboutie. \u00c9pissure \u00e0 \u0153il La m\u00e9thode d\u2019\u00e9pissure la plus populaire. Sa s\u00e9curit\u00e9 d\u00e9pend principalement de la qualit\u00e9 de fabrication de la m\u00e9thode d\u2019\u00e9pissure. Le manchon permet de s\u00e9curiser l\u2019extr\u00e9mit\u00e9 des brins autour du corps de l\u2019\u00e9lingue. [&hellip;]\" \/>\n<meta property=\"og:url\" content=\"https:\/\/www.unirope.com\/fr\/produits\/elingues\/elingues-en-cable-metallique\/rigging-guidelines\/types-of-wire-rope-sling-terminations\/\" \/>\n<meta property=\"og:site_name\" content=\"Unirope Ltd.\" \/>\n<meta property=\"article:modified_time\" content=\"2019-08-17T03:07:39+00:00\" \/>\n<meta property=\"og:image\" content=\"https:\/\/www.unirope.com\/wp-content\/themes\/unirope\/img\/product-images\/wire-rope-slings\/flemish_eye_splice1.gif\" \/>\n<meta name=\"twitter:label1\" content=\"Dur\u00e9e de lecture estim\u00e9e\" \/>\n\t<meta name=\"twitter:data1\" content=\"4 minutes\" \/>\n<script type=\"application\/ld+json\" class=\"yoast-schema-graph\">{\"@context\":\"https:\/\/schema.org\",\"@graph\":[{\"@type\":\"Organization\",\"@id\":\"https:\/\/www.unirope.com\/#organization\",\"name\":\"Unirope Ltd\",\"url\":\"https:\/\/www.unirope.com\/\",\"sameAs\":[\"https:\/\/www.youtube.com\/channel\/UCYDjk5HBhJLEnptrBbQvjgg\"],\"logo\":{\"@type\":\"ImageObject\",\"@id\":\"https:\/\/www.unirope.com\/#logo\",\"inLanguage\":\"fr-FR\",\"url\":\"https:\/\/www.unirope.com\/wp-content\/uploads\/2012\/06\/unirope_logo.gif\",\"contentUrl\":\"https:\/\/www.unirope.com\/wp-content\/uploads\/2012\/06\/unirope_logo.gif\",\"width\":220,\"height\":50,\"caption\":\"Unirope Ltd\"},\"image\":{\"@id\":\"https:\/\/www.unirope.com\/#logo\"}},{\"@type\":\"WebSite\",\"@id\":\"https:\/\/www.unirope.com\/#website\",\"url\":\"https:\/\/www.unirope.com\/\",\"name\":\"Unirope Ltd.\",\"description\":\"Wire Rope &amp; Rigging Products\",\"publisher\":{\"@id\":\"https:\/\/www.unirope.com\/#organization\"},\"potentialAction\":[{\"@type\":\"SearchAction\",\"target\":{\"@type\":\"EntryPoint\",\"urlTemplate\":\"https:\/\/www.unirope.com\/?s={search_term_string}\"},\"query-input\":\"required name=search_term_string\"}],\"inLanguage\":\"fr-FR\"},{\"@type\":\"ImageObject\",\"@id\":\"https:\/\/www.unirope.com\/fr\/produits\/elingues\/elingues-en-cable-metallique\/rigging-guidelines\/types-of-wire-rope-sling-terminations\/#primaryimage\",\"inLanguage\":\"fr-FR\",\"url\":\"\/wp-content\/themes\/unirope\/img\/product-images\/wire-rope-slings\/flemish_eye_splice1.gif\",\"contentUrl\":\"\/wp-content\/themes\/unirope\/img\/product-images\/wire-rope-slings\/flemish_eye_splice1.gif\"},{\"@type\":\"WebPage\",\"@id\":\"https:\/\/www.unirope.com\/fr\/produits\/elingues\/elingues-en-cable-metallique\/rigging-guidelines\/types-of-wire-rope-sling-terminations\/#webpage\",\"url\":\"https:\/\/www.unirope.com\/fr\/produits\/elingues\/elingues-en-cable-metallique\/rigging-guidelines\/types-of-wire-rope-sling-terminations\/\",\"name\":\"Types de raccordements des \u00e9lingues en c\u00e2ble m\u00e9tallique - Unirope Ltd.\",\"isPartOf\":{\"@id\":\"https:\/\/www.unirope.com\/#website\"},\"primaryImageOfPage\":{\"@id\":\"https:\/\/www.unirope.com\/fr\/produits\/elingues\/elingues-en-cable-metallique\/rigging-guidelines\/types-of-wire-rope-sling-terminations\/#primaryimage\"},\"datePublished\":\"2012-09-11T15:13:46+00:00\",\"dateModified\":\"2019-08-17T03:07:39+00:00\",\"breadcrumb\":{\"@id\":\"https:\/\/www.unirope.com\/fr\/produits\/elingues\/elingues-en-cable-metallique\/rigging-guidelines\/types-of-wire-rope-sling-terminations\/#breadcrumb\"},\"inLanguage\":\"fr-FR\",\"potentialAction\":[{\"@type\":\"ReadAction\",\"target\":[\"https:\/\/www.unirope.com\/fr\/produits\/elingues\/elingues-en-cable-metallique\/rigging-guidelines\/types-of-wire-rope-sling-terminations\/\"]}]},{\"@type\":\"BreadcrumbList\",\"@id\":\"https:\/\/www.unirope.com\/fr\/produits\/elingues\/elingues-en-cable-metallique\/rigging-guidelines\/types-of-wire-rope-sling-terminations\/#breadcrumb\",\"itemListElement\":[{\"@type\":\"ListItem\",\"position\":1,\"name\":\"Home\",\"item\":\"https:\/\/www.unirope.com\/fr\/\"},{\"@type\":\"ListItem\",\"position\":2,\"name\":\"Produits\",\"item\":\"https:\/\/www.unirope.com\/fr\/produits\/\"},{\"@type\":\"ListItem\",\"position\":3,\"name\":\"\u00c9lingues\",\"item\":\"https:\/\/www.unirope.com\/fr\/produits\/elingues\/\"},{\"@type\":\"ListItem\",\"position\":4,\"name\":\"\u00c9lingues en c\u00e2ble m\u00e9tallique\",\"item\":\"https:\/\/www.unirope.com\/fr\/produits\/elingues\/elingues-en-cable-metallique\/\"},{\"@type\":\"ListItem\",\"position\":5,\"name\":\"Le gr\u00e9ement les directives\",\"item\":\"https:\/\/www.unirope.com\/fr\/produits\/elingues\/elingues-en-cable-metallique\/rigging-guidelines\/\"},{\"@type\":\"ListItem\",\"position\":6,\"name\":\"Types de raccordements des \u00e9lingues en c\u00e2ble m\u00e9tallique\"}]}]}<\/script>\n<!-- \/ Yoast SEO plugin. -->","yoast_head_json":{"robots":{"index":"index","follow":"follow","max-snippet":"max-snippet:-1","max-image-preview":"max-image-preview:large","max-video-preview":"max-video-preview:-1"},"canonical":"https:\/\/www.unirope.com\/fr\/produits\/elingues\/elingues-en-cable-metallique\/rigging-guidelines\/types-of-wire-rope-sling-terminations\/","og_locale":"fr_FR","og_type":"article","og_title":"Types de raccordements des \u00e9lingues en c\u00e2ble m\u00e9tallique - Unirope Ltd.","og_description":"\u00c9lingue UNI-LOC\u1d39\u1d30 standard \u00e0 6\u00a0brins, \u00e0 \u00e9pissure \u00e0 \u0153il emboutie. \u00c9lingue UNI-LOC\u1d39\u1d30 en 3\u00a0parties \u00e0 \u00e9pissure \u00e0 \u0153il TRI-Flex\u1d39\u1d30 emboutie. \u00c9pissure \u00e0 \u0153il La m\u00e9thode d\u2019\u00e9pissure la plus populaire. Sa s\u00e9curit\u00e9 d\u00e9pend principalement de la qualit\u00e9 de fabrication de la m\u00e9thode d\u2019\u00e9pissure. Le manchon permet de s\u00e9curiser l\u2019extr\u00e9mit\u00e9 des brins autour du corps de l\u2019\u00e9lingue. [&hellip;]","og_url":"https:\/\/www.unirope.com\/fr\/produits\/elingues\/elingues-en-cable-metallique\/rigging-guidelines\/types-of-wire-rope-sling-terminations\/","og_site_name":"Unirope Ltd.","article_modified_time":"2019-08-17T03:07:39+00:00","og_image":[{"url":"https:\/\/www.unirope.com\/wp-content\/themes\/unirope\/img\/product-images\/wire-rope-slings\/flemish_eye_splice1.gif"}],"twitter_misc":{"Dur\u00e9e de lecture estim\u00e9e":"4 minutes"},"schema":{"@context":"https:\/\/schema.org","@graph":[{"@type":"Organization","@id":"https:\/\/www.unirope.com\/#organization","name":"Unirope Ltd","url":"https:\/\/www.unirope.com\/","sameAs":["https:\/\/www.youtube.com\/channel\/UCYDjk5HBhJLEnptrBbQvjgg"],"logo":{"@type":"ImageObject","@id":"https:\/\/www.unirope.com\/#logo","inLanguage":"fr-FR","url":"https:\/\/www.unirope.com\/wp-content\/uploads\/2012\/06\/unirope_logo.gif","contentUrl":"https:\/\/www.unirope.com\/wp-content\/uploads\/2012\/06\/unirope_logo.gif","width":220,"height":50,"caption":"Unirope Ltd"},"image":{"@id":"https:\/\/www.unirope.com\/#logo"}},{"@type":"WebSite","@id":"https:\/\/www.unirope.com\/#website","url":"https:\/\/www.unirope.com\/","name":"Unirope Ltd.","description":"Wire Rope &amp; Rigging Products","publisher":{"@id":"https:\/\/www.unirope.com\/#organization"},"potentialAction":[{"@type":"SearchAction","target":{"@type":"EntryPoint","urlTemplate":"https:\/\/www.unirope.com\/?s={search_term_string}"},"query-input":"required name=search_term_string"}],"inLanguage":"fr-FR"},{"@type":"ImageObject","@id":"https:\/\/www.unirope.com\/fr\/produits\/elingues\/elingues-en-cable-metallique\/rigging-guidelines\/types-of-wire-rope-sling-terminations\/#primaryimage","inLanguage":"fr-FR","url":"\/wp-content\/themes\/unirope\/img\/product-images\/wire-rope-slings\/flemish_eye_splice1.gif","contentUrl":"\/wp-content\/themes\/unirope\/img\/product-images\/wire-rope-slings\/flemish_eye_splice1.gif"},{"@type":"WebPage","@id":"https:\/\/www.unirope.com\/fr\/produits\/elingues\/elingues-en-cable-metallique\/rigging-guidelines\/types-of-wire-rope-sling-terminations\/#webpage","url":"https:\/\/www.unirope.com\/fr\/produits\/elingues\/elingues-en-cable-metallique\/rigging-guidelines\/types-of-wire-rope-sling-terminations\/","name":"Types de raccordements des \u00e9lingues en c\u00e2ble m\u00e9tallique - Unirope Ltd.","isPartOf":{"@id":"https:\/\/www.unirope.com\/#website"},"primaryImageOfPage":{"@id":"https:\/\/www.unirope.com\/fr\/produits\/elingues\/elingues-en-cable-metallique\/rigging-guidelines\/types-of-wire-rope-sling-terminations\/#primaryimage"},"datePublished":"2012-09-11T15:13:46+00:00","dateModified":"2019-08-17T03:07:39+00:00","breadcrumb":{"@id":"https:\/\/www.unirope.com\/fr\/produits\/elingues\/elingues-en-cable-metallique\/rigging-guidelines\/types-of-wire-rope-sling-terminations\/#breadcrumb"},"inLanguage":"fr-FR","potentialAction":[{"@type":"ReadAction","target":["https:\/\/www.unirope.com\/fr\/produits\/elingues\/elingues-en-cable-metallique\/rigging-guidelines\/types-of-wire-rope-sling-terminations\/"]}]},{"@type":"BreadcrumbList","@id":"https:\/\/www.unirope.com\/fr\/produits\/elingues\/elingues-en-cable-metallique\/rigging-guidelines\/types-of-wire-rope-sling-terminations\/#breadcrumb","itemListElement":[{"@type":"ListItem","position":1,"name":"Home","item":"https:\/\/www.unirope.com\/fr\/"},{"@type":"ListItem","position":2,"name":"Produits","item":"https:\/\/www.unirope.com\/fr\/produits\/"},{"@type":"ListItem","position":3,"name":"\u00c9lingues","item":"https:\/\/www.unirope.com\/fr\/produits\/elingues\/"},{"@type":"ListItem","position":4,"name":"\u00c9lingues en c\u00e2ble m\u00e9tallique","item":"https:\/\/www.unirope.com\/fr\/produits\/elingues\/elingues-en-cable-metallique\/"},{"@type":"ListItem","position":5,"name":"Le gr\u00e9ement les directives","item":"https:\/\/www.unirope.com\/fr\/produits\/elingues\/elingues-en-cable-metallique\/rigging-guidelines\/"},{"@type":"ListItem","position":6,"name":"Types de raccordements des \u00e9lingues en c\u00e2ble m\u00e9tallique"}]}]}},"_links":{"self":[{"href":"https:\/\/www.unirope.com\/fr\/wp-json\/wp\/v2\/pages\/7057"}],"collection":[{"href":"https:\/\/www.unirope.com\/fr\/wp-json\/wp\/v2\/pages"}],"about":[{"href":"https:\/\/www.unirope.com\/fr\/wp-json\/wp\/v2\/types\/page"}],"author":[{"embeddable":true,"href":"https:\/\/www.unirope.com\/fr\/wp-json\/wp\/v2\/users\/1"}],"replies":[{"embeddable":true,"href":"https:\/\/www.unirope.com\/fr\/wp-json\/wp\/v2\/comments?post=7057"}],"version-history":[{"count":0,"href":"https:\/\/www.unirope.com\/fr\/wp-json\/wp\/v2\/pages\/7057\/revisions"}],"up":[{"embeddable":true,"href":"https:\/\/www.unirope.com\/fr\/wp-json\/wp\/v2\/pages\/7049"}],"wp:attachment":[{"href":"https:\/\/www.unirope.com\/fr\/wp-json\/wp\/v2\/media?parent=7057"}],"curies":[{"name":"wp","href":"https:\/\/api.w.org\/{rel}","templated":true}]}}