{"id":7054,"date":"2012-09-06T17:59:11","date_gmt":"2012-09-06T17:59:11","guid":{"rendered":"https:\/\/www.unirope.com\/?page_id=7054"},"modified":"2019-08-13T23:46:06","modified_gmt":"2019-08-13T23:46:06","slug":"sling-angles-and-angularity-factors","status":"publish","type":"page","link":"https:\/\/www.unirope.com\/fr\/produits\/elingues\/elingues-en-cable-metallique\/rigging-guidelines\/sling-angles-and-angularity-factors\/","title":{"rendered":"Angles des \u00e9lingues et facteur d\u2019obliquit\u00e9"},"content":{"rendered":"<p>TousTous les angles d\u2019\u00e9lingue, comme mentionn\u00e9 dans ce catalogue, sont mesur\u00e9s par rapport \u00e0 l\u2019horizontale.<\/p>\n<p>\u00c0 mesure que l\u2019angle diminue, la contrainte impos\u00e9e \u00e0 la branche d\u2019une \u00e9lingue augmente. Une d\u00e9monstration simple l\u2019illustre clairement. Imaginons que quelqu\u2019un tient un poids avec son bras pendant, puis qu\u2019il essaie de lever le m\u00eame poids de c\u00f4t\u00e9 en l\u2019\u00e9loignant de son corps. Lors du calcul de la capacit\u00e9 d\u2019une \u00e9lingue, prenez toujours en compte le facteur le plus important. Comme nous pouvons le voir dans le tableau, la contrainte sur l\u2019\u00e9lingue augmente \u00e9norm\u00e9ment lorsque l\u2019angle est inf\u00e9rieur \u00e0 45&deg;.<\/p>\n<p>Les angles d\u2019\u00e9lingue inf\u00e9rieurs \u00e0 30&deg; ne devraient \u00eatre tol\u00e9r\u00e9s que lorsque le d\u00e9gagement est un facteur contraignant, et un calcul m\u00e9ticuleux devrait \u00eatre fait pour s\u2019assurer qu\u2019une \u00e9lingue de taille appropri\u00e9e est utilis\u00e9e pour fournir des conditions de travail s\u00e9curitaires.<\/p>\n<table class=\"generic-table2\" style=\"width: 500px\" border=\"0\" cellspacing=\"0\" cellpadding=\"0\">\n<tbody>\n<tr>\n<td><img loading=\"lazy\" class=\"alignnone\" src=\"\/wp-content\/themes\/unirope\/img\/product-images\/wire-rope-slings\/insp_angles_1.gif\" alt=\"\" width=\"150\" height=\"113\" \/><\/td>\n<td><img loading=\"lazy\" class=\"aligncenter\" src=\"\/wp-content\/themes\/unirope\/img\/insp_angles_2.gif\" alt=\"\" width=\"150\" height=\"113\" \/><\/td>\n<\/tr>\n<tr>\n<td><img loading=\"lazy\" class=\"alignright\" src=\"\/wp-content\/themes\/unirope\/img\/insp_angles_3.gif\" alt=\"\" width=\"150\" height=\"177\" \/><\/td>\n<td><img loading=\"lazy\" class=\"alignleft\" src=\"\/wp-content\/themes\/unirope\/img\/insp_angles_4.gif\" alt=\"\" width=\"350\" height=\"177\" \/><\/td>\n<\/tr>\n<\/tbody>\n<\/table>\n<h2>Quel angle s\u2019applique?<\/h2>\n<p>Une des questions pos\u00e9es le plus souvent.<br \/> <strong>TOUJOURS<\/strong> appliquer l\u2019angle de l\u2019\u00e9lingue par rapport \u00e0 l\u2019<strong>HORIZONTALE<\/strong>. Si vous utilisez des \u00e9lingues de longueurs in\u00e9gales, appliquez l\u2019angle de l\u2019\u00e9lingue <strong>LE PLUS PETIT<\/strong>.<\/p>\n<table class=\"generic-table2\" style=\"width: 100%\" border=\"0\" cellspacing=\"0\" cellpadding=\"0\">\n<tbody>\n<tr>\n<td colspan=\"3\" valign=\"top\"><img loading=\"lazy\" class=\"aligncenter\" src=\"\/wp-content\/themes\/unirope\/img\/product-images\/wire-rope-slings\/choker_hitch_angles_FR.gif\" alt=\"\" width=\"500\" height=\"160\" \/><\/td>\n<\/tr>\n<\/tbody>\n<\/table>\n<h2>Facteur d\u2019obliquit\u00e9 (FO)<\/h2>\n<p>Bien que les fonctions trigonom\u00e9triques connues s\u2019appliquent \u00e0 tous les calculs de contrainte, plusieurs revues sp\u00e9cialis\u00e9es et plusieurs normes fournissent des exemples particuliers de calculs de r\u00e9sistance d\u2019\u00e9lingue que chacun peut suivre.<\/p>\n<p>Pour un calcul pratique au jour le jour, nous avons trouv\u00e9 que la m\u00e9thode qui suit est la plus facile \u00e0 utiliser pour d\u00e9terminer la taille de l\u2019\u00e9lingue en c\u00e2ble m\u00e9tallique requise.<\/p>\n<div class=\"table-1\">\n<table class=\"data\" style=\"width: 100%\" border=\"0\" cellspacing=\"0\" cellpadding=\"0\">\n<thead>\n<tr>\n<th colspan=\"2\">\u00a0\u00a0<\/th>\n<\/tr>\n<tr>\n<th width=\"50%\">Angle<br \/>par rapport<br \/>\u00e0 l\u2019horizontale:<\/th>\n<th width=\"50%\">Facteur<br \/>d\u2019obliquit\u00e9<br \/>(FO):<\/th>\n<\/tr>\n<\/thead>\n<tbody>\n<tr>\n<td>90<\/td>\n<td>1.000<\/td>\n<\/tr>\n<tr>\n<td>85<\/td>\n<td>1.003<\/td>\n<\/tr>\n<tr>\n<td>80<\/td>\n<td>1.015<\/td>\n<\/tr>\n<tr>\n<td>75<\/td>\n<td>1.035<\/td>\n<\/tr>\n<tr>\n<td>70<\/td>\n<td>1.064<\/td>\n<\/tr>\n<tr>\n<td>65<\/td>\n<td>1.103<\/td>\n<\/tr>\n<tr>\n<td>60<\/td>\n<td>1.154<\/td>\n<\/tr>\n<tr>\n<td>55<\/td>\n<td>1.220<\/td>\n<\/tr>\n<tr>\n<td>50<\/td>\n<td>1.305<\/td>\n<\/tr>\n<tr>\n<td>45<\/td>\n<td>1.414<\/td>\n<\/tr>\n<tr>\n<td>40<\/td>\n<td>1.555<\/td>\n<\/tr>\n<tr>\n<td>35<\/td>\n<td>1.743<\/td>\n<\/tr>\n<tr>\n<td>30<\/td>\n<td>2.000<\/td>\n<\/tr>\n<tr>\n<td>(25)<\/td>\n<td>(2.366)<\/td>\n<\/tr>\n<tr>\n<td>(20)<\/td>\n<td>(2.924)<\/td>\n<\/tr>\n<tr>\n<td>(15)<\/td>\n<td>(3.863)<\/td>\n<\/tr>\n<tr>\n<td>(10)<\/td>\n<td>(5.759)<\/td>\n<\/tr>\n<\/tbody>\n<\/table>\n<\/div>\n<div class=\"table-1\">\n<table class=\"data\" style=\"width: 100%\" border=\"0\" cellspacing=\"0\" cellpadding=\"0\">\n<thead>\n<tr>\n<th colspan=\"2\" style=\"text-align:center;\">Capacit\u00e9 de levage vertical<br \/>pour un c\u00e2ble \u00e0 \u00e2me m\u00e9tallique<br \/>c\u00e2bl\u00e9e \u00e0 6\u00a0brins<\/th>\n<\/tr>\n<tr>\n<th width=\"50%\">CMU<br \/>tonnes<\/th>\n<th width=\"50%\">Diam\u00e8tre<br \/>pouce<\/th>\n<\/tr>\n<\/thead>\n<tbody>\n<tr>\n<td>1.3<\/td>\n<td>3\/8<\/td>\n<\/tr>\n<tr>\n<td>1.8<\/td>\n<td>7\/16<\/td>\n<\/tr>\n<tr>\n<td>2.3<\/td>\n<td>1\/2<\/td>\n<\/tr>\n<tr>\n<td>2.8<\/td>\n<td>9\/16<\/td>\n<\/tr>\n<tr>\n<td>3.5<\/td>\n<td>5\/8<\/td>\n<\/tr>\n<tr>\n<td>5.1<\/td>\n<td>3\/4<\/td>\n<\/tr>\n<tr>\n<td>6.9<\/td>\n<td>7\/8<\/td>\n<\/tr>\n<tr>\n<td>8.9<\/td>\n<td>1<\/td>\n<\/tr>\n<tr>\n<td>11<\/td>\n<td>1-1\/8<\/td>\n<\/tr>\n<tr>\n<td>13<\/td>\n<td>1-1\/4<\/td>\n<\/tr>\n<tr>\n<td>16<\/td>\n<td>1-3\/8<\/td>\n<\/tr>\n<tr>\n<td>19<\/td>\n<td>1-1\/2<\/td>\n<\/tr>\n<tr>\n<td>26<\/td>\n<td>1-3\/4<\/td>\n<\/tr>\n<tr>\n<td>33<\/td>\n<td>2<\/td>\n<\/tr>\n<tr>\n<td>43<\/td>\n<td>2-1\/4<\/td>\n<\/tr>\n<tr>\n<td>52<\/td>\n<td>2-1\/2<\/td>\n<\/tr>\n<\/tbody>\n<\/table>\n<\/div>\n<div class=\"box-half clearfix\" style=\"float: left\">\n<p><strong>Exemple<\/strong><\/p>\n<p>Une charge de 5 tonnes doit \u00eatre soulev\u00e9e avec une \u00e9lingue dot\u00e9e d\u2019une bride \u00e0 branche double. L\u2019angle de l\u2019\u00e9lingue par rapport \u00e0 l\u2019horizontale est de 50\u02da, les branches des \u00e9lingues sont d\u2019\u00e9gales longueurs, et le centre de gravit\u00e9 est au centre de la charge (si ce n\u2019est pas le cas, consultez la <a href=\"https:\/\/www.unirope.com\/fr\/produits\/elingues\/elingues-en-cable-metallique\/rigging-guidelines\/center-of-gravity-cg\/\">Centre de Gravit\u00e9<\/a>).<\/p>\n<p>Solution pour trouver la taille de l\u2019\u00e9lingue en c\u00e2ble m\u00e9tallique:<\/p>\n<p><img loading=\"lazy\" class=\"aligncenter\" src=\"\/wp-content\/themes\/unirope\/img\/product-images\/wire-rope-slings\/sling_angle_factor_FR.jpg\" alt=\"\" width=\"200\" height=\"191\" \/><\/p>\n<p>3,26 tonnes est la capacit\u00e9 VERTICALE requise pour chaque branche. Consultez le tableau est s\u00e9lectionnez la taille requise pour l\u2019\u00e9lingue. Dans ce cas, vous devez utiliser un c\u00e2ble \u00e0 \u00e2me m\u00e9tallique c\u00e2bl\u00e9e \u00e0 6 brins d\u2019un diam\u00e8tre de 5\/8 po pour l\u2019\u00e9lingue dot\u00e9e d\u2019une bride \u00e0 branche double.<\/p>\n<\/div>\n<div class=\"box clearfix\" style=\"float: left\">\n<p><strong>REMARQUE:<\/strong> Souvenez-vous d\u2019appliquer les facteurs de r\u00e9duction suppl\u00e9mentaires tel que requis ; p. ex. les facteurs de r\u00e9duction pour attelage \u00e0 collier \u00e9trangleur et pour le rapport D\/d.<br \/>(..) Les angles de moins -10- de 30\u02da devraient \u00eatre \u00e9vit\u00e9s.<\/p>\n<\/div>\n","protected":false},"excerpt":{"rendered":"<p>TousTous les angles d\u2019\u00e9lingue, comme mentionn\u00e9 dans ce catalogue, sont mesur\u00e9s par rapport \u00e0 l\u2019horizontale. \u00c0 mesure que l\u2019angle diminue, la contrainte impos\u00e9e \u00e0 la branche d\u2019une \u00e9lingue augmente. Une d\u00e9monstration simple l\u2019illustre clairement. Imaginons que quelqu\u2019un tient un poids avec son bras pendant, puis qu\u2019il essaie de lever le m\u00eame poids de c\u00f4t\u00e9 en [&hellip;]<\/p>\n","protected":false},"author":1,"featured_media":0,"parent":7049,"menu_order":0,"comment_status":"open","ping_status":"open","template":"","meta":[],"yoast_head":"<!-- This site is optimized with the Yoast SEO plugin v18.1 - https:\/\/yoast.com\/wordpress\/plugins\/seo\/ -->\n<meta name=\"robots\" content=\"index, follow, max-snippet:-1, max-image-preview:large, max-video-preview:-1\" \/>\n<link rel=\"canonical\" href=\"https:\/\/www.unirope.com\/fr\/produits\/elingues\/elingues-en-cable-metallique\/rigging-guidelines\/sling-angles-and-angularity-factors\/\" \/>\n<meta property=\"og:locale\" content=\"fr_FR\" \/>\n<meta property=\"og:type\" content=\"article\" \/>\n<meta property=\"og:title\" content=\"Angles des \u00e9lingues et facteur d\u2019obliquit\u00e9 - Unirope Ltd.\" \/>\n<meta property=\"og:description\" content=\"TousTous les angles d\u2019\u00e9lingue, comme mentionn\u00e9 dans ce catalogue, sont mesur\u00e9s par rapport \u00e0 l\u2019horizontale. \u00c0 mesure que l\u2019angle diminue, la contrainte impos\u00e9e \u00e0 la branche d\u2019une \u00e9lingue augmente. Une d\u00e9monstration simple l\u2019illustre clairement. Imaginons que quelqu\u2019un tient un poids avec son bras pendant, puis qu\u2019il essaie de lever le m\u00eame poids de c\u00f4t\u00e9 en [&hellip;]\" \/>\n<meta property=\"og:url\" content=\"https:\/\/www.unirope.com\/fr\/produits\/elingues\/elingues-en-cable-metallique\/rigging-guidelines\/sling-angles-and-angularity-factors\/\" \/>\n<meta property=\"og:site_name\" content=\"Unirope Ltd.\" \/>\n<meta property=\"article:modified_time\" content=\"2019-08-13T23:46:06+00:00\" \/>\n<meta property=\"og:image\" content=\"https:\/\/www.unirope.com\/wp-content\/themes\/unirope\/img\/product-images\/wire-rope-slings\/insp_angles_1.gif\" \/>\n<meta name=\"twitter:label1\" content=\"Dur\u00e9e de lecture estim\u00e9e\" \/>\n\t<meta name=\"twitter:data1\" content=\"2 minutes\" \/>\n<script type=\"application\/ld+json\" class=\"yoast-schema-graph\">{\"@context\":\"https:\/\/schema.org\",\"@graph\":[{\"@type\":\"Organization\",\"@id\":\"https:\/\/www.unirope.com\/#organization\",\"name\":\"Unirope Ltd\",\"url\":\"https:\/\/www.unirope.com\/\",\"sameAs\":[\"https:\/\/www.youtube.com\/channel\/UCYDjk5HBhJLEnptrBbQvjgg\"],\"logo\":{\"@type\":\"ImageObject\",\"@id\":\"https:\/\/www.unirope.com\/#logo\",\"inLanguage\":\"fr-FR\",\"url\":\"https:\/\/www.unirope.com\/wp-content\/uploads\/2012\/06\/unirope_logo.gif\",\"contentUrl\":\"https:\/\/www.unirope.com\/wp-content\/uploads\/2012\/06\/unirope_logo.gif\",\"width\":220,\"height\":50,\"caption\":\"Unirope Ltd\"},\"image\":{\"@id\":\"https:\/\/www.unirope.com\/#logo\"}},{\"@type\":\"WebSite\",\"@id\":\"https:\/\/www.unirope.com\/#website\",\"url\":\"https:\/\/www.unirope.com\/\",\"name\":\"Unirope Ltd.\",\"description\":\"Wire Rope &amp; Rigging Products\",\"publisher\":{\"@id\":\"https:\/\/www.unirope.com\/#organization\"},\"potentialAction\":[{\"@type\":\"SearchAction\",\"target\":{\"@type\":\"EntryPoint\",\"urlTemplate\":\"https:\/\/www.unirope.com\/?s={search_term_string}\"},\"query-input\":\"required name=search_term_string\"}],\"inLanguage\":\"fr-FR\"},{\"@type\":\"ImageObject\",\"@id\":\"https:\/\/www.unirope.com\/fr\/produits\/elingues\/elingues-en-cable-metallique\/rigging-guidelines\/sling-angles-and-angularity-factors\/#primaryimage\",\"inLanguage\":\"fr-FR\",\"url\":\"\/wp-content\/themes\/unirope\/img\/product-images\/wire-rope-slings\/insp_angles_1.gif\",\"contentUrl\":\"\/wp-content\/themes\/unirope\/img\/product-images\/wire-rope-slings\/insp_angles_1.gif\"},{\"@type\":\"WebPage\",\"@id\":\"https:\/\/www.unirope.com\/fr\/produits\/elingues\/elingues-en-cable-metallique\/rigging-guidelines\/sling-angles-and-angularity-factors\/#webpage\",\"url\":\"https:\/\/www.unirope.com\/fr\/produits\/elingues\/elingues-en-cable-metallique\/rigging-guidelines\/sling-angles-and-angularity-factors\/\",\"name\":\"Angles des \u00e9lingues et facteur d\u2019obliquit\u00e9 - Unirope Ltd.\",\"isPartOf\":{\"@id\":\"https:\/\/www.unirope.com\/#website\"},\"primaryImageOfPage\":{\"@id\":\"https:\/\/www.unirope.com\/fr\/produits\/elingues\/elingues-en-cable-metallique\/rigging-guidelines\/sling-angles-and-angularity-factors\/#primaryimage\"},\"datePublished\":\"2012-09-06T17:59:11+00:00\",\"dateModified\":\"2019-08-13T23:46:06+00:00\",\"breadcrumb\":{\"@id\":\"https:\/\/www.unirope.com\/fr\/produits\/elingues\/elingues-en-cable-metallique\/rigging-guidelines\/sling-angles-and-angularity-factors\/#breadcrumb\"},\"inLanguage\":\"fr-FR\",\"potentialAction\":[{\"@type\":\"ReadAction\",\"target\":[\"https:\/\/www.unirope.com\/fr\/produits\/elingues\/elingues-en-cable-metallique\/rigging-guidelines\/sling-angles-and-angularity-factors\/\"]}]},{\"@type\":\"BreadcrumbList\",\"@id\":\"https:\/\/www.unirope.com\/fr\/produits\/elingues\/elingues-en-cable-metallique\/rigging-guidelines\/sling-angles-and-angularity-factors\/#breadcrumb\",\"itemListElement\":[{\"@type\":\"ListItem\",\"position\":1,\"name\":\"Home\",\"item\":\"https:\/\/www.unirope.com\/fr\/\"},{\"@type\":\"ListItem\",\"position\":2,\"name\":\"Produits\",\"item\":\"https:\/\/www.unirope.com\/fr\/produits\/\"},{\"@type\":\"ListItem\",\"position\":3,\"name\":\"\u00c9lingues\",\"item\":\"https:\/\/www.unirope.com\/fr\/produits\/elingues\/\"},{\"@type\":\"ListItem\",\"position\":4,\"name\":\"\u00c9lingues en c\u00e2ble m\u00e9tallique\",\"item\":\"https:\/\/www.unirope.com\/fr\/produits\/elingues\/elingues-en-cable-metallique\/\"},{\"@type\":\"ListItem\",\"position\":5,\"name\":\"Le gr\u00e9ement les directives\",\"item\":\"https:\/\/www.unirope.com\/fr\/produits\/elingues\/elingues-en-cable-metallique\/rigging-guidelines\/\"},{\"@type\":\"ListItem\",\"position\":6,\"name\":\"Angles des \u00e9lingues et facteur d\u2019obliquit\u00e9\"}]}]}<\/script>\n<!-- \/ Yoast SEO plugin. -->","yoast_head_json":{"robots":{"index":"index","follow":"follow","max-snippet":"max-snippet:-1","max-image-preview":"max-image-preview:large","max-video-preview":"max-video-preview:-1"},"canonical":"https:\/\/www.unirope.com\/fr\/produits\/elingues\/elingues-en-cable-metallique\/rigging-guidelines\/sling-angles-and-angularity-factors\/","og_locale":"fr_FR","og_type":"article","og_title":"Angles des \u00e9lingues et facteur d\u2019obliquit\u00e9 - Unirope Ltd.","og_description":"TousTous les angles d\u2019\u00e9lingue, comme mentionn\u00e9 dans ce catalogue, sont mesur\u00e9s par rapport \u00e0 l\u2019horizontale. \u00c0 mesure que l\u2019angle diminue, la contrainte impos\u00e9e \u00e0 la branche d\u2019une \u00e9lingue augmente. Une d\u00e9monstration simple l\u2019illustre clairement. Imaginons que quelqu\u2019un tient un poids avec son bras pendant, puis qu\u2019il essaie de lever le m\u00eame poids de c\u00f4t\u00e9 en [&hellip;]","og_url":"https:\/\/www.unirope.com\/fr\/produits\/elingues\/elingues-en-cable-metallique\/rigging-guidelines\/sling-angles-and-angularity-factors\/","og_site_name":"Unirope Ltd.","article_modified_time":"2019-08-13T23:46:06+00:00","og_image":[{"url":"https:\/\/www.unirope.com\/wp-content\/themes\/unirope\/img\/product-images\/wire-rope-slings\/insp_angles_1.gif"}],"twitter_misc":{"Dur\u00e9e de lecture estim\u00e9e":"2 minutes"},"schema":{"@context":"https:\/\/schema.org","@graph":[{"@type":"Organization","@id":"https:\/\/www.unirope.com\/#organization","name":"Unirope Ltd","url":"https:\/\/www.unirope.com\/","sameAs":["https:\/\/www.youtube.com\/channel\/UCYDjk5HBhJLEnptrBbQvjgg"],"logo":{"@type":"ImageObject","@id":"https:\/\/www.unirope.com\/#logo","inLanguage":"fr-FR","url":"https:\/\/www.unirope.com\/wp-content\/uploads\/2012\/06\/unirope_logo.gif","contentUrl":"https:\/\/www.unirope.com\/wp-content\/uploads\/2012\/06\/unirope_logo.gif","width":220,"height":50,"caption":"Unirope Ltd"},"image":{"@id":"https:\/\/www.unirope.com\/#logo"}},{"@type":"WebSite","@id":"https:\/\/www.unirope.com\/#website","url":"https:\/\/www.unirope.com\/","name":"Unirope Ltd.","description":"Wire Rope &amp; Rigging Products","publisher":{"@id":"https:\/\/www.unirope.com\/#organization"},"potentialAction":[{"@type":"SearchAction","target":{"@type":"EntryPoint","urlTemplate":"https:\/\/www.unirope.com\/?s={search_term_string}"},"query-input":"required name=search_term_string"}],"inLanguage":"fr-FR"},{"@type":"ImageObject","@id":"https:\/\/www.unirope.com\/fr\/produits\/elingues\/elingues-en-cable-metallique\/rigging-guidelines\/sling-angles-and-angularity-factors\/#primaryimage","inLanguage":"fr-FR","url":"\/wp-content\/themes\/unirope\/img\/product-images\/wire-rope-slings\/insp_angles_1.gif","contentUrl":"\/wp-content\/themes\/unirope\/img\/product-images\/wire-rope-slings\/insp_angles_1.gif"},{"@type":"WebPage","@id":"https:\/\/www.unirope.com\/fr\/produits\/elingues\/elingues-en-cable-metallique\/rigging-guidelines\/sling-angles-and-angularity-factors\/#webpage","url":"https:\/\/www.unirope.com\/fr\/produits\/elingues\/elingues-en-cable-metallique\/rigging-guidelines\/sling-angles-and-angularity-factors\/","name":"Angles des \u00e9lingues et facteur d\u2019obliquit\u00e9 - Unirope Ltd.","isPartOf":{"@id":"https:\/\/www.unirope.com\/#website"},"primaryImageOfPage":{"@id":"https:\/\/www.unirope.com\/fr\/produits\/elingues\/elingues-en-cable-metallique\/rigging-guidelines\/sling-angles-and-angularity-factors\/#primaryimage"},"datePublished":"2012-09-06T17:59:11+00:00","dateModified":"2019-08-13T23:46:06+00:00","breadcrumb":{"@id":"https:\/\/www.unirope.com\/fr\/produits\/elingues\/elingues-en-cable-metallique\/rigging-guidelines\/sling-angles-and-angularity-factors\/#breadcrumb"},"inLanguage":"fr-FR","potentialAction":[{"@type":"ReadAction","target":["https:\/\/www.unirope.com\/fr\/produits\/elingues\/elingues-en-cable-metallique\/rigging-guidelines\/sling-angles-and-angularity-factors\/"]}]},{"@type":"BreadcrumbList","@id":"https:\/\/www.unirope.com\/fr\/produits\/elingues\/elingues-en-cable-metallique\/rigging-guidelines\/sling-angles-and-angularity-factors\/#breadcrumb","itemListElement":[{"@type":"ListItem","position":1,"name":"Home","item":"https:\/\/www.unirope.com\/fr\/"},{"@type":"ListItem","position":2,"name":"Produits","item":"https:\/\/www.unirope.com\/fr\/produits\/"},{"@type":"ListItem","position":3,"name":"\u00c9lingues","item":"https:\/\/www.unirope.com\/fr\/produits\/elingues\/"},{"@type":"ListItem","position":4,"name":"\u00c9lingues en c\u00e2ble m\u00e9tallique","item":"https:\/\/www.unirope.com\/fr\/produits\/elingues\/elingues-en-cable-metallique\/"},{"@type":"ListItem","position":5,"name":"Le gr\u00e9ement les directives","item":"https:\/\/www.unirope.com\/fr\/produits\/elingues\/elingues-en-cable-metallique\/rigging-guidelines\/"},{"@type":"ListItem","position":6,"name":"Angles des \u00e9lingues et facteur d\u2019obliquit\u00e9"}]}]}},"_links":{"self":[{"href":"https:\/\/www.unirope.com\/fr\/wp-json\/wp\/v2\/pages\/7054"}],"collection":[{"href":"https:\/\/www.unirope.com\/fr\/wp-json\/wp\/v2\/pages"}],"about":[{"href":"https:\/\/www.unirope.com\/fr\/wp-json\/wp\/v2\/types\/page"}],"author":[{"embeddable":true,"href":"https:\/\/www.unirope.com\/fr\/wp-json\/wp\/v2\/users\/1"}],"replies":[{"embeddable":true,"href":"https:\/\/www.unirope.com\/fr\/wp-json\/wp\/v2\/comments?post=7054"}],"version-history":[{"count":0,"href":"https:\/\/www.unirope.com\/fr\/wp-json\/wp\/v2\/pages\/7054\/revisions"}],"up":[{"embeddable":true,"href":"https:\/\/www.unirope.com\/fr\/wp-json\/wp\/v2\/pages\/7049"}],"wp:attachment":[{"href":"https:\/\/www.unirope.com\/fr\/wp-json\/wp\/v2\/media?parent=7054"}],"curies":[{"name":"wp","href":"https:\/\/api.w.org\/{rel}","templated":true}]}}