{"id":7053,"date":"2012-09-05T19:28:46","date_gmt":"2012-09-05T19:28:46","guid":{"rendered":"https:\/\/www.unirope.com\/?page_id=7053"},"modified":"2019-08-13T23:33:07","modified_gmt":"2019-08-13T23:33:07","slug":"dd-ratio-and-the-effect-on-sling-capacity","status":"publish","type":"page","link":"https:\/\/www.unirope.com\/fr\/produits\/elingues\/elingues-en-cable-metallique\/rigging-guidelines\/dd-ratio-and-the-effect-on-sling-capacity\/","title":{"rendered":"Rapport D\/d et son effet sur la capacit\u00e9 de l\u2019\u00e9lingue"},"content":{"rendered":"<table class=\"generic-table2\" style=\"width: 100%\" border=\"0\" cellspacing=\"0\" cellpadding=\"0\">\n<col width=\"40%\" \/>\n<col width=\"55%\" \/>\n<tbody>\n<tr>\n<td class=\"body-text-size\">\n<p>Le rapport D\/d est le diam\u00e8tre autour duquel l\u2019\u00e9lingue est recourb\u00e9e divis\u00e9 par le diam\u00e8tre du corps de l\u2019\u00e9lingue.<\/p>\n<p><strong>Exemple:<\/strong> Un c\u00e2ble m\u00e9tallique de 1\/2 po de diam\u00e8tre est recourb\u00e9 autour d\u2019un tuyau de 10 po de diam\u00e8tre ; le rapport D\/d est donc 10 po divis\u00e9 par 1\/2 po, soit un rapport D\/d de 20:1.<\/p>\n<p>Ce rapport a un effet sur la capacit\u00e9 nominale des \u00e9lingues.<\/p>\n<\/td>\n<td><img class=\"aligncenter\" src=\"\/wp-content\/themes\/unirope\/img\/product-images\/wire-rope-slings\/ddratio_table-fr.jpg\" alt=\"\" width=\"350\" \/>\n<p>Lorsqu\u2019un c\u00e2ble m\u00e9tallique est enroul\u00e9 autour d\u2019une poulie ou d\u2019un autre objet, on constate une perte de la r\u00e9sistance due \u00e0 la courbure. Alors que le rapport D\/d diminue, cette perte de r\u00e9sistance augmente et le c\u00e2ble perd de son efficacit\u00e9. Cette courbe illustre l\u2019efficacit\u00e9 du diam\u00e8tre d\u2019un c\u00e2ble \u00e0 diff\u00e9rents rapports D\/d. Cette courbe est bas\u00e9e sur des charges statiques et s\u2019applique \u00e0 des c\u00e2bles m\u00e9talliques \u00e0 6 brins de classes 6 x 19 et 6 x 37.<\/p>\n<\/td>\n<\/tr>\n<\/tbody>\n<\/table>\n<h2>\u0152il et \u00e9lingues \u00e0 \u0153il<\/h2>\n<p>La BOUCLE d\u2019un \u0152il et d\u2019une \u00e9lingue \u00e0 \u0152il a presque le DOUBLE de la r\u00e9sistance de son corps. Pour cette raison, le rapport D\/d de la BOUCLE est beaucoup moins important que lorsque l\u2019\u00e9lingue est employ\u00e9e dans un attelage en PANIER.<\/p>\n<p>Dans la plupart des cas, la manille ou le crochet sur lesquels l\u2019\u00e9lingue est plac\u00e9e a un rapport D\/d suffisant. Cependant, il faut \u00e9viter de placer un objet trop GRAND dans l\u2019\u0152il, car cela provoque des forces divis\u00e9es qui affectent l\u2019\u00e9pissure et la s\u00e9curit\u00e9 de l\u2019\u00e9lingue. L\u2019objet (une manille, un crochet de grue, une barre d\u2019acier, etc.) que vous placez dans l\u2019\u0152il de l\u2019\u00e9lingue ne doit pas \u00eatre plus grand que la moiti\u00e9 de la longueur de l\u2019\u0152il.<\/p>\n<p>Lorsqu\u2019une \u00e9lingue est employ\u00e9e dans un <b>ATTELAGE EN PANIER ou dans un COLLIER \u00c9TRANGLEUR<\/b> dont les rapports D\/d sont inf\u00e9rieurs \u00e0 ceux indiqu\u00e9s dans les tableaux de capacit\u00e9s, les capacit\u00e9s ou charges nominales doivent \u00eatre r\u00e9duites.<\/p>\n<p>Par exemple: Les capacit\u00e9s de l\u2019attelage EN PANIER ou du COLLIER \u00c9TRANGLEUR indiqu\u00e9es (dans toutes les normes et dans toutes les r\u00e9glementations) pour des c\u00e2bles \u00e0 6 brins sont bas\u00e9es sur un rapport D\/d minimum de 25 :1.<\/p>\n<p>Un objet que vous placez dans une \u00e9lingue en c\u00e2ble m\u00e9tallique \u00e0 6 brins d\u2019un diam\u00e8tre de 1 po \u00e0 l\u2019aide d\u2019un attelage en panier ou d\u2019un collier \u00e9trangleur doit avoir un diam\u00e8tre minimum de 25 po. Si l\u2019objet est plus petit que le rapport D\/d de 25 :1 indiqu\u00e9, la capacit\u00e9 ou charge nominale doit \u00eatre r\u00e9duite. Le tableau A illustre le pourcentage de r\u00e9duction attendu.<\/p>\n<p>Remarque: Le rapport D\/d minimum pour les \u00e9lingues GATOR-FLEX\u1d39\u1d30 et TRI-FLEX\u1d39\u1d30 est de 5 :1. Si vous devez soulever de petits objets et que vous ne voulez pas que votre \u00e9lingue se tortille ou se plie constamment, utilisez l\u2019un de ces types.<\/p>\n<table class=\"generic-table2\" style=\"width: 100%\" border=\"0\" cellspacing=\"0\" cellpadding=\"0\">\n<tbody>\n<tr>\n<td>\n<p><img loading=\"lazy\" class=\"aligncenter\" src=\"\/wp-content\/themes\/unirope\/img\/product-images\/wire-rope-slings\/eye_eye_sling_1.gif\" alt=\"\" width=\"86\" height=\"200\" \/><\/p>\n<\/td>\n<td><img loading=\"lazy\" class=\"aligncenter\" src=\"\/wp-content\/themes\/unirope\/img\/product-images\/wire-rope-slings\/eye_eye_sling_2.gif\" alt=\"\" width=\"53\" height=\"200\" \/><\/td>\n<td><img loading=\"lazy\" class=\"aligncenter\" src=\"\/wp-content\/themes\/unirope\/img\/product-images\/wire-rope-slings\/eye_eye_sling_3.gif\" alt=\"\" width=\"134\" height=\"200\" \/><\/td>\n<td><img loading=\"lazy\" class=\"aligncenter\" src=\"\/wp-content\/themes\/unirope\/img\/product-images\/wire-rope-slings\/eye_eye_sling_4.gif\" alt=\"\" width=\"81\" height=\"200\" \/><\/td>\n<td><img loading=\"lazy\" class=\"aligncenter\" src=\"\/wp-content\/themes\/unirope\/img\/product-images\/wire-rope-slings\/eye_eye_sling_5.gif\" alt=\"\" width=\"93\" height=\"200\" \/><\/td>\n<\/tr>\n<tr>\n<td>La longueur de l\u2019\u0152il ne doit PAS \u00eatre inf\u00e9rieure \u00e0 deux fois le diam\u00e8tre de l\u2019objet (p. ex. un crochet).<\/td>\n<td>Si le corps de la manille a AU MOINS le m\u00eame diam\u00e8tre que l\u2019\u00e9lingue (rapport D\/d de 1 :1), la capacit\u00e9 nominale est ad\u00e9quate.<\/td>\n<td>Si l\u2019objet soulev\u00e9 \u00e0 l\u2019aide d\u2019une \u00e9lingue en c\u00e2ble m\u00e9tallique \u00e0 6 brins dans un attelage en panier a un diam\u00e8tre au moins 25 fois sup\u00e9rieur \u00e0 celui de l\u2019\u00e9lingue (rapport D\/d de 25 :1), la capacit\u00e9 du panier est ad\u00e9quate.<\/td>\n<td>Si la manille ou l\u2019objet a 2 fois le diam\u00e8tre d\u2019une \u00e9lingue en c\u00e2ble m\u00e9tallique \u00e0 6 brins (rapport D\/d de 2 :1), la capacit\u00e9 du panier doit \u00eatre r\u00e9duite de 40 %.<\/td>\n<td>Il est pr\u00e9f\u00e9rable d\u2019utiliser une manille plus grande ou une manille \u00e0 corps large. Si la manille ou l\u2019objet \u00e0 au moins 5 fois le diam\u00e8tre de l\u2019\u00e9lingue (rapport D\/d de 5 :1), la capacit\u00e9 du panier doit encore \u00eatre r\u00e9duite d\u2019environ 25 %.<\/td>\n<\/tr>\n<\/tbody>\n<\/table>\n<table class=\"generic-table2\" style=\"width: 100%\" border=\"0\" cellspacing=\"0\" cellpadding=\"0\">\n<tbody>\n<tr>\n<td>\n<p><img loading=\"lazy\" class=\"aligncenter\" src=\"\/wp-content\/themes\/unirope\/img\/product-images\/wire-rope-slings\/eye_eye_sling_6.jpg\" alt=\"\" width=\"89\" height=\"150\" \/><\/p>\n<\/td>\n<td><img loading=\"lazy\" class=\"aligncenter\" src=\"\/wp-content\/themes\/unirope\/img\/product-images\/wire-rope-slings\/eye_eye_sling_7.jpg\" alt=\"\" width=\"133\" height=\"150\" \/><\/td>\n<td><img loading=\"lazy\" class=\"aligncenter\" src=\"\/wp-content\/themes\/unirope\/img\/product-images\/wire-rope-slings\/eye_eye_sling_8.jpg\" alt=\"\" width=\"220\" height=\"150\" \/><\/td>\n<\/tr>\n<tr>\n<td>Les manilles Crosby\u1d39\u1d30 \u00e0 large corps existent dans des capacit\u00e9s allant de 75 tonnes \u00e0 1000 tonnes.<\/td>\n<td>Les manilles standards ont un corps arrondi et ont des capacit\u00e9s nominales allant de 1\/3 tonne \u00e0 400 tonnes.<\/td>\n<td>Les crochets doivent avoir une \u00e9paisseur suffisante pour garantir un rapport D\/d ad\u00e9quat pour l\u2019\u00e9lingue, particuli\u00e8rement lorsque l\u2019\u00e9lingue est employ\u00e9e dans un attelage en panier invers\u00e9, \u00e0 savoir que le CORPS de l\u2019\u00e9lingue est plac\u00e9 dans les crochets et que les BOUCLES de l\u2019\u00e9lingue sont tourn\u00e9es vers le bas.<\/td>\n<\/tr>\n<\/tbody>\n<\/table>\n<h2>\u00c9lingues sans fin<\/h2>\n<p>Les \u00e9lingues sans fin N\u2019ONT PAS CETTE BOUCLE qui a le double de la r\u00e9sistance du corps de l\u2019\u00e9lingue. Avant CHAQUE utilisation, VOUS, l\u2019utilisateur, devez d\u00e9terminer si le rapport D\/d est \u00e9gal ou sup\u00e9rieur \u00e0 ceux indiqu\u00e9s dans les tableaux de capacit\u00e9.<\/p>\n<p>Pour les \u00e9lingues sans fin en c\u00e2ble m\u00e9tallique de type Gator-Flex et \u00e0 6 brins, les capacit\u00e9s nominales ont d\u00e9j\u00e0 \u00e9t\u00e9 ajust\u00e9es au rapport D\/d de 5 :1.<\/p>\n<p>Veuillez consulter les tableaux des charges nominales pour plus de d\u00e9tails.<\/p>\n<table class=\"generic-table2\" style=\"width: 100%\" border=\"0\" cellspacing=\"0\" cellpadding=\"0\">\n<tbody>\n<tr>\n<td>\n<p><img loading=\"lazy\" class=\"aligncenter\" src=\"\/wp-content\/themes\/unirope\/img\/product-images\/wire-rope-slings\/endless_sling_1.gif\" alt=\"\" width=\"86\" height=\"200\" \/><\/p>\n<\/td>\n<td><img loading=\"lazy\" class=\"aligncenter\" src=\"\/wp-content\/themes\/unirope\/img\/product-images\/wire-rope-slings\/endless_sling_2.gif\" alt=\"\" width=\"96\" height=\"200\" \/><\/td>\n<td><img loading=\"lazy\" class=\"aligncenter\" src=\"\/wp-content\/themes\/unirope\/img\/product-images\/wire-rope-slings\/endless_sling_3.gif\" alt=\"\" width=\"111\" height=\"200\" \/><\/td>\n<td><img loading=\"lazy\" class=\"aligncenter\" src=\"\/wp-content\/themes\/unirope\/img\/product-images\/wire-rope-slings\/endless_sling_4.gif\" alt=\"\" width=\"91\" height=\"200\" \/><\/td>\n<td><img loading=\"lazy\" class=\"aligncenter\" src=\"\/wp-content\/themes\/unirope\/img\/product-images\/wire-rope-slings\/endless_sling_5.gif\" alt=\"\" width=\"122\" height=\"200\" \/><\/td>\n<\/tr>\n<tr>\n<td>Utilisez des crochets suffisamment grands ET des manilles de grand diam\u00e8tre pour \u00e9viter d\u2019\u00e9craser et d\u2019entortiller l\u2019\u00e9lingue.<\/td>\n<td>Si possible, utilisez des manilles \u00e0 corps large. En effet, elles augmentent le rapport D\/d et vous profitez d\u2019une plus grande r\u00e9sistance de l\u2019\u00e9lingue.<\/td>\n<td>Rapport D\/d ad\u00e9quat pour la capacit\u00e9 de l\u2019\u00e9lingue. Si l\u2019\u00e9lingue est trop courte, vous devrez peut-\u00eatre ajuster la capacit\u00e9 \u00e0 cause de l\u2019angle de l\u2019\u00e9lingue.<\/td>\n<td colspan=\"2\">Les manilles de petit diam\u00e8tre r\u00e9duisent la r\u00e9sistance de l\u2019\u00e9lingue et, vraisemblablement, une manille de petit diam\u00e8tre n\u2019a pas la capacit\u00e9 suffisante pour la t\u00e2che.<br \/>\nQue vous utilisiez ou non une manille, les objets \u00e0 soulever et tous les points d\u2019attache DOIVENT au minimum garantir un rapport D\/d de 5 :1.\n<\/td>\n<\/tr>\n<\/tbody>\n<\/table>\n","protected":false},"excerpt":{"rendered":"<p>Le rapport D\/d est le diam\u00e8tre autour duquel l\u2019\u00e9lingue est recourb\u00e9e divis\u00e9 par le diam\u00e8tre du corps de l\u2019\u00e9lingue. Exemple: Un c\u00e2ble m\u00e9tallique de 1\/2 po de diam\u00e8tre est recourb\u00e9 autour d\u2019un tuyau de 10 po de diam\u00e8tre ; le rapport D\/d est donc 10 po divis\u00e9 par 1\/2 po, soit un rapport D\/d de [&hellip;]<\/p>\n","protected":false},"author":1,"featured_media":0,"parent":7049,"menu_order":0,"comment_status":"open","ping_status":"open","template":"","meta":[],"yoast_head":"<!-- This site is optimized with the Yoast SEO plugin v18.1 - https:\/\/yoast.com\/wordpress\/plugins\/seo\/ -->\n<meta name=\"robots\" content=\"index, follow, max-snippet:-1, max-image-preview:large, max-video-preview:-1\" \/>\n<link rel=\"canonical\" href=\"https:\/\/www.unirope.com\/fr\/produits\/elingues\/elingues-en-cable-metallique\/rigging-guidelines\/dd-ratio-and-the-effect-on-sling-capacity\/\" \/>\n<meta property=\"og:locale\" content=\"fr_FR\" \/>\n<meta property=\"og:type\" content=\"article\" \/>\n<meta property=\"og:title\" content=\"Rapport D\/d et son effet sur la capacit\u00e9 de l\u2019\u00e9lingue - Unirope Ltd.\" \/>\n<meta property=\"og:description\" content=\"Le rapport D\/d est le diam\u00e8tre autour duquel l\u2019\u00e9lingue est recourb\u00e9e divis\u00e9 par le diam\u00e8tre du corps de l\u2019\u00e9lingue. Exemple: Un c\u00e2ble m\u00e9tallique de 1\/2 po de diam\u00e8tre est recourb\u00e9 autour d\u2019un tuyau de 10 po de diam\u00e8tre ; le rapport D\/d est donc 10 po divis\u00e9 par 1\/2 po, soit un rapport D\/d de [&hellip;]\" \/>\n<meta property=\"og:url\" content=\"https:\/\/www.unirope.com\/fr\/produits\/elingues\/elingues-en-cable-metallique\/rigging-guidelines\/dd-ratio-and-the-effect-on-sling-capacity\/\" \/>\n<meta property=\"og:site_name\" content=\"Unirope Ltd.\" \/>\n<meta property=\"article:modified_time\" content=\"2019-08-13T23:33:07+00:00\" \/>\n<meta property=\"og:image\" content=\"https:\/\/www.unirope.com\/wp-content\/themes\/unirope\/img\/product-images\/wire-rope-slings\/ddratio_table-fr.jpg\" \/>\n<meta name=\"twitter:label1\" content=\"Dur\u00e9e de lecture estim\u00e9e\" \/>\n\t<meta name=\"twitter:data1\" content=\"5 minutes\" \/>\n<script type=\"application\/ld+json\" class=\"yoast-schema-graph\">{\"@context\":\"https:\/\/schema.org\",\"@graph\":[{\"@type\":\"Organization\",\"@id\":\"https:\/\/www.unirope.com\/#organization\",\"name\":\"Unirope Ltd\",\"url\":\"https:\/\/www.unirope.com\/\",\"sameAs\":[\"https:\/\/www.youtube.com\/channel\/UCYDjk5HBhJLEnptrBbQvjgg\"],\"logo\":{\"@type\":\"ImageObject\",\"@id\":\"https:\/\/www.unirope.com\/#logo\",\"inLanguage\":\"fr-FR\",\"url\":\"https:\/\/www.unirope.com\/wp-content\/uploads\/2012\/06\/unirope_logo.gif\",\"contentUrl\":\"https:\/\/www.unirope.com\/wp-content\/uploads\/2012\/06\/unirope_logo.gif\",\"width\":220,\"height\":50,\"caption\":\"Unirope Ltd\"},\"image\":{\"@id\":\"https:\/\/www.unirope.com\/#logo\"}},{\"@type\":\"WebSite\",\"@id\":\"https:\/\/www.unirope.com\/#website\",\"url\":\"https:\/\/www.unirope.com\/\",\"name\":\"Unirope Ltd.\",\"description\":\"Wire Rope &amp; Rigging Products\",\"publisher\":{\"@id\":\"https:\/\/www.unirope.com\/#organization\"},\"potentialAction\":[{\"@type\":\"SearchAction\",\"target\":{\"@type\":\"EntryPoint\",\"urlTemplate\":\"https:\/\/www.unirope.com\/?s={search_term_string}\"},\"query-input\":\"required name=search_term_string\"}],\"inLanguage\":\"fr-FR\"},{\"@type\":\"ImageObject\",\"@id\":\"https:\/\/www.unirope.com\/fr\/produits\/elingues\/elingues-en-cable-metallique\/rigging-guidelines\/dd-ratio-and-the-effect-on-sling-capacity\/#primaryimage\",\"inLanguage\":\"fr-FR\",\"url\":\"\/wp-content\/themes\/unirope\/img\/product-images\/wire-rope-slings\/ddratio_table-fr.jpg\",\"contentUrl\":\"\/wp-content\/themes\/unirope\/img\/product-images\/wire-rope-slings\/ddratio_table-fr.jpg\"},{\"@type\":\"WebPage\",\"@id\":\"https:\/\/www.unirope.com\/fr\/produits\/elingues\/elingues-en-cable-metallique\/rigging-guidelines\/dd-ratio-and-the-effect-on-sling-capacity\/#webpage\",\"url\":\"https:\/\/www.unirope.com\/fr\/produits\/elingues\/elingues-en-cable-metallique\/rigging-guidelines\/dd-ratio-and-the-effect-on-sling-capacity\/\",\"name\":\"Rapport D\/d et son effet sur la capacit\u00e9 de l\u2019\u00e9lingue - Unirope Ltd.\",\"isPartOf\":{\"@id\":\"https:\/\/www.unirope.com\/#website\"},\"primaryImageOfPage\":{\"@id\":\"https:\/\/www.unirope.com\/fr\/produits\/elingues\/elingues-en-cable-metallique\/rigging-guidelines\/dd-ratio-and-the-effect-on-sling-capacity\/#primaryimage\"},\"datePublished\":\"2012-09-05T19:28:46+00:00\",\"dateModified\":\"2019-08-13T23:33:07+00:00\",\"breadcrumb\":{\"@id\":\"https:\/\/www.unirope.com\/fr\/produits\/elingues\/elingues-en-cable-metallique\/rigging-guidelines\/dd-ratio-and-the-effect-on-sling-capacity\/#breadcrumb\"},\"inLanguage\":\"fr-FR\",\"potentialAction\":[{\"@type\":\"ReadAction\",\"target\":[\"https:\/\/www.unirope.com\/fr\/produits\/elingues\/elingues-en-cable-metallique\/rigging-guidelines\/dd-ratio-and-the-effect-on-sling-capacity\/\"]}]},{\"@type\":\"BreadcrumbList\",\"@id\":\"https:\/\/www.unirope.com\/fr\/produits\/elingues\/elingues-en-cable-metallique\/rigging-guidelines\/dd-ratio-and-the-effect-on-sling-capacity\/#breadcrumb\",\"itemListElement\":[{\"@type\":\"ListItem\",\"position\":1,\"name\":\"Home\",\"item\":\"https:\/\/www.unirope.com\/fr\/\"},{\"@type\":\"ListItem\",\"position\":2,\"name\":\"Produits\",\"item\":\"https:\/\/www.unirope.com\/fr\/produits\/\"},{\"@type\":\"ListItem\",\"position\":3,\"name\":\"\u00c9lingues\",\"item\":\"https:\/\/www.unirope.com\/fr\/produits\/elingues\/\"},{\"@type\":\"ListItem\",\"position\":4,\"name\":\"\u00c9lingues en c\u00e2ble m\u00e9tallique\",\"item\":\"https:\/\/www.unirope.com\/fr\/produits\/elingues\/elingues-en-cable-metallique\/\"},{\"@type\":\"ListItem\",\"position\":5,\"name\":\"Le gr\u00e9ement les directives\",\"item\":\"https:\/\/www.unirope.com\/fr\/produits\/elingues\/elingues-en-cable-metallique\/rigging-guidelines\/\"},{\"@type\":\"ListItem\",\"position\":6,\"name\":\"Rapport D\/d et son effet sur la capacit\u00e9 de l\u2019\u00e9lingue\"}]}]}<\/script>\n<!-- \/ Yoast SEO plugin. -->","yoast_head_json":{"robots":{"index":"index","follow":"follow","max-snippet":"max-snippet:-1","max-image-preview":"max-image-preview:large","max-video-preview":"max-video-preview:-1"},"canonical":"https:\/\/www.unirope.com\/fr\/produits\/elingues\/elingues-en-cable-metallique\/rigging-guidelines\/dd-ratio-and-the-effect-on-sling-capacity\/","og_locale":"fr_FR","og_type":"article","og_title":"Rapport D\/d et son effet sur la capacit\u00e9 de l\u2019\u00e9lingue - Unirope Ltd.","og_description":"Le rapport D\/d est le diam\u00e8tre autour duquel l\u2019\u00e9lingue est recourb\u00e9e divis\u00e9 par le diam\u00e8tre du corps de l\u2019\u00e9lingue. Exemple: Un c\u00e2ble m\u00e9tallique de 1\/2 po de diam\u00e8tre est recourb\u00e9 autour d\u2019un tuyau de 10 po de diam\u00e8tre ; le rapport D\/d est donc 10 po divis\u00e9 par 1\/2 po, soit un rapport D\/d de [&hellip;]","og_url":"https:\/\/www.unirope.com\/fr\/produits\/elingues\/elingues-en-cable-metallique\/rigging-guidelines\/dd-ratio-and-the-effect-on-sling-capacity\/","og_site_name":"Unirope Ltd.","article_modified_time":"2019-08-13T23:33:07+00:00","og_image":[{"url":"https:\/\/www.unirope.com\/wp-content\/themes\/unirope\/img\/product-images\/wire-rope-slings\/ddratio_table-fr.jpg"}],"twitter_misc":{"Dur\u00e9e de lecture estim\u00e9e":"5 minutes"},"schema":{"@context":"https:\/\/schema.org","@graph":[{"@type":"Organization","@id":"https:\/\/www.unirope.com\/#organization","name":"Unirope Ltd","url":"https:\/\/www.unirope.com\/","sameAs":["https:\/\/www.youtube.com\/channel\/UCYDjk5HBhJLEnptrBbQvjgg"],"logo":{"@type":"ImageObject","@id":"https:\/\/www.unirope.com\/#logo","inLanguage":"fr-FR","url":"https:\/\/www.unirope.com\/wp-content\/uploads\/2012\/06\/unirope_logo.gif","contentUrl":"https:\/\/www.unirope.com\/wp-content\/uploads\/2012\/06\/unirope_logo.gif","width":220,"height":50,"caption":"Unirope Ltd"},"image":{"@id":"https:\/\/www.unirope.com\/#logo"}},{"@type":"WebSite","@id":"https:\/\/www.unirope.com\/#website","url":"https:\/\/www.unirope.com\/","name":"Unirope Ltd.","description":"Wire Rope &amp; Rigging Products","publisher":{"@id":"https:\/\/www.unirope.com\/#organization"},"potentialAction":[{"@type":"SearchAction","target":{"@type":"EntryPoint","urlTemplate":"https:\/\/www.unirope.com\/?s={search_term_string}"},"query-input":"required name=search_term_string"}],"inLanguage":"fr-FR"},{"@type":"ImageObject","@id":"https:\/\/www.unirope.com\/fr\/produits\/elingues\/elingues-en-cable-metallique\/rigging-guidelines\/dd-ratio-and-the-effect-on-sling-capacity\/#primaryimage","inLanguage":"fr-FR","url":"\/wp-content\/themes\/unirope\/img\/product-images\/wire-rope-slings\/ddratio_table-fr.jpg","contentUrl":"\/wp-content\/themes\/unirope\/img\/product-images\/wire-rope-slings\/ddratio_table-fr.jpg"},{"@type":"WebPage","@id":"https:\/\/www.unirope.com\/fr\/produits\/elingues\/elingues-en-cable-metallique\/rigging-guidelines\/dd-ratio-and-the-effect-on-sling-capacity\/#webpage","url":"https:\/\/www.unirope.com\/fr\/produits\/elingues\/elingues-en-cable-metallique\/rigging-guidelines\/dd-ratio-and-the-effect-on-sling-capacity\/","name":"Rapport D\/d et son effet sur la capacit\u00e9 de l\u2019\u00e9lingue - Unirope Ltd.","isPartOf":{"@id":"https:\/\/www.unirope.com\/#website"},"primaryImageOfPage":{"@id":"https:\/\/www.unirope.com\/fr\/produits\/elingues\/elingues-en-cable-metallique\/rigging-guidelines\/dd-ratio-and-the-effect-on-sling-capacity\/#primaryimage"},"datePublished":"2012-09-05T19:28:46+00:00","dateModified":"2019-08-13T23:33:07+00:00","breadcrumb":{"@id":"https:\/\/www.unirope.com\/fr\/produits\/elingues\/elingues-en-cable-metallique\/rigging-guidelines\/dd-ratio-and-the-effect-on-sling-capacity\/#breadcrumb"},"inLanguage":"fr-FR","potentialAction":[{"@type":"ReadAction","target":["https:\/\/www.unirope.com\/fr\/produits\/elingues\/elingues-en-cable-metallique\/rigging-guidelines\/dd-ratio-and-the-effect-on-sling-capacity\/"]}]},{"@type":"BreadcrumbList","@id":"https:\/\/www.unirope.com\/fr\/produits\/elingues\/elingues-en-cable-metallique\/rigging-guidelines\/dd-ratio-and-the-effect-on-sling-capacity\/#breadcrumb","itemListElement":[{"@type":"ListItem","position":1,"name":"Home","item":"https:\/\/www.unirope.com\/fr\/"},{"@type":"ListItem","position":2,"name":"Produits","item":"https:\/\/www.unirope.com\/fr\/produits\/"},{"@type":"ListItem","position":3,"name":"\u00c9lingues","item":"https:\/\/www.unirope.com\/fr\/produits\/elingues\/"},{"@type":"ListItem","position":4,"name":"\u00c9lingues en c\u00e2ble m\u00e9tallique","item":"https:\/\/www.unirope.com\/fr\/produits\/elingues\/elingues-en-cable-metallique\/"},{"@type":"ListItem","position":5,"name":"Le gr\u00e9ement les directives","item":"https:\/\/www.unirope.com\/fr\/produits\/elingues\/elingues-en-cable-metallique\/rigging-guidelines\/"},{"@type":"ListItem","position":6,"name":"Rapport D\/d et son effet sur la capacit\u00e9 de l\u2019\u00e9lingue"}]}]}},"_links":{"self":[{"href":"https:\/\/www.unirope.com\/fr\/wp-json\/wp\/v2\/pages\/7053"}],"collection":[{"href":"https:\/\/www.unirope.com\/fr\/wp-json\/wp\/v2\/pages"}],"about":[{"href":"https:\/\/www.unirope.com\/fr\/wp-json\/wp\/v2\/types\/page"}],"author":[{"embeddable":true,"href":"https:\/\/www.unirope.com\/fr\/wp-json\/wp\/v2\/users\/1"}],"replies":[{"embeddable":true,"href":"https:\/\/www.unirope.com\/fr\/wp-json\/wp\/v2\/comments?post=7053"}],"version-history":[{"count":0,"href":"https:\/\/www.unirope.com\/fr\/wp-json\/wp\/v2\/pages\/7053\/revisions"}],"up":[{"embeddable":true,"href":"https:\/\/www.unirope.com\/fr\/wp-json\/wp\/v2\/pages\/7049"}],"wp:attachment":[{"href":"https:\/\/www.unirope.com\/fr\/wp-json\/wp\/v2\/media?parent=7053"}],"curies":[{"name":"wp","href":"https:\/\/api.w.org\/{rel}","templated":true}]}}