{"id":7051,"date":"2012-09-05T18:00:40","date_gmt":"2012-09-05T18:00:40","guid":{"rendered":"https:\/\/www.unirope.com\/?page_id=7051"},"modified":"2019-08-13T23:02:24","modified_gmt":"2019-08-13T23:02:24","slug":"general-information-on-the-use-of-wire-rope-slings","status":"publish","type":"page","link":"https:\/\/www.unirope.com\/fr\/produits\/elingues\/elingues-en-cable-metallique\/rigging-guidelines\/general-information-on-the-use-of-wire-rope-slings\/","title":{"rendered":"Informations g\u00e9n\u00e9rales sur l&rsquo;utilisation des \u00e9lingues en c\u00e2ble m\u00e9tallique"},"content":{"rendered":"<h2>Certaines choses que chaque utilisateur doit savoir sur utilisation et entretien des \u00e9lingues de c\u00e2ble m\u00e9tallique<\/h2>\n\n<div class=\"clearfix\">\n<div style=\"width: 30%;float: left\"><img loading=\"lazy\" src=\"\/wp-content\/themes\/unirope\/img\/product-images\/wire-rope-slings\/sling_use_1_FR.gif\" alt=\"\" width=\"200\" height=\"183\" \/><\/div>\n<div style=\"width: 65%;float: left\">\n<p><strong>Chaque levage utilise 1 des 3 attelages de base:<\/strong><\/p>\n<p><strong>VERTICAL<\/strong>, ou droit; l\u2019attelage utilise simplement une \u00e9lingue pour fixer un crochet de levage ou un autre dispositif \u00e0 la charge. La pleine capacit\u00e9 nominale de l\u2019\u00e9lingue peut \u00eatre utilis\u00e9e, mais elle ne doit jamais \u00eatre d\u00e9pass\u00e9e. Un c\u00e2ble stabilisateur devrait \u00eatre utilis\u00e9 lors d\u2019un tel levage, pour pr\u00e9venir une rotation de la charge susceptible d\u2019endommager l\u2019\u00e9lingue.<br \/>\nUne \u00e9lingue dot\u00e9e d\u2019une \u00e9pissure triss\u00e9e \u00e0 la main risque de se d\u00e9faire et de c\u00e9der si l\u2019\u00e9lingue peut tourner.<\/p>\n<p><strong>Les ATTELAGES \u00c0 COLLIER \u00c9TRANGLEUR (ou \u00e9lingues bagu\u00e9es)<\/strong> ont une capacit\u00e9 r\u00e9duite, puisque cette m\u00e9thode de c\u00e2blage affecte la capacit\u00e9 du c\u00e2ble m\u00e9tallique \u00e0 s\u2019ajuster durant le levage, fait subir une charge angulaire au corps de l\u2019\u00e9lingue et imprime une courbe de petit diam\u00e8tre \u00e0 l\u2019\u00e9lingue au point d\u2019\u00e9tranglement.<\/p>\n<p><strong>Les ATTELAGES EN PANIER<\/strong> distribuent la charge de mani\u00e8re \u00e9gale entre les deux branches d\u2019une \u00e9lingue, \u00e0 l\u2019int\u00e9rieur des limites impos\u00e9es par les angles sous lesquels les branches sont attel\u00e9es \u00e0 la charge. (Veuillez consulter le tableau cidessous sur les angles des \u00e9lingues).<\/p>\n<\/div>\n<h2>Facteurs fondamentaux concernant l\u2019utilisation d\u2019\u00e9lingues en c\u00e2ble m\u00e9tallique<\/h2>\n<ol class=\"clearfix\">\n<li><strong>La CAPACIT\u00c9 NOMINALE<\/strong> d\u2019une \u00e9lingue est bas\u00e9e sur la contrainte nominale \u00e0 la rupture du c\u00e2ble m\u00e9tallique utilis\u00e9 dans l\u2019\u00e9lingue et sur les facteurs qui affectent la r\u00e9sistance globale d\u2019une \u00e9lingue. Ces facteurs sont entre autres l\u2019efficacit\u00e9 du RACCORD ou de l\u2019\u00e9pissure, le nombre de c\u00e2bles constituant l\u2019\u00e9lingue, le type d\u2019attelage (voir ci-dessus), le DIAM\u00c8TRE AUTOUR DUQUEL LE CORPS DE L\u2019\u00c9LINGUE EST PLAC\u00c9 et le diam\u00e8tre de l\u2019axe (ou du crochet) auquel l\u2019\u00e9lingue est attach\u00e9e.<\/li>\n<li><strong>La CAPACIT\u00c9 NOMINALE<\/strong> d\u2019une \u00e9lingue est diff\u00e9rente pour chacune des trois m\u00e9thodes de base de c\u00e2blage (voir ci-dessus). Ces capacit\u00e9s nominales sont indiqu\u00e9es dans ce catalogue. Les CAPACIT\u00c9S NOMINALES ne s\u2019appliquent qu\u2019aux \u00e9lingues UNIROPE et peuvent \u00eatre indiqu\u00e9es sur des \u00e9tiquettes optionnelles (sur commande).<\/li>\n<li><strong>AVERTISSEMENT:<\/strong> Une \u00e9lingue \u00e0 oeil tiss\u00e9e (\u00e9piss\u00e9e) \u00e0 la main risque de se d\u00e9faire (s\u2019effilocher) et d\u2019\u00eatre D\u00c9FICIENTE si l\u2019\u00e9lingue peut tourner au cours de son utilisation.<\/li>\n<li><strong>NE JAMAIS FAIRE SUBIR UN EFFET DE CHOC \u00c0 UNE \u00c9LINGUE<\/strong> Il n\u2019existe pas de mani\u00e8re pratique pour estimer la force r\u00e9elle appliqu\u00e9e lors de chocs au chargement. Il est facile de d\u00e9passer la capacit\u00e9 nominale d\u2019une \u00e9lingue en c\u00e2ble m\u00e9tallique en appliquant une force soudaine, ce qui provoquerait des dommages \u00e0 l\u2019\u00e9lingue. Le rel\u00e2chement soudain d\u2019une charge peut aussi endommager une \u00e9lingue.<\/li>\n<li><strong>Le CORPS<\/strong> d\u2019une \u00e9lingue doit \u00eatre prot\u00e9g\u00e9 avec des protecteurs de coin, des cales ou du rembourrage contre les dommages caus\u00e9s par les bords tranchants ou par les coins de la charge soulev\u00e9e. Les coudes accentu\u00e9s qui d\u00e9forment le corps de l\u2019\u00e9lingue endommagent le c\u00e2ble m\u00e9tallique et r\u00e9duisent sa r\u00e9sistance.<\/li>\n<li><strong>TOUT ANGLE<\/strong> autre que vertical sous lequel l\u2019\u00e9lingue est attel\u00e9e augmente la charge (tension) sur l\u2019\u00e9lingue.<\/li>\n<li>\n<p>Une \u00e9lingue devrait \u00eatre l\u2019objet d\u2019une <strong>INSPECTION VISUELLE AVANT CHAQUE LEVAGE OU UTILISATION<\/strong> dans le but de d\u00e9terminer si elle peut r\u00e9aliser le levage pr\u00e9vu de mani\u00e8re s\u00e9curitaire.<\/p>\n<p>Une inspection devrait entre autres d\u00e9tecter:<br \/>\u2022 Des c\u00e2bles endommag\u00e9s.<br \/>\u2022 Des vrilles ou des d\u00e9formations du corps de l\u2019\u00e9lingue.<br \/>\u2022 L\u2019\u00e9tat des boucles, des \u00e9pissures et des autres accessoires mat\u00e9riels.<br \/>\u2022 Une r\u00e9duction du diam\u00e8tre du c\u00e2ble.<br \/>\u2022 Tout dommage.<br \/>\u2022 Toute trace de corrosion.<\/p>\n<\/li>\n<li>Lorsqu\u2019une \u00e9lingue est trouv\u00e9e d\u00e9ficiente, les boucles doivent \u00eatre coup\u00e9es, ou les autres attaches ou raccords doivent \u00eatre enlev\u00e9s pour emp\u00eacher son utilisation et le corps de l\u2019\u00e9lingue doit \u00eatre \u00e9limin\u00e9.<\/li>\n<li><strong>Une BOUCLE<\/strong> ne doit jamais \u00eatre utilis\u00e9e sur un crochet ou sur un axe dont le diam\u00e8tre est plus important que la largeur normale de la boucle. NE FORCEZ JAMAIS UNE BOUCLE SUR UN CROCHET. La boucle doit toujours \u00eatre utilis\u00e9e sur un crochet ou sur un axe dont le diam\u00e8tre est AU MOINS \u00c9GAL AU DIAM\u00c8TRE DU C\u00c2BLE.<\/li>\n<\/ol>\n<h2>L\u2019angle de l\u2019\u00e9lingue modifie la charge sur les branches de l\u2019\u00e9lingue<\/h2>\n<p>L\u2019ANGLE DE L\u2019\u00c9LINGUE (\u00e9galement appel\u00e9 angle de charge) est l\u2019angle mesur\u00e9 entre l\u2019horizontale et la branche ou le corps de l\u2019\u00e9lingue. Cet angle est tr\u00e8s important et peut avoir un effet radical sur la charge nominale d\u2019une \u00e9lingue. Comme on peut le voir sur l\u2019illustration, lorsque cet angle DIMINUE, la CHARGE AUGMENTE SUR CHAQUE BRANCHE. Ce principe s\u2019applique pour une \u00e9lingue dont les branches sont en angle avec l\u2019attelage du panier, ou pour des \u00e9lingues dot\u00e9es d\u2019une bride \u00e0 plusieurs branches. L\u2019angle ne doit pas \u00eatre inf\u00e9rieur \u00e0 30 degr\u00e9s.<\/p>\n<table class=\"generic-table2\" style=\"width: 500px\" border=\"0\" cellspacing=\"0\" cellpadding=\"0\">\n<tbody>\n<tr>\n<td valign=\"top\"><img loading=\"lazy\" src=\"\/wp-content\/themes\/unirope\/img\/product-images\/wire-rope-slings\/insp_angles_3.gif\" alt=\"\" width=\"150\" height=\"177\" \/><\/td>\n<td valign=\"top\" width=\"350\"><img loading=\"lazy\" src=\"\/wp-content\/themes\/unirope\/img\/product-images\/wire-rope-slings\/insp_angles_4.gif\" alt=\"\" width=\"350\" height=\"177\" \/><\/td>\n<\/tr>\n<\/tbody>\n<\/table>\n<p><a class=\"warningText\" href=\"\/wp-content\/themes\/unirope\/img\/guidelines_FR.pdf\" target=\"_blank\" rel=\"noopener noreferrer\">Cliquez ici<\/a> pour un fichier Acrobat PDF imprimer (297k)<\/p>\n<\/div>\n","protected":false},"excerpt":{"rendered":"<p>Certaines choses que chaque utilisateur doit savoir sur utilisation et entretien des \u00e9lingues de c\u00e2ble m\u00e9tallique Chaque levage utilise 1 des 3 attelages de base: VERTICAL, ou droit; l\u2019attelage utilise simplement une \u00e9lingue pour fixer un crochet de levage ou un autre dispositif \u00e0 la charge. La pleine capacit\u00e9 nominale de l\u2019\u00e9lingue peut \u00eatre utilis\u00e9e, [&hellip;]<\/p>\n","protected":false},"author":1,"featured_media":0,"parent":7049,"menu_order":0,"comment_status":"open","ping_status":"open","template":"","meta":[],"yoast_head":"<!-- This site is optimized with the Yoast SEO plugin v18.1 - https:\/\/yoast.com\/wordpress\/plugins\/seo\/ -->\n<meta name=\"robots\" content=\"index, follow, max-snippet:-1, max-image-preview:large, max-video-preview:-1\" \/>\n<link rel=\"canonical\" href=\"https:\/\/www.unirope.com\/fr\/produits\/elingues\/elingues-en-cable-metallique\/rigging-guidelines\/general-information-on-the-use-of-wire-rope-slings\/\" \/>\n<meta property=\"og:locale\" content=\"fr_FR\" \/>\n<meta property=\"og:type\" content=\"article\" \/>\n<meta property=\"og:title\" content=\"Informations g\u00e9n\u00e9rales sur l&#039;utilisation des \u00e9lingues en c\u00e2ble m\u00e9tallique - Unirope Ltd.\" \/>\n<meta property=\"og:description\" content=\"Certaines choses que chaque utilisateur doit savoir sur utilisation et entretien des \u00e9lingues de c\u00e2ble m\u00e9tallique Chaque levage utilise 1 des 3 attelages de base: VERTICAL, ou droit; l\u2019attelage utilise simplement une \u00e9lingue pour fixer un crochet de levage ou un autre dispositif \u00e0 la charge. La pleine capacit\u00e9 nominale de l\u2019\u00e9lingue peut \u00eatre utilis\u00e9e, [&hellip;]\" \/>\n<meta property=\"og:url\" content=\"https:\/\/www.unirope.com\/fr\/produits\/elingues\/elingues-en-cable-metallique\/rigging-guidelines\/general-information-on-the-use-of-wire-rope-slings\/\" \/>\n<meta property=\"og:site_name\" content=\"Unirope Ltd.\" \/>\n<meta property=\"article:modified_time\" content=\"2019-08-13T23:02:24+00:00\" \/>\n<meta property=\"og:image\" content=\"https:\/\/www.unirope.com\/wp-content\/themes\/unirope\/img\/product-images\/wire-rope-slings\/sling_use_1_FR.gif\" \/>\n<meta name=\"twitter:label1\" content=\"Dur\u00e9e de lecture estim\u00e9e\" \/>\n\t<meta name=\"twitter:data1\" content=\"4 minutes\" \/>\n<script type=\"application\/ld+json\" class=\"yoast-schema-graph\">{\"@context\":\"https:\/\/schema.org\",\"@graph\":[{\"@type\":\"Organization\",\"@id\":\"https:\/\/www.unirope.com\/#organization\",\"name\":\"Unirope Ltd\",\"url\":\"https:\/\/www.unirope.com\/\",\"sameAs\":[\"https:\/\/www.youtube.com\/channel\/UCYDjk5HBhJLEnptrBbQvjgg\"],\"logo\":{\"@type\":\"ImageObject\",\"@id\":\"https:\/\/www.unirope.com\/#logo\",\"inLanguage\":\"fr-FR\",\"url\":\"https:\/\/www.unirope.com\/wp-content\/uploads\/2012\/06\/unirope_logo.gif\",\"contentUrl\":\"https:\/\/www.unirope.com\/wp-content\/uploads\/2012\/06\/unirope_logo.gif\",\"width\":220,\"height\":50,\"caption\":\"Unirope Ltd\"},\"image\":{\"@id\":\"https:\/\/www.unirope.com\/#logo\"}},{\"@type\":\"WebSite\",\"@id\":\"https:\/\/www.unirope.com\/#website\",\"url\":\"https:\/\/www.unirope.com\/\",\"name\":\"Unirope Ltd.\",\"description\":\"Wire Rope &amp; Rigging Products\",\"publisher\":{\"@id\":\"https:\/\/www.unirope.com\/#organization\"},\"potentialAction\":[{\"@type\":\"SearchAction\",\"target\":{\"@type\":\"EntryPoint\",\"urlTemplate\":\"https:\/\/www.unirope.com\/?s={search_term_string}\"},\"query-input\":\"required name=search_term_string\"}],\"inLanguage\":\"fr-FR\"},{\"@type\":\"ImageObject\",\"@id\":\"https:\/\/www.unirope.com\/fr\/produits\/elingues\/elingues-en-cable-metallique\/rigging-guidelines\/general-information-on-the-use-of-wire-rope-slings\/#primaryimage\",\"inLanguage\":\"fr-FR\",\"url\":\"\/wp-content\/themes\/unirope\/img\/product-images\/wire-rope-slings\/sling_use_1_FR.gif\",\"contentUrl\":\"\/wp-content\/themes\/unirope\/img\/product-images\/wire-rope-slings\/sling_use_1_FR.gif\"},{\"@type\":\"WebPage\",\"@id\":\"https:\/\/www.unirope.com\/fr\/produits\/elingues\/elingues-en-cable-metallique\/rigging-guidelines\/general-information-on-the-use-of-wire-rope-slings\/#webpage\",\"url\":\"https:\/\/www.unirope.com\/fr\/produits\/elingues\/elingues-en-cable-metallique\/rigging-guidelines\/general-information-on-the-use-of-wire-rope-slings\/\",\"name\":\"Informations g\u00e9n\u00e9rales sur l'utilisation des \u00e9lingues en c\u00e2ble m\u00e9tallique - Unirope Ltd.\",\"isPartOf\":{\"@id\":\"https:\/\/www.unirope.com\/#website\"},\"primaryImageOfPage\":{\"@id\":\"https:\/\/www.unirope.com\/fr\/produits\/elingues\/elingues-en-cable-metallique\/rigging-guidelines\/general-information-on-the-use-of-wire-rope-slings\/#primaryimage\"},\"datePublished\":\"2012-09-05T18:00:40+00:00\",\"dateModified\":\"2019-08-13T23:02:24+00:00\",\"breadcrumb\":{\"@id\":\"https:\/\/www.unirope.com\/fr\/produits\/elingues\/elingues-en-cable-metallique\/rigging-guidelines\/general-information-on-the-use-of-wire-rope-slings\/#breadcrumb\"},\"inLanguage\":\"fr-FR\",\"potentialAction\":[{\"@type\":\"ReadAction\",\"target\":[\"https:\/\/www.unirope.com\/fr\/produits\/elingues\/elingues-en-cable-metallique\/rigging-guidelines\/general-information-on-the-use-of-wire-rope-slings\/\"]}]},{\"@type\":\"BreadcrumbList\",\"@id\":\"https:\/\/www.unirope.com\/fr\/produits\/elingues\/elingues-en-cable-metallique\/rigging-guidelines\/general-information-on-the-use-of-wire-rope-slings\/#breadcrumb\",\"itemListElement\":[{\"@type\":\"ListItem\",\"position\":1,\"name\":\"Home\",\"item\":\"https:\/\/www.unirope.com\/fr\/\"},{\"@type\":\"ListItem\",\"position\":2,\"name\":\"Produits\",\"item\":\"https:\/\/www.unirope.com\/fr\/produits\/\"},{\"@type\":\"ListItem\",\"position\":3,\"name\":\"\u00c9lingues\",\"item\":\"https:\/\/www.unirope.com\/fr\/produits\/elingues\/\"},{\"@type\":\"ListItem\",\"position\":4,\"name\":\"\u00c9lingues en c\u00e2ble m\u00e9tallique\",\"item\":\"https:\/\/www.unirope.com\/fr\/produits\/elingues\/elingues-en-cable-metallique\/\"},{\"@type\":\"ListItem\",\"position\":5,\"name\":\"Le gr\u00e9ement les directives\",\"item\":\"https:\/\/www.unirope.com\/fr\/produits\/elingues\/elingues-en-cable-metallique\/rigging-guidelines\/\"},{\"@type\":\"ListItem\",\"position\":6,\"name\":\"Informations g\u00e9n\u00e9rales sur l&rsquo;utilisation des \u00e9lingues en c\u00e2ble m\u00e9tallique\"}]}]}<\/script>\n<!-- \/ Yoast SEO plugin. -->","yoast_head_json":{"robots":{"index":"index","follow":"follow","max-snippet":"max-snippet:-1","max-image-preview":"max-image-preview:large","max-video-preview":"max-video-preview:-1"},"canonical":"https:\/\/www.unirope.com\/fr\/produits\/elingues\/elingues-en-cable-metallique\/rigging-guidelines\/general-information-on-the-use-of-wire-rope-slings\/","og_locale":"fr_FR","og_type":"article","og_title":"Informations g\u00e9n\u00e9rales sur l'utilisation des \u00e9lingues en c\u00e2ble m\u00e9tallique - Unirope Ltd.","og_description":"Certaines choses que chaque utilisateur doit savoir sur utilisation et entretien des \u00e9lingues de c\u00e2ble m\u00e9tallique Chaque levage utilise 1 des 3 attelages de base: VERTICAL, ou droit; l\u2019attelage utilise simplement une \u00e9lingue pour fixer un crochet de levage ou un autre dispositif \u00e0 la charge. La pleine capacit\u00e9 nominale de l\u2019\u00e9lingue peut \u00eatre utilis\u00e9e, [&hellip;]","og_url":"https:\/\/www.unirope.com\/fr\/produits\/elingues\/elingues-en-cable-metallique\/rigging-guidelines\/general-information-on-the-use-of-wire-rope-slings\/","og_site_name":"Unirope Ltd.","article_modified_time":"2019-08-13T23:02:24+00:00","og_image":[{"url":"https:\/\/www.unirope.com\/wp-content\/themes\/unirope\/img\/product-images\/wire-rope-slings\/sling_use_1_FR.gif"}],"twitter_misc":{"Dur\u00e9e de lecture estim\u00e9e":"4 minutes"},"schema":{"@context":"https:\/\/schema.org","@graph":[{"@type":"Organization","@id":"https:\/\/www.unirope.com\/#organization","name":"Unirope Ltd","url":"https:\/\/www.unirope.com\/","sameAs":["https:\/\/www.youtube.com\/channel\/UCYDjk5HBhJLEnptrBbQvjgg"],"logo":{"@type":"ImageObject","@id":"https:\/\/www.unirope.com\/#logo","inLanguage":"fr-FR","url":"https:\/\/www.unirope.com\/wp-content\/uploads\/2012\/06\/unirope_logo.gif","contentUrl":"https:\/\/www.unirope.com\/wp-content\/uploads\/2012\/06\/unirope_logo.gif","width":220,"height":50,"caption":"Unirope Ltd"},"image":{"@id":"https:\/\/www.unirope.com\/#logo"}},{"@type":"WebSite","@id":"https:\/\/www.unirope.com\/#website","url":"https:\/\/www.unirope.com\/","name":"Unirope Ltd.","description":"Wire Rope &amp; Rigging Products","publisher":{"@id":"https:\/\/www.unirope.com\/#organization"},"potentialAction":[{"@type":"SearchAction","target":{"@type":"EntryPoint","urlTemplate":"https:\/\/www.unirope.com\/?s={search_term_string}"},"query-input":"required name=search_term_string"}],"inLanguage":"fr-FR"},{"@type":"ImageObject","@id":"https:\/\/www.unirope.com\/fr\/produits\/elingues\/elingues-en-cable-metallique\/rigging-guidelines\/general-information-on-the-use-of-wire-rope-slings\/#primaryimage","inLanguage":"fr-FR","url":"\/wp-content\/themes\/unirope\/img\/product-images\/wire-rope-slings\/sling_use_1_FR.gif","contentUrl":"\/wp-content\/themes\/unirope\/img\/product-images\/wire-rope-slings\/sling_use_1_FR.gif"},{"@type":"WebPage","@id":"https:\/\/www.unirope.com\/fr\/produits\/elingues\/elingues-en-cable-metallique\/rigging-guidelines\/general-information-on-the-use-of-wire-rope-slings\/#webpage","url":"https:\/\/www.unirope.com\/fr\/produits\/elingues\/elingues-en-cable-metallique\/rigging-guidelines\/general-information-on-the-use-of-wire-rope-slings\/","name":"Informations g\u00e9n\u00e9rales sur l'utilisation des \u00e9lingues en c\u00e2ble m\u00e9tallique - Unirope Ltd.","isPartOf":{"@id":"https:\/\/www.unirope.com\/#website"},"primaryImageOfPage":{"@id":"https:\/\/www.unirope.com\/fr\/produits\/elingues\/elingues-en-cable-metallique\/rigging-guidelines\/general-information-on-the-use-of-wire-rope-slings\/#primaryimage"},"datePublished":"2012-09-05T18:00:40+00:00","dateModified":"2019-08-13T23:02:24+00:00","breadcrumb":{"@id":"https:\/\/www.unirope.com\/fr\/produits\/elingues\/elingues-en-cable-metallique\/rigging-guidelines\/general-information-on-the-use-of-wire-rope-slings\/#breadcrumb"},"inLanguage":"fr-FR","potentialAction":[{"@type":"ReadAction","target":["https:\/\/www.unirope.com\/fr\/produits\/elingues\/elingues-en-cable-metallique\/rigging-guidelines\/general-information-on-the-use-of-wire-rope-slings\/"]}]},{"@type":"BreadcrumbList","@id":"https:\/\/www.unirope.com\/fr\/produits\/elingues\/elingues-en-cable-metallique\/rigging-guidelines\/general-information-on-the-use-of-wire-rope-slings\/#breadcrumb","itemListElement":[{"@type":"ListItem","position":1,"name":"Home","item":"https:\/\/www.unirope.com\/fr\/"},{"@type":"ListItem","position":2,"name":"Produits","item":"https:\/\/www.unirope.com\/fr\/produits\/"},{"@type":"ListItem","position":3,"name":"\u00c9lingues","item":"https:\/\/www.unirope.com\/fr\/produits\/elingues\/"},{"@type":"ListItem","position":4,"name":"\u00c9lingues en c\u00e2ble m\u00e9tallique","item":"https:\/\/www.unirope.com\/fr\/produits\/elingues\/elingues-en-cable-metallique\/"},{"@type":"ListItem","position":5,"name":"Le gr\u00e9ement les directives","item":"https:\/\/www.unirope.com\/fr\/produits\/elingues\/elingues-en-cable-metallique\/rigging-guidelines\/"},{"@type":"ListItem","position":6,"name":"Informations g\u00e9n\u00e9rales sur l&rsquo;utilisation des \u00e9lingues en c\u00e2ble m\u00e9tallique"}]}]}},"_links":{"self":[{"href":"https:\/\/www.unirope.com\/fr\/wp-json\/wp\/v2\/pages\/7051"}],"collection":[{"href":"https:\/\/www.unirope.com\/fr\/wp-json\/wp\/v2\/pages"}],"about":[{"href":"https:\/\/www.unirope.com\/fr\/wp-json\/wp\/v2\/types\/page"}],"author":[{"embeddable":true,"href":"https:\/\/www.unirope.com\/fr\/wp-json\/wp\/v2\/users\/1"}],"replies":[{"embeddable":true,"href":"https:\/\/www.unirope.com\/fr\/wp-json\/wp\/v2\/comments?post=7051"}],"version-history":[{"count":0,"href":"https:\/\/www.unirope.com\/fr\/wp-json\/wp\/v2\/pages\/7051\/revisions"}],"up":[{"embeddable":true,"href":"https:\/\/www.unirope.com\/fr\/wp-json\/wp\/v2\/pages\/7049"}],"wp:attachment":[{"href":"https:\/\/www.unirope.com\/fr\/wp-json\/wp\/v2\/media?parent=7051"}],"curies":[{"name":"wp","href":"https:\/\/api.w.org\/{rel}","templated":true}]}}