{"id":7049,"date":"2012-07-04T18:13:03","date_gmt":"2012-07-04T18:13:03","guid":{"rendered":"https:\/\/www.unirope.com\/?page_id=7049"},"modified":"2019-08-22T20:37:25","modified_gmt":"2019-08-22T20:37:25","slug":"rigging-guidelines","status":"publish","type":"page","link":"https:\/\/www.unirope.com\/fr\/produits\/elingues\/elingues-en-cable-metallique\/rigging-guidelines\/","title":{"rendered":"Le gr\u00e9ement les directives"},"content":{"rendered":"<div class=\"table-3-4\" style=\"clear: left\">\n<table class=\"table-list\" style=\"width: 100%\" cellspacing=\"0\" cellpadding=\"0\">\n<tbody>\n<tr>\n<td><a href=\"https:\/\/www.unirope.com\/products\/slings\/wire-rope-slings\/rigging-guidelines\/general-information-on-the-use-of-wire-rope-slings\/\">Informations g\u00e9n\u00e9rales sur l\u2019utilisation des \u00e9lingues en c\u00e2ble m\u00e9tallique<\/a><\/td>\n<\/tr>\n<tr>\n<td><a href=\"https:\/\/www.unirope.com\/products\/slings\/wire-rope-slings\/rigging-guidelines\/choker-hitches\/\">Attelages par collier \u00e9trangleur<\/a><\/td>\n<\/tr>\n<tr>\n<td><a href=\"https:\/\/www.unirope.com\/products\/slings\/wire-rope-slings\/rigging-guidelines\/dd-ratio-and-the-effect-on-sling-capacity\/\">Rapport D\/d et son effet sur la capacit\u00e9 de l\u2019\u00e9lingue<\/a><\/td>\n<\/tr>\n<tr>\n<td><a href=\"https:\/\/www.unirope.com\/products\/slings\/wire-rope-slings\/rigging-guidelines\/sling-angles-and-angularity-factors\/\">Angles des \u00e9lingues et facteur d\u2019obliquit\u00e9<\/a><\/td>\n<\/tr>\n<tr>\n<td><a href=\"https:\/\/www.unirope.com\/products\/slings\/wire-rope-slings\/rigging-guidelines\/center-of-gravity-cg\/\">Centre de gravit\u00e9 (CG)<\/a><\/td>\n<\/tr>\n<tr>\n<td><a href=\"https:\/\/www.unirope.com\/products\/slings\/wire-rope-slings\/rigging-guidelines\/working-with-shackles\/\">Travailler avec des manilles<\/a><\/td>\n<\/tr>\n<tr>\n<td><a href=\"https:\/\/www.unirope.com\/products\/slings\/wire-rope-slings\/rigging-guidelines\/use-of-single-leg-slings\/\">\u00c9lingues \u00e0 branche unique<\/a><\/td>\n<\/tr>\n<tr>\n<td><a href=\"https:\/\/www.unirope.com\/products\/slings\/wire-rope-slings\/rigging-guidelines\/types-of-wire-rope-sling-terminations\/\">Types de raccordements des \u00e9lingues en c\u00e2ble m\u00e9tallique<\/a><\/td>\n<\/tr>\n<tr>\n<td><a href=\"https:\/\/www.unirope.com\/products\/slings\/wire-rope-slings\/rigging-guidelines\/multiple-leg-slings\/\">\u00c9lingues \u00e0 plusieurs branches<\/a><\/td>\n<\/tr>\n<tr>\n<td><a href=\"https:\/\/www.unirope.com\/products\/slings\/wire-rope-slings\/rigging-guidelines\/slings-and-eye-bolts\/\">\u00c9lingues et pitons \u00e0 \u0153il<\/a><\/td>\n<\/tr>\n<tr>\n<td><a href=\"https:\/\/www.unirope.com\/products\/slings\/wire-rope-slings\/rigging-guidelines\/use-of-choker-and-basket-hitches\/\">Attelage \u00e0 collier \u00e9trangleur et attelage en panier<\/a><\/td>\n<\/tr>\n<tr>\n<td><a href=\"https:\/\/www.unirope.com\/products\/slings\/wire-rope-slings\/rigging-guidelines\/how-to-prevent-damage\/\">\u00c9vitez les dommages<\/a><\/td>\n<\/tr>\n<\/tbody>\n<\/table>\n<\/div>\n","protected":false},"excerpt":{"rendered":"<p>Informations g\u00e9n\u00e9rales sur l\u2019utilisation des \u00e9lingues en c\u00e2ble m\u00e9tallique Attelages par collier \u00e9trangleur Rapport D\/d et son effet sur la capacit\u00e9 de l\u2019\u00e9lingue Angles des \u00e9lingues et facteur d\u2019obliquit\u00e9 Centre de gravit\u00e9 (CG) Travailler avec des manilles \u00c9lingues \u00e0 branche unique Types de raccordements des \u00e9lingues en c\u00e2ble m\u00e9tallique \u00c9lingues \u00e0 plusieurs branches \u00c9lingues et [&hellip;]<\/p>\n","protected":false},"author":1,"featured_media":0,"parent":7031,"menu_order":0,"comment_status":"open","ping_status":"open","template":"","meta":[],"yoast_head":"<!-- This site is optimized with the Yoast SEO plugin v18.1 - https:\/\/yoast.com\/wordpress\/plugins\/seo\/ -->\n<meta name=\"robots\" content=\"index, follow, max-snippet:-1, max-image-preview:large, max-video-preview:-1\" \/>\n<link rel=\"canonical\" href=\"https:\/\/www.unirope.com\/fr\/produits\/elingues\/elingues-en-cable-metallique\/rigging-guidelines\/\" \/>\n<meta property=\"og:locale\" content=\"fr_FR\" \/>\n<meta property=\"og:type\" content=\"article\" \/>\n<meta property=\"og:title\" content=\"Le gr\u00e9ement les directives - Unirope Ltd.\" \/>\n<meta property=\"og:description\" content=\"Informations g\u00e9n\u00e9rales sur l\u2019utilisation des \u00e9lingues en c\u00e2ble m\u00e9tallique Attelages par collier \u00e9trangleur Rapport D\/d et son effet sur la capacit\u00e9 de l\u2019\u00e9lingue Angles des \u00e9lingues et facteur d\u2019obliquit\u00e9 Centre de gravit\u00e9 (CG) Travailler avec des manilles \u00c9lingues \u00e0 branche unique Types de raccordements des \u00e9lingues en c\u00e2ble m\u00e9tallique \u00c9lingues \u00e0 plusieurs branches \u00c9lingues et [&hellip;]\" \/>\n<meta property=\"og:url\" content=\"https:\/\/www.unirope.com\/fr\/produits\/elingues\/elingues-en-cable-metallique\/rigging-guidelines\/\" \/>\n<meta property=\"og:site_name\" content=\"Unirope Ltd.\" \/>\n<meta property=\"article:modified_time\" content=\"2019-08-22T20:37:25+00:00\" \/>\n<script type=\"application\/ld+json\" class=\"yoast-schema-graph\">{\"@context\":\"https:\/\/schema.org\",\"@graph\":[{\"@type\":\"Organization\",\"@id\":\"https:\/\/www.unirope.com\/#organization\",\"name\":\"Unirope Ltd\",\"url\":\"https:\/\/www.unirope.com\/\",\"sameAs\":[\"https:\/\/www.youtube.com\/channel\/UCYDjk5HBhJLEnptrBbQvjgg\"],\"logo\":{\"@type\":\"ImageObject\",\"@id\":\"https:\/\/www.unirope.com\/#logo\",\"inLanguage\":\"fr-FR\",\"url\":\"https:\/\/www.unirope.com\/wp-content\/uploads\/2012\/06\/unirope_logo.gif\",\"contentUrl\":\"https:\/\/www.unirope.com\/wp-content\/uploads\/2012\/06\/unirope_logo.gif\",\"width\":220,\"height\":50,\"caption\":\"Unirope Ltd\"},\"image\":{\"@id\":\"https:\/\/www.unirope.com\/#logo\"}},{\"@type\":\"WebSite\",\"@id\":\"https:\/\/www.unirope.com\/#website\",\"url\":\"https:\/\/www.unirope.com\/\",\"name\":\"Unirope Ltd.\",\"description\":\"Wire Rope &amp; Rigging Products\",\"publisher\":{\"@id\":\"https:\/\/www.unirope.com\/#organization\"},\"potentialAction\":[{\"@type\":\"SearchAction\",\"target\":{\"@type\":\"EntryPoint\",\"urlTemplate\":\"https:\/\/www.unirope.com\/?s={search_term_string}\"},\"query-input\":\"required name=search_term_string\"}],\"inLanguage\":\"fr-FR\"},{\"@type\":\"WebPage\",\"@id\":\"https:\/\/www.unirope.com\/fr\/produits\/elingues\/elingues-en-cable-metallique\/rigging-guidelines\/#webpage\",\"url\":\"https:\/\/www.unirope.com\/fr\/produits\/elingues\/elingues-en-cable-metallique\/rigging-guidelines\/\",\"name\":\"Le gr\u00e9ement les directives - Unirope Ltd.\",\"isPartOf\":{\"@id\":\"https:\/\/www.unirope.com\/#website\"},\"datePublished\":\"2012-07-04T18:13:03+00:00\",\"dateModified\":\"2019-08-22T20:37:25+00:00\",\"breadcrumb\":{\"@id\":\"https:\/\/www.unirope.com\/fr\/produits\/elingues\/elingues-en-cable-metallique\/rigging-guidelines\/#breadcrumb\"},\"inLanguage\":\"fr-FR\",\"potentialAction\":[{\"@type\":\"ReadAction\",\"target\":[\"https:\/\/www.unirope.com\/fr\/produits\/elingues\/elingues-en-cable-metallique\/rigging-guidelines\/\"]}]},{\"@type\":\"BreadcrumbList\",\"@id\":\"https:\/\/www.unirope.com\/fr\/produits\/elingues\/elingues-en-cable-metallique\/rigging-guidelines\/#breadcrumb\",\"itemListElement\":[{\"@type\":\"ListItem\",\"position\":1,\"name\":\"Home\",\"item\":\"https:\/\/www.unirope.com\/fr\/\"},{\"@type\":\"ListItem\",\"position\":2,\"name\":\"Produits\",\"item\":\"https:\/\/www.unirope.com\/fr\/produits\/\"},{\"@type\":\"ListItem\",\"position\":3,\"name\":\"\u00c9lingues\",\"item\":\"https:\/\/www.unirope.com\/fr\/produits\/elingues\/\"},{\"@type\":\"ListItem\",\"position\":4,\"name\":\"\u00c9lingues en c\u00e2ble m\u00e9tallique\",\"item\":\"https:\/\/www.unirope.com\/fr\/produits\/elingues\/elingues-en-cable-metallique\/\"},{\"@type\":\"ListItem\",\"position\":5,\"name\":\"Le gr\u00e9ement les directives\"}]}]}<\/script>\n<!-- \/ Yoast SEO plugin. -->","yoast_head_json":{"robots":{"index":"index","follow":"follow","max-snippet":"max-snippet:-1","max-image-preview":"max-image-preview:large","max-video-preview":"max-video-preview:-1"},"canonical":"https:\/\/www.unirope.com\/fr\/produits\/elingues\/elingues-en-cable-metallique\/rigging-guidelines\/","og_locale":"fr_FR","og_type":"article","og_title":"Le gr\u00e9ement les directives - Unirope Ltd.","og_description":"Informations g\u00e9n\u00e9rales sur l\u2019utilisation des \u00e9lingues en c\u00e2ble m\u00e9tallique Attelages par collier \u00e9trangleur Rapport D\/d et son effet sur la capacit\u00e9 de l\u2019\u00e9lingue Angles des \u00e9lingues et facteur d\u2019obliquit\u00e9 Centre de gravit\u00e9 (CG) Travailler avec des manilles \u00c9lingues \u00e0 branche unique Types de raccordements des \u00e9lingues en c\u00e2ble m\u00e9tallique \u00c9lingues \u00e0 plusieurs branches \u00c9lingues et [&hellip;]","og_url":"https:\/\/www.unirope.com\/fr\/produits\/elingues\/elingues-en-cable-metallique\/rigging-guidelines\/","og_site_name":"Unirope Ltd.","article_modified_time":"2019-08-22T20:37:25+00:00","schema":{"@context":"https:\/\/schema.org","@graph":[{"@type":"Organization","@id":"https:\/\/www.unirope.com\/#organization","name":"Unirope Ltd","url":"https:\/\/www.unirope.com\/","sameAs":["https:\/\/www.youtube.com\/channel\/UCYDjk5HBhJLEnptrBbQvjgg"],"logo":{"@type":"ImageObject","@id":"https:\/\/www.unirope.com\/#logo","inLanguage":"fr-FR","url":"https:\/\/www.unirope.com\/wp-content\/uploads\/2012\/06\/unirope_logo.gif","contentUrl":"https:\/\/www.unirope.com\/wp-content\/uploads\/2012\/06\/unirope_logo.gif","width":220,"height":50,"caption":"Unirope Ltd"},"image":{"@id":"https:\/\/www.unirope.com\/#logo"}},{"@type":"WebSite","@id":"https:\/\/www.unirope.com\/#website","url":"https:\/\/www.unirope.com\/","name":"Unirope Ltd.","description":"Wire Rope &amp; Rigging Products","publisher":{"@id":"https:\/\/www.unirope.com\/#organization"},"potentialAction":[{"@type":"SearchAction","target":{"@type":"EntryPoint","urlTemplate":"https:\/\/www.unirope.com\/?s={search_term_string}"},"query-input":"required name=search_term_string"}],"inLanguage":"fr-FR"},{"@type":"WebPage","@id":"https:\/\/www.unirope.com\/fr\/produits\/elingues\/elingues-en-cable-metallique\/rigging-guidelines\/#webpage","url":"https:\/\/www.unirope.com\/fr\/produits\/elingues\/elingues-en-cable-metallique\/rigging-guidelines\/","name":"Le gr\u00e9ement les directives - Unirope Ltd.","isPartOf":{"@id":"https:\/\/www.unirope.com\/#website"},"datePublished":"2012-07-04T18:13:03+00:00","dateModified":"2019-08-22T20:37:25+00:00","breadcrumb":{"@id":"https:\/\/www.unirope.com\/fr\/produits\/elingues\/elingues-en-cable-metallique\/rigging-guidelines\/#breadcrumb"},"inLanguage":"fr-FR","potentialAction":[{"@type":"ReadAction","target":["https:\/\/www.unirope.com\/fr\/produits\/elingues\/elingues-en-cable-metallique\/rigging-guidelines\/"]}]},{"@type":"BreadcrumbList","@id":"https:\/\/www.unirope.com\/fr\/produits\/elingues\/elingues-en-cable-metallique\/rigging-guidelines\/#breadcrumb","itemListElement":[{"@type":"ListItem","position":1,"name":"Home","item":"https:\/\/www.unirope.com\/fr\/"},{"@type":"ListItem","position":2,"name":"Produits","item":"https:\/\/www.unirope.com\/fr\/produits\/"},{"@type":"ListItem","position":3,"name":"\u00c9lingues","item":"https:\/\/www.unirope.com\/fr\/produits\/elingues\/"},{"@type":"ListItem","position":4,"name":"\u00c9lingues en c\u00e2ble m\u00e9tallique","item":"https:\/\/www.unirope.com\/fr\/produits\/elingues\/elingues-en-cable-metallique\/"},{"@type":"ListItem","position":5,"name":"Le gr\u00e9ement les directives"}]}]}},"_links":{"self":[{"href":"https:\/\/www.unirope.com\/fr\/wp-json\/wp\/v2\/pages\/7049"}],"collection":[{"href":"https:\/\/www.unirope.com\/fr\/wp-json\/wp\/v2\/pages"}],"about":[{"href":"https:\/\/www.unirope.com\/fr\/wp-json\/wp\/v2\/types\/page"}],"author":[{"embeddable":true,"href":"https:\/\/www.unirope.com\/fr\/wp-json\/wp\/v2\/users\/1"}],"replies":[{"embeddable":true,"href":"https:\/\/www.unirope.com\/fr\/wp-json\/wp\/v2\/comments?post=7049"}],"version-history":[{"count":0,"href":"https:\/\/www.unirope.com\/fr\/wp-json\/wp\/v2\/pages\/7049\/revisions"}],"up":[{"embeddable":true,"href":"https:\/\/www.unirope.com\/fr\/wp-json\/wp\/v2\/pages\/7031"}],"wp:attachment":[{"href":"https:\/\/www.unirope.com\/fr\/wp-json\/wp\/v2\/media?parent=7049"}],"curies":[{"name":"wp","href":"https:\/\/api.w.org\/{rel}","templated":true}]}}