{"id":5521,"date":"2014-02-05T15:35:53","date_gmt":"2014-02-05T15:35:53","guid":{"rendered":"https:\/\/www.unirope.com\/?page_id=5521"},"modified":"2020-01-20T14:38:20","modified_gmt":"2020-01-20T14:38:20","slug":"home-fr","status":"publish","type":"page","link":"https:\/\/www.unirope.com\/fr\/","title":{"rendered":"C\u00c2BLES D\u2019ACIER &#8211; PRODUITS DE GR\u00c9AGE"},"content":{"rendered":"<p class=\"intro\">UNIROPE Lt\u00e9e. est une entreprise certifi\u00e9e ISO 9001 et LEEA (Lifting Equipment Engineers Association), et est sp\u00e9cialis\u00e9e dans la fabrication, la distribution, le testing, la certification et l\u2019inspection de produits de levage et de gr\u00e9age. Unirope est au service de cette industrie depuis 1956.<\/p>\n<p>En Allemagne, nous fabriquons des c\u00e2bles d\u2019acier PYTHON&reg; que nous avons en stock dans une grande vari\u00e9t\u00e9 de constructions pour les grues \u00e0 tour, les grues mobiles, les camions-grues, les ponts roulants, les ponts portiques pour l\u2019industrie du b\u00e2timent, l\u2019industrie automobile et l\u2019industrie m\u00e9tallurgique. Nous stockons \u00e9galement une grande vari\u00e9t\u00e9 de c\u00e2bles standards et faits sur mesure conform\u00e9ment aux standards nationaux et internationaux.<\/p>\n<p>La ligne des produits SLINGMAX&reg; comprend les \u00e9lingues TWIN PATH&reg; faites de fibres \u00e0 haute r\u00e9sistance K-SPEC&reg;, des \u00e9lingues de c\u00e2ble d\u2019acier super flexibles GATOR FLEX&reg; et TRI-FLEX&reg; et bien plus encore.<\/p>\n<p>Nous fournissons \u00e9galement une gamme compl\u00e8te d\u2019accessoires pour c\u00e2bles d\u2019acier, de produits de gr\u00e9age, d\u2019aimants, d\u2019attaches, de palans, de c\u00e2bles synth\u00e9tiques ainsi que tous les types d\u2019\u00e9lingues de levage.\u00a0<a class=\"read_more\" title=\"\u00c0 propos de nous\" href=\"https:\/\/www.unirope.com\/fr\/a-propos-de-nous\/\">Pour en savoir plus  \u203a<\/a><\/p>\n","protected":false},"excerpt":{"rendered":"<p>UNIROPE Lt\u00e9e. est une entreprise certifi\u00e9e ISO 9001 et LEEA (Lifting Equipment Engineers Association), et est sp\u00e9cialis\u00e9e dans la fabrication, la distribution, le testing, la certification et l\u2019inspection de produits de levage et de gr\u00e9age. Unirope est au service de cette industrie depuis 1956. En Allemagne, nous fabriquons des c\u00e2bles d\u2019acier PYTHON&reg; que nous avons [&hellip;]<\/p>\n","protected":false},"author":1,"featured_media":0,"parent":0,"menu_order":0,"comment_status":"open","ping_status":"closed","template":"home-fr.php","meta":[],"yoast_head":"<!-- This site is optimized with the Yoast SEO plugin v18.1 - https:\/\/yoast.com\/wordpress\/plugins\/seo\/ -->\n<meta name=\"robots\" content=\"index, follow, max-snippet:-1, max-image-preview:large, max-video-preview:-1\" \/>\n<link rel=\"canonical\" href=\"https:\/\/www.unirope.com\/fr\/\" \/>\n<meta property=\"og:locale\" content=\"fr_FR\" \/>\n<meta property=\"og:type\" content=\"article\" \/>\n<meta property=\"og:title\" content=\"C\u00c2BLES D\u2019ACIER - PRODUITS DE GR\u00c9AGE - Unirope Ltd.\" \/>\n<meta property=\"og:description\" content=\"UNIROPE Lt\u00e9e. est une entreprise certifi\u00e9e ISO 9001 et LEEA (Lifting Equipment Engineers Association), et est sp\u00e9cialis\u00e9e dans la fabrication, la distribution, le testing, la certification et l\u2019inspection de produits de levage et de gr\u00e9age. Unirope est au service de cette industrie depuis 1956. En Allemagne, nous fabriquons des c\u00e2bles d\u2019acier PYTHON&reg; que nous avons [&hellip;]\" \/>\n<meta property=\"og:url\" content=\"https:\/\/www.unirope.com\/fr\/\" \/>\n<meta property=\"og:site_name\" content=\"Unirope Ltd.\" \/>\n<meta property=\"article:modified_time\" content=\"2020-01-20T14:38:20+00:00\" \/>\n<meta name=\"twitter:label1\" content=\"Dur\u00e9e de lecture estim\u00e9e\" \/>\n\t<meta name=\"twitter:data1\" content=\"1 minute\" \/>\n<script type=\"application\/ld+json\" class=\"yoast-schema-graph\">{\"@context\":\"https:\/\/schema.org\",\"@graph\":[{\"@type\":\"Organization\",\"@id\":\"https:\/\/www.unirope.com\/#organization\",\"name\":\"Unirope Ltd\",\"url\":\"https:\/\/www.unirope.com\/\",\"sameAs\":[\"https:\/\/www.youtube.com\/channel\/UCYDjk5HBhJLEnptrBbQvjgg\"],\"logo\":{\"@type\":\"ImageObject\",\"@id\":\"https:\/\/www.unirope.com\/#logo\",\"inLanguage\":\"fr-FR\",\"url\":\"https:\/\/www.unirope.com\/wp-content\/uploads\/2012\/06\/unirope_logo.gif\",\"contentUrl\":\"https:\/\/www.unirope.com\/wp-content\/uploads\/2012\/06\/unirope_logo.gif\",\"width\":220,\"height\":50,\"caption\":\"Unirope Ltd\"},\"image\":{\"@id\":\"https:\/\/www.unirope.com\/#logo\"}},{\"@type\":\"WebSite\",\"@id\":\"https:\/\/www.unirope.com\/#website\",\"url\":\"https:\/\/www.unirope.com\/\",\"name\":\"Unirope Ltd.\",\"description\":\"Wire Rope &amp; Rigging Products\",\"publisher\":{\"@id\":\"https:\/\/www.unirope.com\/#organization\"},\"potentialAction\":[{\"@type\":\"SearchAction\",\"target\":{\"@type\":\"EntryPoint\",\"urlTemplate\":\"https:\/\/www.unirope.com\/?s={search_term_string}\"},\"query-input\":\"required name=search_term_string\"}],\"inLanguage\":\"fr-FR\"},{\"@type\":\"WebPage\",\"@id\":\"https:\/\/www.unirope.com\/fr\/#webpage\",\"url\":\"https:\/\/www.unirope.com\/fr\/\",\"name\":\"C\u00c2BLES D\u2019ACIER - PRODUITS DE GR\u00c9AGE - Unirope Ltd.\",\"isPartOf\":{\"@id\":\"https:\/\/www.unirope.com\/#website\"},\"datePublished\":\"2014-02-05T15:35:53+00:00\",\"dateModified\":\"2020-01-20T14:38:20+00:00\",\"breadcrumb\":{\"@id\":\"https:\/\/www.unirope.com\/fr\/#breadcrumb\"},\"inLanguage\":\"fr-FR\",\"potentialAction\":[{\"@type\":\"ReadAction\",\"target\":[\"https:\/\/www.unirope.com\/fr\/\"]}]},{\"@type\":\"BreadcrumbList\",\"@id\":\"https:\/\/www.unirope.com\/fr\/#breadcrumb\",\"itemListElement\":[{\"@type\":\"ListItem\",\"position\":1,\"name\":\"Home\",\"item\":\"https:\/\/www.unirope.com\/fr\/\"},{\"@type\":\"ListItem\",\"position\":2,\"name\":\"C\u00c2BLES D\u2019ACIER &#8211; PRODUITS DE GR\u00c9AGE\"}]}]}<\/script>\n<!-- \/ Yoast SEO plugin. -->","yoast_head_json":{"robots":{"index":"index","follow":"follow","max-snippet":"max-snippet:-1","max-image-preview":"max-image-preview:large","max-video-preview":"max-video-preview:-1"},"canonical":"https:\/\/www.unirope.com\/fr\/","og_locale":"fr_FR","og_type":"article","og_title":"C\u00c2BLES D\u2019ACIER - PRODUITS DE GR\u00c9AGE - Unirope Ltd.","og_description":"UNIROPE Lt\u00e9e. est une entreprise certifi\u00e9e ISO 9001 et LEEA (Lifting Equipment Engineers Association), et est sp\u00e9cialis\u00e9e dans la fabrication, la distribution, le testing, la certification et l\u2019inspection de produits de levage et de gr\u00e9age. Unirope est au service de cette industrie depuis 1956. En Allemagne, nous fabriquons des c\u00e2bles d\u2019acier PYTHON&reg; que nous avons [&hellip;]","og_url":"https:\/\/www.unirope.com\/fr\/","og_site_name":"Unirope Ltd.","article_modified_time":"2020-01-20T14:38:20+00:00","twitter_misc":{"Dur\u00e9e de lecture estim\u00e9e":"1 minute"},"schema":{"@context":"https:\/\/schema.org","@graph":[{"@type":"Organization","@id":"https:\/\/www.unirope.com\/#organization","name":"Unirope Ltd","url":"https:\/\/www.unirope.com\/","sameAs":["https:\/\/www.youtube.com\/channel\/UCYDjk5HBhJLEnptrBbQvjgg"],"logo":{"@type":"ImageObject","@id":"https:\/\/www.unirope.com\/#logo","inLanguage":"fr-FR","url":"https:\/\/www.unirope.com\/wp-content\/uploads\/2012\/06\/unirope_logo.gif","contentUrl":"https:\/\/www.unirope.com\/wp-content\/uploads\/2012\/06\/unirope_logo.gif","width":220,"height":50,"caption":"Unirope Ltd"},"image":{"@id":"https:\/\/www.unirope.com\/#logo"}},{"@type":"WebSite","@id":"https:\/\/www.unirope.com\/#website","url":"https:\/\/www.unirope.com\/","name":"Unirope Ltd.","description":"Wire Rope &amp; Rigging Products","publisher":{"@id":"https:\/\/www.unirope.com\/#organization"},"potentialAction":[{"@type":"SearchAction","target":{"@type":"EntryPoint","urlTemplate":"https:\/\/www.unirope.com\/?s={search_term_string}"},"query-input":"required name=search_term_string"}],"inLanguage":"fr-FR"},{"@type":"WebPage","@id":"https:\/\/www.unirope.com\/fr\/#webpage","url":"https:\/\/www.unirope.com\/fr\/","name":"C\u00c2BLES D\u2019ACIER - PRODUITS DE GR\u00c9AGE - Unirope Ltd.","isPartOf":{"@id":"https:\/\/www.unirope.com\/#website"},"datePublished":"2014-02-05T15:35:53+00:00","dateModified":"2020-01-20T14:38:20+00:00","breadcrumb":{"@id":"https:\/\/www.unirope.com\/fr\/#breadcrumb"},"inLanguage":"fr-FR","potentialAction":[{"@type":"ReadAction","target":["https:\/\/www.unirope.com\/fr\/"]}]},{"@type":"BreadcrumbList","@id":"https:\/\/www.unirope.com\/fr\/#breadcrumb","itemListElement":[{"@type":"ListItem","position":1,"name":"Home","item":"https:\/\/www.unirope.com\/fr\/"},{"@type":"ListItem","position":2,"name":"C\u00c2BLES D\u2019ACIER &#8211; PRODUITS DE GR\u00c9AGE"}]}]}},"_links":{"self":[{"href":"https:\/\/www.unirope.com\/fr\/wp-json\/wp\/v2\/pages\/5521"}],"collection":[{"href":"https:\/\/www.unirope.com\/fr\/wp-json\/wp\/v2\/pages"}],"about":[{"href":"https:\/\/www.unirope.com\/fr\/wp-json\/wp\/v2\/types\/page"}],"author":[{"embeddable":true,"href":"https:\/\/www.unirope.com\/fr\/wp-json\/wp\/v2\/users\/1"}],"replies":[{"embeddable":true,"href":"https:\/\/www.unirope.com\/fr\/wp-json\/wp\/v2\/comments?post=5521"}],"version-history":[{"count":0,"href":"https:\/\/www.unirope.com\/fr\/wp-json\/wp\/v2\/pages\/5521\/revisions"}],"wp:attachment":[{"href":"https:\/\/www.unirope.com\/fr\/wp-json\/wp\/v2\/media?parent=5521"}],"curies":[{"name":"wp","href":"https:\/\/api.w.org\/{rel}","templated":true}]}}