{"id":5405,"date":"2014-01-30T21:25:34","date_gmt":"2014-01-30T21:25:34","guid":{"rendered":"https:\/\/www.unirope.com\/?page_id=5405"},"modified":"2021-03-16T18:05:04","modified_gmt":"2021-03-16T18:05:04","slug":"information-technique","status":"publish","type":"page","link":"https:\/\/www.unirope.com\/fr\/produits\/cables\/cable-dacier\/information-technique\/","title":{"rendered":"Inspection, manutention et entretien des c\u00e2bles d\u2019acier"},"content":{"rendered":"<div class=\"table-3-4\" style=\"clear: left\">\n<table class=\"table-list\" style=\"width: 100%\" cellspacing=\"0\" cellpadding=\"0\">\n<thead>\n<tr>\n<th>&nbsp;<\/th>\n<\/tr>\n<\/thead>\n<tbody>\n<tr>\n<td><a href=\"\/fr\/utilisation-et-soin-des-cables-dacier\/\">Utilisation et soin des C&acirc;bles d&rsquo;acier<\/a><\/td>\n<\/tr>\n<tr>\n<td><a href=\"\/fr\/un-cable-dacier-est-une-machine\/\">Un C&acirc;ble d&rsquo;acier est une machine<\/a><\/td>\n<\/tr>\n<\/tbody>\n<\/table>\n<\/div>\n<div class=\"table-3-4\" style=\"clear: left\">\n<table id=\"installation\" class=\"table-list\" style=\"width: 100%\" cellspacing=\"0\" cellpadding=\"0\">\n<thead>\n<tr>\n<th>INSTALLATION DU C\u00c2BLE D\u2019ACIER :<\/th>\n<\/tr>\n<\/thead>\n<tbody>\n<tr>\n<td><a href=\"\/fr\/introduction-mesurer-le-diametre-du-cable\/\">Introduction, mesurer le diam\u00e8tre du c\u00e2ble<\/a><\/td>\n<\/tr>\n<tr>\n<td><a href=\"\/fr\/si-vous-devez-couper-un-cable\/\">Si vous devez couper un c\u00e2ble<\/a><\/td>\n<\/tr>\n<tr>\n<td><a href=\"\/fr\/derouler-le-cable\/\">D\u00e9rouler le c\u00e2ble<\/a><\/td>\n<\/tr>\n<tr>\n<td><a href=\"\/fr\/joindre-le-nouveau-cable-a-lancien-cable\/\">Joindre le nouveau c&acirc;ble &agrave; l&rsquo;ancien c&acirc;ble<\/a><\/td>\n<\/tr>\n<tr>\n<td><a href=\"\/fr\/direction-du-cablage-en-fonction-du-rainurage-du-tambour\/\">Direction du c\u00e2blage vs. rainurage des tambour<\/a><\/td>\n<\/tr>\n<tr>\n<td><a href=\"\/fr\/enrouler-sur-tambour\/\">Enrouler sur tambour<\/a><\/td>\n<\/tr>\n<tr>\n<td><a href=\"\/fr\/installation-de-douilles-a-coins\/\">Installation de douilles \u00e0 coins<\/a><\/td>\n<\/tr>\n<tr>\n<td><a href=\"\/fr\/premiere-utilisation-de-votre-cable\/\">Premi\u00e8re utilisation de votre c\u00e2ble<\/a><\/td>\n<\/tr>\n<tr>\n<td><a href=\"\/fr\/taux-defficacite-terminaisons\/\">Taux d\u2019efficacit\u00e9 terminaisons<\/a><\/td>\n<\/tr>\n<\/tbody>\n<\/table>\n<\/div>\n<div class=\"table-3-4\" style=\"clear: left\">\n<table id=\"inspection\" class=\"table-list\" style=\"width: 100%\" cellspacing=\"0\" cellpadding=\"0\">\n<thead>\n<tr>\n<th>INSPECTION DES C\u00c2BLES D\u2019ACIER :<\/th>\n<\/tr>\n<\/thead>\n<tbody>\n<tr>\n<td><a href=\"\/fr\/comment-inspecter-les-cables-dacier\/\">Comment inspecter les c\u00e2bles d\u2019acier<\/a><\/td>\n<\/tr>\n<tr>\n<td><a href=\"\/fr\/brisures-de-fils-couronne-vallee\/\">Brisures de fils, couronne, vall\u00e9e<\/a><\/td>\n<\/tr>\n<tr>\n<td><a href=\"\/fr\/tableau-de-depose-nombre-de-fils-brises\/\">Tableau de d\u00e9pose-nombre de fils brises<\/a><\/td>\n<\/tr>\n<tr>\n<td><a href=\"\/fr\/reduction-du-diametre-usure-du-cable\/\">R\u00e9duction du diam\u00e8tre, usure du c\u00e2ble<\/a><\/td>\n<\/tr>\n<tr>\n<td><a href=\"\/fr\/allongement-du-cable-brisure-des-fils-ame\/\">Allongement du c\u00e2ble, brisure des fils \u00e2me<\/a><\/td>\n<\/tr>\n<tr>\n<td><a href=\"\/fr\/dommages-mecaniques\/\">Dommages m\u00e9caniques<\/a><\/td>\n<\/tr>\n<tr>\n<td><a href=\"\/fr\/corrosion-enlevement-du-cable-et-causes-possibles\/\">Corrosion, enl\u00e8vement du c\u00e2ble et causes possibles<\/a><\/td>\n<\/tr>\n<\/tbody>\n<\/table>\n<\/div>\n<div class=\"table-3-4\" style=\"clear: left\">\n<table id=\"maintenance\" class=\"table-list\" style=\"width: 100%\" cellspacing=\"0\" cellpadding=\"0\">\n<thead>\n<tr>\n<th>ENTRETIEN :<\/th>\n<\/tr>\n<\/thead>\n<tbody>\n<tr>\n<td><a href=\"\/fr\/inspection-des-poulies-et-tambours-dimensions-du-rayon-des-gorges\/\">Inspection des poulies et tambours, dimensions du rayon des gorges<\/a><\/td>\n<\/tr>\n<tr>\n<td><a href=\"\/fr\/procedures-de-coupe-et-de-transfert-lubrification\/\">Proc\u00e9dures de coupe et de transfert, lubrification<\/a><\/td>\n<\/tr>\n<\/tbody>\n<\/table>\n<\/div>\n<div class=\"table-3-4\" style=\"clear: left\">\n<table id=\"rope-properties\" class=\"table-list\" style=\"width: 100%\" cellspacing=\"0\" cellpadding=\"0\">\n<thead>\n<tr>\n<th>CARACT\u00c9RISTIQUES ET DONNEES DES C\u00c2BLES :<\/th>\n<\/tr>\n<\/thead>\n<tbody>\n<tr>\n<td><a href=\"\/fr\/force-de-traction-et-facteur-de-remplissage\/\">Force de traction et facteur de remplissage<\/a><\/td>\n<\/tr>\n<tr>\n<td><a href=\"\/fr\/procede-de-compactage-hipac-et-forcepac\/\">Proc\u00e9d\u00e9 de compactage HiPac\u2122 et ForcePac\u2122<\/a><\/td>\n<\/tr>\n<tr>\n<td><a href=\"\/fr\/cables-dacier-resistants-a-la-rotation-et-antigiratoires\/\">C\u00e2bles d\u2019acier r\u00e9sistants \u00e0 la rotation et antigiratoires<\/a><\/td>\n<\/tr>\n<tr>\n<td><a href=\"\/fr\/dimensions-des-poulies-et-des-tambours\/\">Dimensions des poulies et des tambours<\/a><\/td>\n<\/tr>\n<tr>\n<td><a href=\"\/fr\/duree-de-vie-relative-en-service-perte-de-resistance-pourquoi-des-cables-multi-torons\/\">Dur\u00e9e de vie relative en service, perte de r\u00e9sistance et : pourquoi<br \/>des c\u00e2bles multi-torons?<\/a><\/td>\n<\/tr>\n<\/tbody>\n<\/table>\n<\/div>\n","protected":false},"excerpt":{"rendered":"<p>&nbsp; Utilisation et soin des C&acirc;bles d&rsquo;acier Un C&acirc;ble d&rsquo;acier est une machine INSTALLATION DU C\u00c2BLE D\u2019ACIER : Introduction, mesurer le diam\u00e8tre du c\u00e2ble Si vous devez couper un c\u00e2ble D\u00e9rouler le c\u00e2ble Joindre le nouveau c&acirc;ble &agrave; l&rsquo;ancien c&acirc;ble Direction du c\u00e2blage vs. rainurage des tambour Enrouler sur tambour Installation de douilles \u00e0 coins [&hellip;]<\/p>\n","protected":false},"author":1,"featured_media":0,"parent":5401,"menu_order":0,"comment_status":"open","ping_status":"closed","template":"page-technical-information-fr.php","meta":[],"yoast_head":"<!-- This site is optimized with the Yoast SEO plugin v18.1 - https:\/\/yoast.com\/wordpress\/plugins\/seo\/ -->\n<meta name=\"robots\" content=\"index, follow, max-snippet:-1, max-image-preview:large, max-video-preview:-1\" \/>\n<link rel=\"canonical\" href=\"https:\/\/www.unirope.com\/fr\/produits\/cables\/cable-dacier\/information-technique\/\" \/>\n<meta property=\"og:locale\" content=\"fr_FR\" \/>\n<meta property=\"og:type\" content=\"article\" \/>\n<meta property=\"og:title\" content=\"Inspection, manutention et entretien des c\u00e2bles d\u2019acier - Unirope Ltd.\" \/>\n<meta property=\"og:description\" content=\"&nbsp; Utilisation et soin des C&acirc;bles d&rsquo;acier Un C&acirc;ble d&rsquo;acier est une machine INSTALLATION DU C\u00c2BLE D\u2019ACIER : Introduction, mesurer le diam\u00e8tre du c\u00e2ble Si vous devez couper un c\u00e2ble D\u00e9rouler le c\u00e2ble Joindre le nouveau c&acirc;ble &agrave; l&rsquo;ancien c&acirc;ble Direction du c\u00e2blage vs. rainurage des tambour Enrouler sur tambour Installation de douilles \u00e0 coins [&hellip;]\" \/>\n<meta property=\"og:url\" content=\"https:\/\/www.unirope.com\/fr\/produits\/cables\/cable-dacier\/information-technique\/\" \/>\n<meta property=\"og:site_name\" content=\"Unirope Ltd.\" \/>\n<meta property=\"article:modified_time\" content=\"2021-03-16T18:05:04+00:00\" \/>\n<meta name=\"twitter:label1\" content=\"Dur\u00e9e de lecture estim\u00e9e\" \/>\n\t<meta name=\"twitter:data1\" content=\"1 minute\" \/>\n<script type=\"application\/ld+json\" class=\"yoast-schema-graph\">{\"@context\":\"https:\/\/schema.org\",\"@graph\":[{\"@type\":\"Organization\",\"@id\":\"https:\/\/www.unirope.com\/#organization\",\"name\":\"Unirope Ltd\",\"url\":\"https:\/\/www.unirope.com\/\",\"sameAs\":[\"https:\/\/www.youtube.com\/channel\/UCYDjk5HBhJLEnptrBbQvjgg\"],\"logo\":{\"@type\":\"ImageObject\",\"@id\":\"https:\/\/www.unirope.com\/#logo\",\"inLanguage\":\"fr-FR\",\"url\":\"https:\/\/www.unirope.com\/wp-content\/uploads\/2012\/06\/unirope_logo.gif\",\"contentUrl\":\"https:\/\/www.unirope.com\/wp-content\/uploads\/2012\/06\/unirope_logo.gif\",\"width\":220,\"height\":50,\"caption\":\"Unirope Ltd\"},\"image\":{\"@id\":\"https:\/\/www.unirope.com\/#logo\"}},{\"@type\":\"WebSite\",\"@id\":\"https:\/\/www.unirope.com\/#website\",\"url\":\"https:\/\/www.unirope.com\/\",\"name\":\"Unirope Ltd.\",\"description\":\"Wire Rope &amp; Rigging Products\",\"publisher\":{\"@id\":\"https:\/\/www.unirope.com\/#organization\"},\"potentialAction\":[{\"@type\":\"SearchAction\",\"target\":{\"@type\":\"EntryPoint\",\"urlTemplate\":\"https:\/\/www.unirope.com\/?s={search_term_string}\"},\"query-input\":\"required name=search_term_string\"}],\"inLanguage\":\"fr-FR\"},{\"@type\":\"WebPage\",\"@id\":\"https:\/\/www.unirope.com\/fr\/produits\/cables\/cable-dacier\/information-technique\/#webpage\",\"url\":\"https:\/\/www.unirope.com\/fr\/produits\/cables\/cable-dacier\/information-technique\/\",\"name\":\"Inspection, manutention et entretien des c\u00e2bles d\u2019acier - Unirope Ltd.\",\"isPartOf\":{\"@id\":\"https:\/\/www.unirope.com\/#website\"},\"datePublished\":\"2014-01-30T21:25:34+00:00\",\"dateModified\":\"2021-03-16T18:05:04+00:00\",\"breadcrumb\":{\"@id\":\"https:\/\/www.unirope.com\/fr\/produits\/cables\/cable-dacier\/information-technique\/#breadcrumb\"},\"inLanguage\":\"fr-FR\",\"potentialAction\":[{\"@type\":\"ReadAction\",\"target\":[\"https:\/\/www.unirope.com\/fr\/produits\/cables\/cable-dacier\/information-technique\/\"]}]},{\"@type\":\"BreadcrumbList\",\"@id\":\"https:\/\/www.unirope.com\/fr\/produits\/cables\/cable-dacier\/information-technique\/#breadcrumb\",\"itemListElement\":[{\"@type\":\"ListItem\",\"position\":1,\"name\":\"Home\",\"item\":\"https:\/\/www.unirope.com\/fr\/\"},{\"@type\":\"ListItem\",\"position\":2,\"name\":\"Produits\",\"item\":\"https:\/\/www.unirope.com\/fr\/produits\/\"},{\"@type\":\"ListItem\",\"position\":3,\"name\":\"C\u00e2bles\",\"item\":\"https:\/\/www.unirope.com\/fr\/produits\/cables\/\"},{\"@type\":\"ListItem\",\"position\":4,\"name\":\"Conception et ing\u00e9nierie des c\u00e2bles m\u00e9talliques\",\"item\":\"https:\/\/www.unirope.com\/fr\/produits\/cables\/cable-dacier\/\"},{\"@type\":\"ListItem\",\"position\":5,\"name\":\"Inspection, manutention et entretien des c\u00e2bles d\u2019acier\"}]}]}<\/script>\n<!-- \/ Yoast SEO plugin. -->","yoast_head_json":{"robots":{"index":"index","follow":"follow","max-snippet":"max-snippet:-1","max-image-preview":"max-image-preview:large","max-video-preview":"max-video-preview:-1"},"canonical":"https:\/\/www.unirope.com\/fr\/produits\/cables\/cable-dacier\/information-technique\/","og_locale":"fr_FR","og_type":"article","og_title":"Inspection, manutention et entretien des c\u00e2bles d\u2019acier - Unirope Ltd.","og_description":"&nbsp; Utilisation et soin des C&acirc;bles d&rsquo;acier Un C&acirc;ble d&rsquo;acier est une machine INSTALLATION DU C\u00c2BLE D\u2019ACIER : Introduction, mesurer le diam\u00e8tre du c\u00e2ble Si vous devez couper un c\u00e2ble D\u00e9rouler le c\u00e2ble Joindre le nouveau c&acirc;ble &agrave; l&rsquo;ancien c&acirc;ble Direction du c\u00e2blage vs. rainurage des tambour Enrouler sur tambour Installation de douilles \u00e0 coins [&hellip;]","og_url":"https:\/\/www.unirope.com\/fr\/produits\/cables\/cable-dacier\/information-technique\/","og_site_name":"Unirope Ltd.","article_modified_time":"2021-03-16T18:05:04+00:00","twitter_misc":{"Dur\u00e9e de lecture estim\u00e9e":"1 minute"},"schema":{"@context":"https:\/\/schema.org","@graph":[{"@type":"Organization","@id":"https:\/\/www.unirope.com\/#organization","name":"Unirope Ltd","url":"https:\/\/www.unirope.com\/","sameAs":["https:\/\/www.youtube.com\/channel\/UCYDjk5HBhJLEnptrBbQvjgg"],"logo":{"@type":"ImageObject","@id":"https:\/\/www.unirope.com\/#logo","inLanguage":"fr-FR","url":"https:\/\/www.unirope.com\/wp-content\/uploads\/2012\/06\/unirope_logo.gif","contentUrl":"https:\/\/www.unirope.com\/wp-content\/uploads\/2012\/06\/unirope_logo.gif","width":220,"height":50,"caption":"Unirope Ltd"},"image":{"@id":"https:\/\/www.unirope.com\/#logo"}},{"@type":"WebSite","@id":"https:\/\/www.unirope.com\/#website","url":"https:\/\/www.unirope.com\/","name":"Unirope Ltd.","description":"Wire Rope &amp; Rigging Products","publisher":{"@id":"https:\/\/www.unirope.com\/#organization"},"potentialAction":[{"@type":"SearchAction","target":{"@type":"EntryPoint","urlTemplate":"https:\/\/www.unirope.com\/?s={search_term_string}"},"query-input":"required name=search_term_string"}],"inLanguage":"fr-FR"},{"@type":"WebPage","@id":"https:\/\/www.unirope.com\/fr\/produits\/cables\/cable-dacier\/information-technique\/#webpage","url":"https:\/\/www.unirope.com\/fr\/produits\/cables\/cable-dacier\/information-technique\/","name":"Inspection, manutention et entretien des c\u00e2bles d\u2019acier - Unirope Ltd.","isPartOf":{"@id":"https:\/\/www.unirope.com\/#website"},"datePublished":"2014-01-30T21:25:34+00:00","dateModified":"2021-03-16T18:05:04+00:00","breadcrumb":{"@id":"https:\/\/www.unirope.com\/fr\/produits\/cables\/cable-dacier\/information-technique\/#breadcrumb"},"inLanguage":"fr-FR","potentialAction":[{"@type":"ReadAction","target":["https:\/\/www.unirope.com\/fr\/produits\/cables\/cable-dacier\/information-technique\/"]}]},{"@type":"BreadcrumbList","@id":"https:\/\/www.unirope.com\/fr\/produits\/cables\/cable-dacier\/information-technique\/#breadcrumb","itemListElement":[{"@type":"ListItem","position":1,"name":"Home","item":"https:\/\/www.unirope.com\/fr\/"},{"@type":"ListItem","position":2,"name":"Produits","item":"https:\/\/www.unirope.com\/fr\/produits\/"},{"@type":"ListItem","position":3,"name":"C\u00e2bles","item":"https:\/\/www.unirope.com\/fr\/produits\/cables\/"},{"@type":"ListItem","position":4,"name":"Conception et ing\u00e9nierie des c\u00e2bles m\u00e9talliques","item":"https:\/\/www.unirope.com\/fr\/produits\/cables\/cable-dacier\/"},{"@type":"ListItem","position":5,"name":"Inspection, manutention et entretien des c\u00e2bles d\u2019acier"}]}]}},"_links":{"self":[{"href":"https:\/\/www.unirope.com\/fr\/wp-json\/wp\/v2\/pages\/5405"}],"collection":[{"href":"https:\/\/www.unirope.com\/fr\/wp-json\/wp\/v2\/pages"}],"about":[{"href":"https:\/\/www.unirope.com\/fr\/wp-json\/wp\/v2\/types\/page"}],"author":[{"embeddable":true,"href":"https:\/\/www.unirope.com\/fr\/wp-json\/wp\/v2\/users\/1"}],"replies":[{"embeddable":true,"href":"https:\/\/www.unirope.com\/fr\/wp-json\/wp\/v2\/comments?post=5405"}],"version-history":[{"count":0,"href":"https:\/\/www.unirope.com\/fr\/wp-json\/wp\/v2\/pages\/5405\/revisions"}],"up":[{"embeddable":true,"href":"https:\/\/www.unirope.com\/fr\/wp-json\/wp\/v2\/pages\/5401"}],"wp:attachment":[{"href":"https:\/\/www.unirope.com\/fr\/wp-json\/wp\/v2\/media?parent=5405"}],"curies":[{"name":"wp","href":"https:\/\/api.w.org\/{rel}","templated":true}]}}