{"id":5401,"date":"2014-01-30T20:38:25","date_gmt":"2014-01-30T20:38:25","guid":{"rendered":"https:\/\/www.unirope.com\/?page_id=5401"},"modified":"2021-03-04T22:00:25","modified_gmt":"2021-03-04T22:00:25","slug":"cable-dacier","status":"publish","type":"page","link":"https:\/\/www.unirope.com\/fr\/produits\/cables\/cable-dacier\/","title":{"rendered":"Conception et ing\u00e9nierie des c\u00e2bles m\u00e9talliques"},"content":{"rendered":"<p style=\"margin-left: 11px;\">Quelques projets et applications utilisant le c\u00e2ble d\u2019acier PYTHON&reg;<\/p>\n<ul class=\"link-list\">\n<li><a title=\"Caract\u00e9ristiques du Cable Python\u00ae\" href=\"\/fr\/ropes\/python-rope-features\/\/\">&rarr; Caract\u00e9ristiques du Cable Python\u00ae<\/a><\/li>\n<li><a title=\"Encapsulation du noyau e plastique PLASTGUARD\u00ae\u2122\" href=\"\/fr\/ropes\/plastguard-core-encapsulation\/\">&rarr; Encapsulation du noyau e plastique PLASTGUARD\u00ae<!--Proc\u00e9d\u00e9 de compactage de torons et proc\u00e9d\u00e9 de sertissage--><\/a><\/li>\n<li><a title=\"Technique de compactage HiPac\u00ae\" href=\"\/fr\/ropes\/hipactm-compaction-technique\/\">&rarr; Technique de compactage HiPac\u00ae<\/a><\/li>\n<li><a title=\"Conception du c\u00e2ble LONGLIFE\u00ae DoPar\u00ae\" href=\"\/fr\/ropes\/dopar-rope-design\/\">&rarr; Conception du c\u00e2ble LONGLIFE\u00ae DoPar\u00ae<\/a><\/li>\n<li><a title=\"La Force du C\u00e2ble d\u2019Acier PYTHON\u00ae\" href=\"\/fr\/ropes\/la-force-du-cable-acier-python\/\">&rarr; La Force du C\u00e2ble d\u2019Acier PYTHON\u00ae<\/a><\/li>\n<li><a title=\"Proc\u00e9d\u00e9 de compactage HiPac\u2122 et ForcePac\u2122\" href=\"\/fr\/ropes\/hipac-forcepac-compaction-process\/\">&rarr; Proc\u00e9d\u00e9 de compactage HiPac\u2122 et ForcePac\u2122<\/a><\/li>\n<li><a title=\"PYTHON\u00ae Courbure et r\u00e9sistance \u00e0 la fatigue et la long\u00e9vit\u00e9 d\u2019un c\u00e2ble\" href=\"\/fr\/ropes\/python-courbure-et-resistance-a-la-fatigue-et-la-longevite-dun-cable\/\">&rarr; PYTHON\u00ae Courbure et r\u00e9sistance \u00e0 la fatigue et la long\u00e9vit\u00e9 d\u2019un c\u00e2ble<\/a><\/li>\n<li><a title=\"C\u00e2ble d\u2019acier r\u00e9sistant \u00e0 la rotation et antigiratoire\" href=\"\/fr\/ropes\/rotation-resistant-non-rotating-wire-rope\/\">&rarr; C\u00e2ble d\u2019acier r\u00e9sistant \u00e0 la rotation et antigiratoire<\/a><\/li>\n<li><a title=\"Poulies et Tambours\" href=\"\/fr\/ropes\/poulies-et-tambours\/\">&rarr; Poulies et Tambours<\/a><\/li>\n<\/ul>\n","protected":false},"excerpt":{"rendered":"<p>Quelques projets et applications utilisant le c\u00e2ble d\u2019acier PYTHON&reg; &rarr; Caract\u00e9ristiques du Cable Python\u00ae &rarr; Encapsulation du noyau e plastique PLASTGUARD\u00ae &rarr; Technique de compactage HiPac\u00ae &rarr; Conception du c\u00e2ble LONGLIFE\u00ae DoPar\u00ae &rarr; La Force du C\u00e2ble d\u2019Acier PYTHON\u00ae &rarr; Proc\u00e9d\u00e9 de compactage HiPac\u2122 et ForcePac\u2122 &rarr; PYTHON\u00ae Courbure et r\u00e9sistance \u00e0 la fatigue et [&hellip;]<\/p>\n","protected":false},"author":1,"featured_media":0,"parent":5404,"menu_order":0,"comment_status":"open","ping_status":"open","template":"","meta":[],"yoast_head":"<!-- This site is optimized with the Yoast SEO plugin v18.1 - https:\/\/yoast.com\/wordpress\/plugins\/seo\/ -->\n<meta name=\"robots\" content=\"index, follow, max-snippet:-1, max-image-preview:large, max-video-preview:-1\" \/>\n<link rel=\"canonical\" href=\"https:\/\/www.unirope.com\/fr\/produits\/cables\/cable-dacier\/\" \/>\n<meta property=\"og:locale\" content=\"fr_FR\" \/>\n<meta property=\"og:type\" content=\"article\" \/>\n<meta property=\"og:title\" content=\"Conception et ing\u00e9nierie des c\u00e2bles m\u00e9talliques - Unirope Ltd.\" \/>\n<meta property=\"og:description\" content=\"Quelques projets et applications utilisant le c\u00e2ble d\u2019acier PYTHON&reg; &rarr; Caract\u00e9ristiques du Cable Python\u00ae &rarr; Encapsulation du noyau e plastique PLASTGUARD\u00ae &rarr; Technique de compactage HiPac\u00ae &rarr; Conception du c\u00e2ble LONGLIFE\u00ae DoPar\u00ae &rarr; La Force du C\u00e2ble d\u2019Acier PYTHON\u00ae &rarr; Proc\u00e9d\u00e9 de compactage HiPac\u2122 et ForcePac\u2122 &rarr; PYTHON\u00ae Courbure et r\u00e9sistance \u00e0 la fatigue et [&hellip;]\" \/>\n<meta property=\"og:url\" content=\"https:\/\/www.unirope.com\/fr\/produits\/cables\/cable-dacier\/\" \/>\n<meta property=\"og:site_name\" content=\"Unirope Ltd.\" \/>\n<meta property=\"article:modified_time\" content=\"2021-03-04T22:00:25+00:00\" \/>\n<script type=\"application\/ld+json\" class=\"yoast-schema-graph\">{\"@context\":\"https:\/\/schema.org\",\"@graph\":[{\"@type\":\"Organization\",\"@id\":\"https:\/\/www.unirope.com\/#organization\",\"name\":\"Unirope Ltd\",\"url\":\"https:\/\/www.unirope.com\/\",\"sameAs\":[\"https:\/\/www.youtube.com\/channel\/UCYDjk5HBhJLEnptrBbQvjgg\"],\"logo\":{\"@type\":\"ImageObject\",\"@id\":\"https:\/\/www.unirope.com\/#logo\",\"inLanguage\":\"fr-FR\",\"url\":\"https:\/\/www.unirope.com\/wp-content\/uploads\/2012\/06\/unirope_logo.gif\",\"contentUrl\":\"https:\/\/www.unirope.com\/wp-content\/uploads\/2012\/06\/unirope_logo.gif\",\"width\":220,\"height\":50,\"caption\":\"Unirope Ltd\"},\"image\":{\"@id\":\"https:\/\/www.unirope.com\/#logo\"}},{\"@type\":\"WebSite\",\"@id\":\"https:\/\/www.unirope.com\/#website\",\"url\":\"https:\/\/www.unirope.com\/\",\"name\":\"Unirope Ltd.\",\"description\":\"Wire Rope &amp; Rigging Products\",\"publisher\":{\"@id\":\"https:\/\/www.unirope.com\/#organization\"},\"potentialAction\":[{\"@type\":\"SearchAction\",\"target\":{\"@type\":\"EntryPoint\",\"urlTemplate\":\"https:\/\/www.unirope.com\/?s={search_term_string}\"},\"query-input\":\"required name=search_term_string\"}],\"inLanguage\":\"fr-FR\"},{\"@type\":\"WebPage\",\"@id\":\"https:\/\/www.unirope.com\/fr\/produits\/cables\/cable-dacier\/#webpage\",\"url\":\"https:\/\/www.unirope.com\/fr\/produits\/cables\/cable-dacier\/\",\"name\":\"Conception et ing\u00e9nierie des c\u00e2bles m\u00e9talliques - Unirope Ltd.\",\"isPartOf\":{\"@id\":\"https:\/\/www.unirope.com\/#website\"},\"datePublished\":\"2014-01-30T20:38:25+00:00\",\"dateModified\":\"2021-03-04T22:00:25+00:00\",\"breadcrumb\":{\"@id\":\"https:\/\/www.unirope.com\/fr\/produits\/cables\/cable-dacier\/#breadcrumb\"},\"inLanguage\":\"fr-FR\",\"potentialAction\":[{\"@type\":\"ReadAction\",\"target\":[\"https:\/\/www.unirope.com\/fr\/produits\/cables\/cable-dacier\/\"]}]},{\"@type\":\"BreadcrumbList\",\"@id\":\"https:\/\/www.unirope.com\/fr\/produits\/cables\/cable-dacier\/#breadcrumb\",\"itemListElement\":[{\"@type\":\"ListItem\",\"position\":1,\"name\":\"Home\",\"item\":\"https:\/\/www.unirope.com\/fr\/\"},{\"@type\":\"ListItem\",\"position\":2,\"name\":\"Produits\",\"item\":\"https:\/\/www.unirope.com\/fr\/produits\/\"},{\"@type\":\"ListItem\",\"position\":3,\"name\":\"C\u00e2bles\",\"item\":\"https:\/\/www.unirope.com\/fr\/produits\/cables\/\"},{\"@type\":\"ListItem\",\"position\":4,\"name\":\"Conception et ing\u00e9nierie des c\u00e2bles m\u00e9talliques\"}]}]}<\/script>\n<!-- \/ Yoast SEO plugin. -->","yoast_head_json":{"robots":{"index":"index","follow":"follow","max-snippet":"max-snippet:-1","max-image-preview":"max-image-preview:large","max-video-preview":"max-video-preview:-1"},"canonical":"https:\/\/www.unirope.com\/fr\/produits\/cables\/cable-dacier\/","og_locale":"fr_FR","og_type":"article","og_title":"Conception et ing\u00e9nierie des c\u00e2bles m\u00e9talliques - Unirope Ltd.","og_description":"Quelques projets et applications utilisant le c\u00e2ble d\u2019acier PYTHON&reg; &rarr; Caract\u00e9ristiques du Cable Python\u00ae &rarr; Encapsulation du noyau e plastique PLASTGUARD\u00ae &rarr; Technique de compactage HiPac\u00ae &rarr; Conception du c\u00e2ble LONGLIFE\u00ae DoPar\u00ae &rarr; La Force du C\u00e2ble d\u2019Acier PYTHON\u00ae &rarr; Proc\u00e9d\u00e9 de compactage HiPac\u2122 et ForcePac\u2122 &rarr; PYTHON\u00ae Courbure et r\u00e9sistance \u00e0 la fatigue et [&hellip;]","og_url":"https:\/\/www.unirope.com\/fr\/produits\/cables\/cable-dacier\/","og_site_name":"Unirope Ltd.","article_modified_time":"2021-03-04T22:00:25+00:00","schema":{"@context":"https:\/\/schema.org","@graph":[{"@type":"Organization","@id":"https:\/\/www.unirope.com\/#organization","name":"Unirope Ltd","url":"https:\/\/www.unirope.com\/","sameAs":["https:\/\/www.youtube.com\/channel\/UCYDjk5HBhJLEnptrBbQvjgg"],"logo":{"@type":"ImageObject","@id":"https:\/\/www.unirope.com\/#logo","inLanguage":"fr-FR","url":"https:\/\/www.unirope.com\/wp-content\/uploads\/2012\/06\/unirope_logo.gif","contentUrl":"https:\/\/www.unirope.com\/wp-content\/uploads\/2012\/06\/unirope_logo.gif","width":220,"height":50,"caption":"Unirope Ltd"},"image":{"@id":"https:\/\/www.unirope.com\/#logo"}},{"@type":"WebSite","@id":"https:\/\/www.unirope.com\/#website","url":"https:\/\/www.unirope.com\/","name":"Unirope Ltd.","description":"Wire Rope &amp; Rigging Products","publisher":{"@id":"https:\/\/www.unirope.com\/#organization"},"potentialAction":[{"@type":"SearchAction","target":{"@type":"EntryPoint","urlTemplate":"https:\/\/www.unirope.com\/?s={search_term_string}"},"query-input":"required name=search_term_string"}],"inLanguage":"fr-FR"},{"@type":"WebPage","@id":"https:\/\/www.unirope.com\/fr\/produits\/cables\/cable-dacier\/#webpage","url":"https:\/\/www.unirope.com\/fr\/produits\/cables\/cable-dacier\/","name":"Conception et ing\u00e9nierie des c\u00e2bles m\u00e9talliques - Unirope Ltd.","isPartOf":{"@id":"https:\/\/www.unirope.com\/#website"},"datePublished":"2014-01-30T20:38:25+00:00","dateModified":"2021-03-04T22:00:25+00:00","breadcrumb":{"@id":"https:\/\/www.unirope.com\/fr\/produits\/cables\/cable-dacier\/#breadcrumb"},"inLanguage":"fr-FR","potentialAction":[{"@type":"ReadAction","target":["https:\/\/www.unirope.com\/fr\/produits\/cables\/cable-dacier\/"]}]},{"@type":"BreadcrumbList","@id":"https:\/\/www.unirope.com\/fr\/produits\/cables\/cable-dacier\/#breadcrumb","itemListElement":[{"@type":"ListItem","position":1,"name":"Home","item":"https:\/\/www.unirope.com\/fr\/"},{"@type":"ListItem","position":2,"name":"Produits","item":"https:\/\/www.unirope.com\/fr\/produits\/"},{"@type":"ListItem","position":3,"name":"C\u00e2bles","item":"https:\/\/www.unirope.com\/fr\/produits\/cables\/"},{"@type":"ListItem","position":4,"name":"Conception et ing\u00e9nierie des c\u00e2bles m\u00e9talliques"}]}]}},"_links":{"self":[{"href":"https:\/\/www.unirope.com\/fr\/wp-json\/wp\/v2\/pages\/5401"}],"collection":[{"href":"https:\/\/www.unirope.com\/fr\/wp-json\/wp\/v2\/pages"}],"about":[{"href":"https:\/\/www.unirope.com\/fr\/wp-json\/wp\/v2\/types\/page"}],"author":[{"embeddable":true,"href":"https:\/\/www.unirope.com\/fr\/wp-json\/wp\/v2\/users\/1"}],"replies":[{"embeddable":true,"href":"https:\/\/www.unirope.com\/fr\/wp-json\/wp\/v2\/comments?post=5401"}],"version-history":[{"count":0,"href":"https:\/\/www.unirope.com\/fr\/wp-json\/wp\/v2\/pages\/5401\/revisions"}],"up":[{"embeddable":true,"href":"https:\/\/www.unirope.com\/fr\/wp-json\/wp\/v2\/pages\/5404"}],"wp:attachment":[{"href":"https:\/\/www.unirope.com\/fr\/wp-json\/wp\/v2\/media?parent=5401"}],"curies":[{"name":"wp","href":"https:\/\/api.w.org\/{rel}","templated":true}]}}