{"id":5324,"date":"2014-01-30T17:48:49","date_gmt":"2014-01-30T17:48:49","guid":{"rendered":"https:\/\/www.unirope.com\/?page_id=5324"},"modified":"2020-04-13T20:02:34","modified_gmt":"2020-04-13T20:02:34","slug":"a-propos-de-nous","status":"publish","type":"page","link":"https:\/\/www.unirope.com\/fr\/a-propos-de-nous\/","title":{"rendered":"\u00c0 propos de nous"},"content":{"rendered":"<p class=\"intro\">UNIROPE Lt\u00e9e. est une entreprise certifi\u00e9e ISO 9001 et LEEA (Lifting Equipment Engineers Association), et est sp\u00e9cialis\u00e9e dans la fabrication, la distribution, le testing, la certification et l\u2019inspection de produits de levage et de gr\u00e9age. Unirope est au service de cette industrie depuis 1956.<\/p>\n<p>En Allemagne, nous fabriquons des c\u00e2bles d\u2019acier PYTHON&reg; que nous avons en stock dans une grande vari\u00e9t\u00e9 de constructions pour les grues \u00e0 tour, les grues mobiles, les camions-grues, les ponts roulants, les ponts portiques pour l\u2019industrie du b\u00e2timent, l\u2019industrie automobile et l\u2019industrie m\u00e9tallurgique. Nous stockons \u00e9galement une grande vari\u00e9t\u00e9 de c\u00e2bles standards et faits sur mesure conform\u00e9ment aux standards nationaux et internationaux.<\/p>\n<p>La ligne des produits SLINGMAX&reg; comprend les \u00e9lingues TWIN PATH&reg; faites de fibres \u00e0 haute r\u00e9sistance K-SPEC&reg;, des \u00e9lingues de c\u00e2ble d\u2019acier super flexibles GATOR FLEX&reg; et TRI-FLEX&reg; et bien plus encore.<\/p>\n<p>Nous fournissons \u00e9galement une gamme compl\u00e8te d\u2019accessoires pour c\u00e2bles d\u2019acier, de produits de gr\u00e9age, d\u2019aimants, d\u2019attaches, de palans, de c\u00e2bles synth\u00e9tiques ainsi que tous les types d\u2019\u00e9lingues de levage.<\/p>\n<p>Nous nous engageons \u00e0 livrer qualit\u00e9 et s\u00e9curit\u00e9 dans tous nos produits. Nous fournissons des Services d\u2019essai \u00e0 travers le Canada sur quatre (4) bancs d\u2019essai certifi\u00e9s ASTM E4, allant d\u2019une capacit\u00e9 de 150,000 \u00e0 1.2 million de livres. De plus, nos bancs d\u2019essai \u00e0 Montr\u00e9al et \u00e0 Mississauga sont approuv\u00e9s \u201cLloyd\u2019s Register of Shipping\u201d. Nous avons \u00e9galement deux (2) unit\u00e9s de testing et de re-certification mobiles d\u2019une capacit\u00e9 de 150,000 livres pouvant vous offrir ces services chez vous.<\/p>\n<p>Unirope est un centre de service autoris\u00e9, un centre de r\u00e9paration et de re-certification pour beaucoup de nos associ\u00e9s.<\/p>\n<p>Le personnel de vente et de service \u00e0 UNIROPE Lt\u00e9e est form\u00e9 et certifi\u00e9 d\u2019apr\u00e8s le Standard de gr\u00e9age NCCCO RIG 1 et offre une expertise qui atteint pr\u00e8s de 300 ans d\u2019exp\u00e9rience accumul\u00e9e. Chacun d\u2019entre eux peut transformer un probl\u00e8me de gr\u00e9age apparemment difficile en simple fait routinier.<\/p>\n<p>Il suffit de nous donner un appel et vous verrez\u2026<\/p>\n<div class=\"table-full\" style=\"clear: left;\">\n<table class=\"table-list w-imgs w-imgs-rev\" style=\"width: 100%;\" cellspacing=\"0\" cellpadding=\"0\">\n<thead>\n<tr>\n<th>UNIROPE Lt\u00e9e. offre toute une gamme de produits incluant :<\/th>\n<\/tr>\n<\/thead>\n<tbody>\n<tr>\n<td>\n<div><a href=\"https:\/\/www.unirope.com\/fr\/produits\/cables\/cable-dacier\/\"><span class=\"list-thumb\"><img src=\"\/wp-content\/themes\/unirope\/img\/product-line-logos\/python-logo-grey.png\" \/><\/span><span class=\"list-text\">PYTHON&reg; &#8211; c\u00e2ble d\u2019acier haute performance<\/span><\/a><\/div>\n<\/td>\n<\/tr>\n<tr>\n<td>\n<div><a href=\"https:\/\/www.unirope.com\/fr\/sling\/twin-path-slings-information\/\"><span class=\"list-thumb\"><img src=\"\/wp-content\/themes\/unirope\/img\/product-line-logos\/slingmax-logo-grey.png\" \/><\/span><span class=\"list-text\">TWIN-PATH&reg; &#8211; \u00e9lingues de levage \u00e0 haute performance fabriqu\u00e9es par Unirope au Canada<\/span><\/a><\/div>\n<\/td>\n<\/tr>\n<tr>\n<td>\n<div><a href=\"https:\/\/www.unirope.com\/fr\/produits\/rigging-hardware\/shackles-hooks\/\"><span class=\"list-thumb\"><img src=\"\/wp-content\/themes\/unirope\/img\/product-line-logos\/crosby-logo-grey.png\" \/><\/span><span class=\"list-text\">CROSBY &#8211; composantes de gr\u00e9age fabriqu\u00e9es au Canada et aux E.U.<\/span><\/a><\/div>\n<\/td>\n<\/tr>\n<tr>\n<td>\n<div><a href=\"javascript:void(0)\"><span class=\"list-thumb\"><img src=\"\/wp-content\/themes\/unirope\/img\/product-line-logos\/rud-logo-grey.png\" \/><\/span><span class=\"list-text\">RUD (Rieger und Dietz) &#8211; anneaux de levage fabriqu\u00e9s en Allemagne<\/span><\/a><\/div>\n<\/td>\n<\/tr>\n<tr>\n<td>\n<div><a href=\"javascript:void(0)\"><span class=\"list-thumb\"><img src=\"\/wp-content\/themes\/unirope\/img\/product-line-logos\/ropeblock-logo-grey.png\" \/><\/span><span class=\"list-text\">ROPEBLOCK &#8211; blocs de poulies en c\u00e2ble d\u2019acier et attaches de c\u00e2bles, fabriqu\u00e9s en Hollande<\/span><\/a><\/div>\n<\/td>\n<\/tr>\n<tr>\n<td>\n<div><a href=\"javascript:void(0)\"><span class=\"list-thumb\"><img src=\"\/wp-content\/themes\/unirope\/img\/product-line-logos\/peerless-logo-grey.png\" \/><\/span><span class=\"list-text\">PEERLESS &#8211; syst\u00e8mes et chaines en alliage fabriqu\u00e9s aux E.U.<\/span><\/a><\/div>\n<\/td>\n<\/tr>\n<tr>\n<td>\n<div><a href=\"javascript:void(0)\"><span class=\"list-thumb\"><img src=\"\/wp-content\/themes\/unirope\/img\/product-line-logos\/caldwell-logo-grey.png\" \/><\/span><span class=\"list-text\">CALDWELL &#8211; \u00e9quipement de manutention de mat\u00e9riel<\/span><\/a><\/div>\n<\/td>\n<\/tr>\n<tr>\n<td>\n<div><a href=\"javascript:void(0)\"><span class=\"list-thumb\"><img src=\"\/wp-content\/themes\/unirope\/img\/product-line-logos\/vanbeest-logo-grey.png\" \/><\/span><span class=\"list-text\">VAN BEEST &#8211; anneaux de levage \u00e0 haute capacit\u00e9 fabriqu\u00e9s en Hollande<\/span><\/a><\/div>\n<\/td>\n<\/tr>\n<tr>\n<td>\n<div><a href=\"javascript:void(0)\"><span class=\"list-thumb\"><img src=\"\/wp-content\/themes\/unirope\/img\/product-line-logos\/technomagnete-logo-grey.png\" \/><\/span><span class=\"list-text\">TECHNOMAGNETE &#8211; aimants de levage fabriqu\u00e9s en Italie<\/span><\/a><\/div>\n<\/td>\n<\/tr>\n<tr>\n<td>\n<div><a href=\"javascript:void(0)\"><span class=\"list-thumb\"><img src=\"\/wp-content\/themes\/unirope\/img\/product-line-logos\/sp-logo-grey.png\" \/><\/span><span class=\"list-text\">STRAIGHTPOINT &#8211; Surveillance de chargement et syst\u00e8me d\u2019acquisition des donn\u00e9es de chargement fabriques en G.B.<\/span><\/a><\/div>\n<\/td>\n<\/tr>\n<tr>\n<td>\n<div><a href=\"javascript:void(0)\"><span class=\"list-thumb\"><img src=\"\/wp-content\/themes\/unirope\/img\/product-line-logos\/ip-logo-grey.png\" \/><\/span><span class=\"list-text\">IP &#8211; pinces de levage fabriqu\u00e9es en Hollande<\/span><\/a><\/div>\n<\/td>\n<\/tr>\n<tr>\n<td>\n<div><a href=\"javascript:void(0)\"><span class=\"list-thumb\"><img src=\"\/wp-content\/themes\/unirope\/img\/product-line-logos\/jcrenfroe-logo-grey.png\" \/><\/span><span class=\"list-text\">RENFROE &#8211; fabriqu\u00e9 aux E.U.<\/span><\/a><\/div>\n<\/td>\n<\/tr>\n<tr>\n<td>\n<div><a href=\"https:\/\/www.unirope.com\/fr\/produits\/rigging-hardware\/eye-bolts-hoist-rings\/\"><span class=\"list-thumb\"><img src=\"\/wp-content\/themes\/unirope\/img\/product-line-logos\/jergens-logo-grey.png\" \/><\/span><span class=\"list-text\">JERGENS et ADBS &#8211; anneaux de levage pivotants fabriqu\u00e9s aux E.U.<\/span><\/a><\/div>\n<\/td>\n<\/tr>\n<tr>\n<td>\n<div><a href=\"javascript:void(0)\"><span class=\"list-thumb\"><img src=\"\/wp-content\/themes\/unirope\/img\/thumbs\/product-lines\/thumb-elebia-revised.png\" \/><\/span><span class=\"list-text\">ELEBIA -crochets d\u2019ouverture et de fermeture de chargement t\u00e9l\u00e9command\u00e9s, fabriqu\u00e9s en Espagne<\/span><\/a><\/div>\n<\/td>\n<\/tr>\n<tr>\n<td>\n<div><a href=\"javascript:void(0)\"><span class=\"list-thumb\"><img src=\"\/wp-content\/themes\/unirope\/img\/product-line-logos\/yalecordage-logo-grey.png\" \/><\/span><span class=\"list-text\">YALE &#8211; Cordage en c\u00e2ble de fibres fabriqu\u00e9s aux E.U.<\/span><\/a><\/div>\n<\/td>\n<\/tr>\n<tr>\n<td>\n<div><a href=\"javascript:void(0)\"><span class=\"list-thumb\"><img src=\"\/wp-content\/themes\/unirope\/img\/product-line-logos\/tractel-logo-grey.png\" \/><\/span><span class=\"list-text\">TRACTEL and GRIPHOIST &#8211; machines de traction et de levage de c\u00e2bles d\u2019acier \u00e0 action continue<\/span><\/a><\/div>\n<\/td>\n<\/tr>\n<tr>\n<td>\n<div><a href=\"javascript:void(0)\"><span class=\"list-thumb\"><img src=\"\/wp-content\/themes\/unirope\/img\/thumbs\/product-lines\/thumb-loos.jpg\" \/><\/span><span class=\"list-text\">LOOS &amp; CO. &#8211; accessoires de c\u00e2bles et petites pi\u00e8ces de c\u00e2ble fabriqu\u00e9s aux E.U.<\/span><\/a><\/div>\n<\/td>\n<\/tr>\n<tr>\n<td>\n<div><a href=\"javascript:void(0)\"><span class=\"list-thumb\"><img src=\"\/wp-content\/themes\/unirope\/img\/thumbs\/product-lines\/thumb-greenpin.png\" \/><\/span><span class=\"list-text\">GREEN PIN<\/span><\/a><\/div>\n<\/td>\n<\/tr>\n<tr>\n<td>\n<div><a href=\"javascript:void(0)\"><span class=\"list-thumb\"><img src=\"\/wp-content\/themes\/unirope\/img\/thumbs\/product-lines\/thumb-industrial.png\" \/><\/span><span class=\"list-text\">INDUSTRIAL MAGNETICS<\/span><\/a><\/div>\n<\/td>\n<\/tr>\n<tr>\n<td>\n<div><a href=\"javascript:void(0)\"><span class=\"list-thumb\"><img src=\"\/wp-content\/themes\/unirope\/img\/thumbs\/product-lines\/thumb-kito.jpg\" \/><\/span><span class=\"list-text\">KITO<\/span><\/a><\/div>\n<\/td>\n<\/tr>\n<tr>\n<td>\n<div><a href=\"javascript:void(0)\"><span class=\"list-thumb\"><img src=\"\/wp-content\/themes\/unirope\/img\/thumbs\/product-lines\/thumb-magna.png\" \/><\/span><span class=\"list-text\">MAGNA<\/span><\/a><\/div>\n<\/td>\n<\/tr>\n<tr>\n<td>\n<div><a href=\"javascript:void(0)\"><span class=\"list-thumb\"><img src=\"\/wp-content\/themes\/unirope\/img\/thumbs\/product-lines\/thumb-thiele.png\" \/><\/span><span class=\"list-text\">THIELE<\/span><\/a><\/div>\n<\/td>\n<\/tr>\n<\/tbody>\n<\/table>\n<\/div>\n<hr \/>\n<div class=\"table-full\" style=\"clear: left;\">\n<table class=\"table-list w-imgs w-imgs-rev lg\" style=\"width: 100%;\" cellspacing=\"0\" cellpadding=\"0\">\n<thead>\n<tr>\n<th>Unirope s\u2019engage activement et travaille pour vous avec les organismes suivants :<\/th>\n<\/tr>\n<\/thead>\n<tbody>\n<tr>\n<td>\n<div><a href=\"http:\/\/awrf.org\"><span class=\"list-thumb\"><img src=\"\/wp-content\/themes\/unirope\/img\/association-logos\/awrf-logo-grey.png\" \/><\/span><span class=\"list-text\">AWRF &#8211; Associated Wire Rope Fabricators<\/span><\/a><\/div>\n<\/td>\n<\/tr>\n<tr>\n<td>\n<div><a href=\"http:\/\/www.leea.co.uk\"><span class=\"list-thumb\"><img src=\"\/wp-content\/themes\/unirope\/img\/association-logos\/leea-logo-grey.png\" \/><\/span><span class=\"list-text\">LEEA &#8211; Lifting Equipment Engineers Association<\/span><\/a><\/div>\n<\/td>\n<\/tr>\n<tr>\n<td>\n<div><a href=\"https:\/\/www.asme.org\"><span class=\"list-thumb\"><img src=\"\/wp-content\/themes\/unirope\/img\/association-logos\/asme-logo-grey.png\" \/><\/span><span class=\"list-text\">ASME &#8211; The American Society of Mechanical Engineers<\/span><\/a><\/div>\n<\/td>\n<\/tr>\n<tr>\n<td>\n<div><a href=\"http:\/\/www.csagroup.org\/services\/codes-and-standards\/\"><span class=\"list-thumb\"><img src=\"\/wp-content\/themes\/unirope\/img\/association-logos\/csa-logo-grey.png\" \/><\/span><span class=\"list-text\">CSA &#8211; Canadian Standards Association<\/span><\/a><\/div>\n<\/td>\n<\/tr>\n<tr>\n<td>\n<div><a href=\"http:\/\/www.wstda.com\/index.cfm\"><span class=\"list-thumb\"><img src=\"\/wp-content\/themes\/unirope\/img\/association-logos\/wstda-logo-grey.png\" \/><\/span><span class=\"list-text\">WSTDA &#8211; Web Sling and Tie-Down Organization<\/span><\/a><\/div>\n<\/td>\n<\/tr>\n<tr>\n<td>\n<div><a href=\"http:\/\/www.ropecord.com\/new\/index.php\"><span class=\"list-thumb\"><img src=\"\/wp-content\/themes\/unirope\/img\/association-logos\/cordageinst-logo-grey.png\" \/><\/span><span class=\"list-text\">CI &#8211; Cordage Institute<\/span><\/a><\/div>\n<\/td>\n<\/tr>\n<tr>\n<td>\n<div><a href=\"https:\/\/www.mtsociety.org\"><span class=\"list-thumb\"><img src=\"\/wp-content\/themes\/unirope\/img\/association-logos\/marinetech-logo-grey.png\" \/><\/span><span class=\"list-text\">MTS &#8211; Marine Technology Society<\/span><\/a><\/div>\n<\/td>\n<\/tr>\n<tr>\n<td>\n<div><a href=\"http:\/\/www.oipeec.org\"><span class=\"list-thumb\"><img src=\"\/wp-content\/themes\/unirope\/img\/association-logos\/oipeec-logo-grey.png\" \/><\/span><span class=\"list-text\">OIPEEC &#8211; International Organization for the Study of the Endurance of Ropes<\/span><\/a><\/div>\n<\/td>\n<\/tr>\n<tr>\n<td>\n<div><a href=\"http:\/\/acrp.net\"><span class=\"list-thumb\"><img src=\"\/wp-content\/themes\/unirope\/img\/association-logos\/acrp-logo-grey.png\" \/><\/span><span class=\"list-text\">ACRP &#8211; Association of Crane and Rigging Professionals<\/span><\/a><\/div>\n<\/td>\n<\/tr>\n\n<\/tbody>\n<\/table>\n<\/div>\n","protected":false},"excerpt":{"rendered":"<p>UNIROPE Lt\u00e9e. est une entreprise certifi\u00e9e ISO 9001 et LEEA (Lifting Equipment Engineers Association), et est sp\u00e9cialis\u00e9e dans la fabrication, la distribution, le testing, la certification et l\u2019inspection de produits de levage et de gr\u00e9age. Unirope est au service de cette industrie depuis 1956. En Allemagne, nous fabriquons des c\u00e2bles d\u2019acier PYTHON&reg; que nous avons [&hellip;]<\/p>\n","protected":false},"author":1,"featured_media":0,"parent":0,"menu_order":0,"comment_status":"open","ping_status":"open","template":"page-about-us-fr.php","meta":[],"yoast_head":"<!-- This site is optimized with the Yoast SEO plugin v18.1 - https:\/\/yoast.com\/wordpress\/plugins\/seo\/ -->\n<meta name=\"robots\" content=\"index, follow, max-snippet:-1, max-image-preview:large, max-video-preview:-1\" \/>\n<link rel=\"canonical\" href=\"https:\/\/www.unirope.com\/fr\/a-propos-de-nous\/\" \/>\n<meta property=\"og:locale\" content=\"fr_FR\" \/>\n<meta property=\"og:type\" content=\"article\" \/>\n<meta property=\"og:title\" content=\"\u00c0 propos de nous - Unirope Ltd.\" \/>\n<meta property=\"og:description\" content=\"UNIROPE Lt\u00e9e. est une entreprise certifi\u00e9e ISO 9001 et LEEA (Lifting Equipment Engineers Association), et est sp\u00e9cialis\u00e9e dans la fabrication, la distribution, le testing, la certification et l\u2019inspection de produits de levage et de gr\u00e9age. Unirope est au service de cette industrie depuis 1956. En Allemagne, nous fabriquons des c\u00e2bles d\u2019acier PYTHON&reg; que nous avons [&hellip;]\" \/>\n<meta property=\"og:url\" content=\"https:\/\/www.unirope.com\/fr\/a-propos-de-nous\/\" \/>\n<meta property=\"og:site_name\" content=\"Unirope Ltd.\" \/>\n<meta property=\"article:modified_time\" content=\"2020-04-13T20:02:34+00:00\" \/>\n<meta property=\"og:image\" content=\"https:\/\/www.unirope.com\/wp-content\/themes\/unirope\/img\/product-line-logos\/python-logo-grey.png\" \/>\n<meta name=\"twitter:label1\" content=\"Dur\u00e9e de lecture estim\u00e9e\" \/>\n\t<meta name=\"twitter:data1\" content=\"3 minutes\" \/>\n<script type=\"application\/ld+json\" class=\"yoast-schema-graph\">{\"@context\":\"https:\/\/schema.org\",\"@graph\":[{\"@type\":\"Organization\",\"@id\":\"https:\/\/www.unirope.com\/#organization\",\"name\":\"Unirope Ltd\",\"url\":\"https:\/\/www.unirope.com\/\",\"sameAs\":[\"https:\/\/www.youtube.com\/channel\/UCYDjk5HBhJLEnptrBbQvjgg\"],\"logo\":{\"@type\":\"ImageObject\",\"@id\":\"https:\/\/www.unirope.com\/#logo\",\"inLanguage\":\"fr-FR\",\"url\":\"https:\/\/www.unirope.com\/wp-content\/uploads\/2012\/06\/unirope_logo.gif\",\"contentUrl\":\"https:\/\/www.unirope.com\/wp-content\/uploads\/2012\/06\/unirope_logo.gif\",\"width\":220,\"height\":50,\"caption\":\"Unirope Ltd\"},\"image\":{\"@id\":\"https:\/\/www.unirope.com\/#logo\"}},{\"@type\":\"WebSite\",\"@id\":\"https:\/\/www.unirope.com\/#website\",\"url\":\"https:\/\/www.unirope.com\/\",\"name\":\"Unirope Ltd.\",\"description\":\"Wire Rope &amp; Rigging Products\",\"publisher\":{\"@id\":\"https:\/\/www.unirope.com\/#organization\"},\"potentialAction\":[{\"@type\":\"SearchAction\",\"target\":{\"@type\":\"EntryPoint\",\"urlTemplate\":\"https:\/\/www.unirope.com\/?s={search_term_string}\"},\"query-input\":\"required name=search_term_string\"}],\"inLanguage\":\"fr-FR\"},{\"@type\":\"ImageObject\",\"@id\":\"https:\/\/www.unirope.com\/fr\/a-propos-de-nous\/#primaryimage\",\"inLanguage\":\"fr-FR\",\"url\":\"\/wp-content\/themes\/unirope\/img\/product-line-logos\/python-logo-grey.png\",\"contentUrl\":\"\/wp-content\/themes\/unirope\/img\/product-line-logos\/python-logo-grey.png\"},{\"@type\":\"WebPage\",\"@id\":\"https:\/\/www.unirope.com\/fr\/a-propos-de-nous\/#webpage\",\"url\":\"https:\/\/www.unirope.com\/fr\/a-propos-de-nous\/\",\"name\":\"\u00c0 propos de nous - Unirope Ltd.\",\"isPartOf\":{\"@id\":\"https:\/\/www.unirope.com\/#website\"},\"primaryImageOfPage\":{\"@id\":\"https:\/\/www.unirope.com\/fr\/a-propos-de-nous\/#primaryimage\"},\"datePublished\":\"2014-01-30T17:48:49+00:00\",\"dateModified\":\"2020-04-13T20:02:34+00:00\",\"breadcrumb\":{\"@id\":\"https:\/\/www.unirope.com\/fr\/a-propos-de-nous\/#breadcrumb\"},\"inLanguage\":\"fr-FR\",\"potentialAction\":[{\"@type\":\"ReadAction\",\"target\":[\"https:\/\/www.unirope.com\/fr\/a-propos-de-nous\/\"]}]},{\"@type\":\"BreadcrumbList\",\"@id\":\"https:\/\/www.unirope.com\/fr\/a-propos-de-nous\/#breadcrumb\",\"itemListElement\":[{\"@type\":\"ListItem\",\"position\":1,\"name\":\"Home\",\"item\":\"https:\/\/www.unirope.com\/fr\/\"},{\"@type\":\"ListItem\",\"position\":2,\"name\":\"\u00c0 propos de nous\"}]}]}<\/script>\n<!-- \/ Yoast SEO plugin. -->","yoast_head_json":{"robots":{"index":"index","follow":"follow","max-snippet":"max-snippet:-1","max-image-preview":"max-image-preview:large","max-video-preview":"max-video-preview:-1"},"canonical":"https:\/\/www.unirope.com\/fr\/a-propos-de-nous\/","og_locale":"fr_FR","og_type":"article","og_title":"\u00c0 propos de nous - Unirope Ltd.","og_description":"UNIROPE Lt\u00e9e. est une entreprise certifi\u00e9e ISO 9001 et LEEA (Lifting Equipment Engineers Association), et est sp\u00e9cialis\u00e9e dans la fabrication, la distribution, le testing, la certification et l\u2019inspection de produits de levage et de gr\u00e9age. Unirope est au service de cette industrie depuis 1956. En Allemagne, nous fabriquons des c\u00e2bles d\u2019acier PYTHON&reg; que nous avons [&hellip;]","og_url":"https:\/\/www.unirope.com\/fr\/a-propos-de-nous\/","og_site_name":"Unirope Ltd.","article_modified_time":"2020-04-13T20:02:34+00:00","og_image":[{"url":"https:\/\/www.unirope.com\/wp-content\/themes\/unirope\/img\/product-line-logos\/python-logo-grey.png"}],"twitter_misc":{"Dur\u00e9e de lecture estim\u00e9e":"3 minutes"},"schema":{"@context":"https:\/\/schema.org","@graph":[{"@type":"Organization","@id":"https:\/\/www.unirope.com\/#organization","name":"Unirope Ltd","url":"https:\/\/www.unirope.com\/","sameAs":["https:\/\/www.youtube.com\/channel\/UCYDjk5HBhJLEnptrBbQvjgg"],"logo":{"@type":"ImageObject","@id":"https:\/\/www.unirope.com\/#logo","inLanguage":"fr-FR","url":"https:\/\/www.unirope.com\/wp-content\/uploads\/2012\/06\/unirope_logo.gif","contentUrl":"https:\/\/www.unirope.com\/wp-content\/uploads\/2012\/06\/unirope_logo.gif","width":220,"height":50,"caption":"Unirope Ltd"},"image":{"@id":"https:\/\/www.unirope.com\/#logo"}},{"@type":"WebSite","@id":"https:\/\/www.unirope.com\/#website","url":"https:\/\/www.unirope.com\/","name":"Unirope Ltd.","description":"Wire Rope &amp; Rigging Products","publisher":{"@id":"https:\/\/www.unirope.com\/#organization"},"potentialAction":[{"@type":"SearchAction","target":{"@type":"EntryPoint","urlTemplate":"https:\/\/www.unirope.com\/?s={search_term_string}"},"query-input":"required name=search_term_string"}],"inLanguage":"fr-FR"},{"@type":"ImageObject","@id":"https:\/\/www.unirope.com\/fr\/a-propos-de-nous\/#primaryimage","inLanguage":"fr-FR","url":"\/wp-content\/themes\/unirope\/img\/product-line-logos\/python-logo-grey.png","contentUrl":"\/wp-content\/themes\/unirope\/img\/product-line-logos\/python-logo-grey.png"},{"@type":"WebPage","@id":"https:\/\/www.unirope.com\/fr\/a-propos-de-nous\/#webpage","url":"https:\/\/www.unirope.com\/fr\/a-propos-de-nous\/","name":"\u00c0 propos de nous - Unirope Ltd.","isPartOf":{"@id":"https:\/\/www.unirope.com\/#website"},"primaryImageOfPage":{"@id":"https:\/\/www.unirope.com\/fr\/a-propos-de-nous\/#primaryimage"},"datePublished":"2014-01-30T17:48:49+00:00","dateModified":"2020-04-13T20:02:34+00:00","breadcrumb":{"@id":"https:\/\/www.unirope.com\/fr\/a-propos-de-nous\/#breadcrumb"},"inLanguage":"fr-FR","potentialAction":[{"@type":"ReadAction","target":["https:\/\/www.unirope.com\/fr\/a-propos-de-nous\/"]}]},{"@type":"BreadcrumbList","@id":"https:\/\/www.unirope.com\/fr\/a-propos-de-nous\/#breadcrumb","itemListElement":[{"@type":"ListItem","position":1,"name":"Home","item":"https:\/\/www.unirope.com\/fr\/"},{"@type":"ListItem","position":2,"name":"\u00c0 propos de nous"}]}]}},"_links":{"self":[{"href":"https:\/\/www.unirope.com\/fr\/wp-json\/wp\/v2\/pages\/5324"}],"collection":[{"href":"https:\/\/www.unirope.com\/fr\/wp-json\/wp\/v2\/pages"}],"about":[{"href":"https:\/\/www.unirope.com\/fr\/wp-json\/wp\/v2\/types\/page"}],"author":[{"embeddable":true,"href":"https:\/\/www.unirope.com\/fr\/wp-json\/wp\/v2\/users\/1"}],"replies":[{"embeddable":true,"href":"https:\/\/www.unirope.com\/fr\/wp-json\/wp\/v2\/comments?post=5324"}],"version-history":[{"count":0,"href":"https:\/\/www.unirope.com\/fr\/wp-json\/wp\/v2\/pages\/5324\/revisions"}],"wp:attachment":[{"href":"https:\/\/www.unirope.com\/fr\/wp-json\/wp\/v2\/media?parent=5324"}],"curies":[{"name":"wp","href":"https:\/\/api.w.org\/{rel}","templated":true}]}}