{"id":12003,"date":"2015-02-19T14:12:20","date_gmt":"2015-02-19T14:12:20","guid":{"rendered":"https:\/\/www.unirope.com\/a-propos-de-nous\/careers\/"},"modified":"2020-01-14T17:28:35","modified_gmt":"2020-01-14T17:28:35","slug":"careers","status":"publish","type":"page","link":"https:\/\/www.unirope.com\/fr\/a-propos-de-nous\/careers\/","title":{"rendered":"Carri\u00e8res"},"content":{"rendered":"<p><span style=\"color: #960000;\">Unirope Lt\u00e9e<\/span> est une entreprise certifi\u00e9e\u00a0ISO\u00a09001 et par la LEEA (Lifting Equipment Engineers Association). Elle se sp\u00e9cialise dans la fabrication, la distribution, la v\u00e9rification, la certification et l\u2019inspection de produits de levage et de gr\u00e9age.<\/p>\n<p>Unirope Lt\u00e9e pense que ses employ\u00e9s constituent son principal actif et investit dans leur formation initiale et leur formation continue. Les membres de notre personnel de vente et de service sont des gr\u00e9eurs form\u00e9s et certifi\u00e9s selon la norme RIGGER\u00a01 de la NCCCO (National Commission for the Certification of Crane Operators). Ils ont pr\u00e8s de 300\u00a0ans d\u2019exp\u00e9rience combin\u00e9e en mati\u00e8re de services-conseils experts.<\/p>\n<p>Unirope Lt\u00e9e est un employeur qui respecte le principe d\u2019\u00e9galit\u00e9 des chances. Autrement dit, l\u2019entreprise s\u2019assure que les activit\u00e9s de recrutement, d\u2019attribution des t\u00e2ches, de revue salariale, de formation, d\u2019offre d\u2019emploi et d\u2019application de mesures disciplinaires sont conduites sans discrimination fond\u00e9e sur la race, l\u2019ascendance, le lieu de naissance, la couleur, l\u2019origine ethnique, la citoyennet\u00e9, le registre des infractions (tel que d\u00e9fini par la loi sur les droits de la personne de l\u2019Ontario), les croyances, le sexe, l\u2019orientation sexuelle, l\u2019\u00e2ge, l\u2019\u00e9tat matrimonial, l\u2019\u00e9tat familial ou un handicap.<\/p>\n<p>Si vous souhaitez devenir un membre de la famille Unirope, veuillez consulter nos ouvertures actuelles de poste.<\/p>\n<p>Veuillez visiter <a href=\"https:\/\/ca.indeed.com\/cmp\/Unirope-Ltd\/jobs\" target=\"_blank\" rel=\"noopener noreferrer\">Indeed.ca<\/a> pour acc\u00e9der \u00e0 nos plus r\u00e9centes ouvertures de poste.<\/p>\n","protected":false},"excerpt":{"rendered":"<p>Unirope Lt\u00e9e est une entreprise certifi\u00e9e\u00a0ISO\u00a09001 et par la LEEA (Lifting Equipment Engineers Association). Elle se sp\u00e9cialise dans la fabrication, la distribution, la v\u00e9rification, la certification et l\u2019inspection de produits de levage et de gr\u00e9age. Unirope Lt\u00e9e pense que ses employ\u00e9s constituent son principal actif et investit dans leur formation initiale et leur formation continue. [&hellip;]<\/p>\n","protected":false},"author":1,"featured_media":0,"parent":5324,"menu_order":0,"comment_status":"open","ping_status":"closed","template":"page-about-us-fr.php","meta":[],"yoast_head":"<!-- This site is optimized with the Yoast SEO plugin v18.1 - https:\/\/yoast.com\/wordpress\/plugins\/seo\/ -->\n<meta name=\"robots\" content=\"index, follow, max-snippet:-1, max-image-preview:large, max-video-preview:-1\" \/>\n<link rel=\"canonical\" href=\"https:\/\/www.unirope.com\/fr\/a-propos-de-nous\/careers\/\" \/>\n<meta property=\"og:locale\" content=\"fr_FR\" \/>\n<meta property=\"og:type\" content=\"article\" \/>\n<meta property=\"og:title\" content=\"Carri\u00e8res - Unirope Ltd.\" \/>\n<meta property=\"og:description\" content=\"Unirope Lt\u00e9e est une entreprise certifi\u00e9e\u00a0ISO\u00a09001 et par la LEEA (Lifting Equipment Engineers Association). Elle se sp\u00e9cialise dans la fabrication, la distribution, la v\u00e9rification, la certification et l\u2019inspection de produits de levage et de gr\u00e9age. Unirope Lt\u00e9e pense que ses employ\u00e9s constituent son principal actif et investit dans leur formation initiale et leur formation continue. [&hellip;]\" \/>\n<meta property=\"og:url\" content=\"https:\/\/www.unirope.com\/fr\/a-propos-de-nous\/careers\/\" \/>\n<meta property=\"og:site_name\" content=\"Unirope Ltd.\" \/>\n<meta property=\"article:modified_time\" content=\"2020-01-14T17:28:35+00:00\" \/>\n<meta name=\"twitter:label1\" content=\"Dur\u00e9e de lecture estim\u00e9e\" \/>\n\t<meta name=\"twitter:data1\" content=\"1 minute\" \/>\n<script type=\"application\/ld+json\" class=\"yoast-schema-graph\">{\"@context\":\"https:\/\/schema.org\",\"@graph\":[{\"@type\":\"Organization\",\"@id\":\"https:\/\/www.unirope.com\/#organization\",\"name\":\"Unirope Ltd\",\"url\":\"https:\/\/www.unirope.com\/\",\"sameAs\":[\"https:\/\/www.youtube.com\/channel\/UCYDjk5HBhJLEnptrBbQvjgg\"],\"logo\":{\"@type\":\"ImageObject\",\"@id\":\"https:\/\/www.unirope.com\/#logo\",\"inLanguage\":\"fr-FR\",\"url\":\"https:\/\/www.unirope.com\/wp-content\/uploads\/2012\/06\/unirope_logo.gif\",\"contentUrl\":\"https:\/\/www.unirope.com\/wp-content\/uploads\/2012\/06\/unirope_logo.gif\",\"width\":220,\"height\":50,\"caption\":\"Unirope Ltd\"},\"image\":{\"@id\":\"https:\/\/www.unirope.com\/#logo\"}},{\"@type\":\"WebSite\",\"@id\":\"https:\/\/www.unirope.com\/#website\",\"url\":\"https:\/\/www.unirope.com\/\",\"name\":\"Unirope Ltd.\",\"description\":\"Wire Rope &amp; Rigging Products\",\"publisher\":{\"@id\":\"https:\/\/www.unirope.com\/#organization\"},\"potentialAction\":[{\"@type\":\"SearchAction\",\"target\":{\"@type\":\"EntryPoint\",\"urlTemplate\":\"https:\/\/www.unirope.com\/?s={search_term_string}\"},\"query-input\":\"required name=search_term_string\"}],\"inLanguage\":\"fr-FR\"},{\"@type\":\"WebPage\",\"@id\":\"https:\/\/www.unirope.com\/fr\/a-propos-de-nous\/careers\/#webpage\",\"url\":\"https:\/\/www.unirope.com\/fr\/a-propos-de-nous\/careers\/\",\"name\":\"Carri\u00e8res - Unirope Ltd.\",\"isPartOf\":{\"@id\":\"https:\/\/www.unirope.com\/#website\"},\"datePublished\":\"2015-02-19T14:12:20+00:00\",\"dateModified\":\"2020-01-14T17:28:35+00:00\",\"breadcrumb\":{\"@id\":\"https:\/\/www.unirope.com\/fr\/a-propos-de-nous\/careers\/#breadcrumb\"},\"inLanguage\":\"fr-FR\",\"potentialAction\":[{\"@type\":\"ReadAction\",\"target\":[\"https:\/\/www.unirope.com\/fr\/a-propos-de-nous\/careers\/\"]}]},{\"@type\":\"BreadcrumbList\",\"@id\":\"https:\/\/www.unirope.com\/fr\/a-propos-de-nous\/careers\/#breadcrumb\",\"itemListElement\":[{\"@type\":\"ListItem\",\"position\":1,\"name\":\"Home\",\"item\":\"https:\/\/www.unirope.com\/fr\/\"},{\"@type\":\"ListItem\",\"position\":2,\"name\":\"\u00c0 propos de nous\",\"item\":\"https:\/\/www.unirope.com\/fr\/a-propos-de-nous\/\"},{\"@type\":\"ListItem\",\"position\":3,\"name\":\"Carri\u00e8res\"}]}]}<\/script>\n<!-- \/ Yoast SEO plugin. -->","yoast_head_json":{"robots":{"index":"index","follow":"follow","max-snippet":"max-snippet:-1","max-image-preview":"max-image-preview:large","max-video-preview":"max-video-preview:-1"},"canonical":"https:\/\/www.unirope.com\/fr\/a-propos-de-nous\/careers\/","og_locale":"fr_FR","og_type":"article","og_title":"Carri\u00e8res - Unirope Ltd.","og_description":"Unirope Lt\u00e9e est une entreprise certifi\u00e9e\u00a0ISO\u00a09001 et par la LEEA (Lifting Equipment Engineers Association). Elle se sp\u00e9cialise dans la fabrication, la distribution, la v\u00e9rification, la certification et l\u2019inspection de produits de levage et de gr\u00e9age. Unirope Lt\u00e9e pense que ses employ\u00e9s constituent son principal actif et investit dans leur formation initiale et leur formation continue. [&hellip;]","og_url":"https:\/\/www.unirope.com\/fr\/a-propos-de-nous\/careers\/","og_site_name":"Unirope Ltd.","article_modified_time":"2020-01-14T17:28:35+00:00","twitter_misc":{"Dur\u00e9e de lecture estim\u00e9e":"1 minute"},"schema":{"@context":"https:\/\/schema.org","@graph":[{"@type":"Organization","@id":"https:\/\/www.unirope.com\/#organization","name":"Unirope Ltd","url":"https:\/\/www.unirope.com\/","sameAs":["https:\/\/www.youtube.com\/channel\/UCYDjk5HBhJLEnptrBbQvjgg"],"logo":{"@type":"ImageObject","@id":"https:\/\/www.unirope.com\/#logo","inLanguage":"fr-FR","url":"https:\/\/www.unirope.com\/wp-content\/uploads\/2012\/06\/unirope_logo.gif","contentUrl":"https:\/\/www.unirope.com\/wp-content\/uploads\/2012\/06\/unirope_logo.gif","width":220,"height":50,"caption":"Unirope Ltd"},"image":{"@id":"https:\/\/www.unirope.com\/#logo"}},{"@type":"WebSite","@id":"https:\/\/www.unirope.com\/#website","url":"https:\/\/www.unirope.com\/","name":"Unirope Ltd.","description":"Wire Rope &amp; Rigging Products","publisher":{"@id":"https:\/\/www.unirope.com\/#organization"},"potentialAction":[{"@type":"SearchAction","target":{"@type":"EntryPoint","urlTemplate":"https:\/\/www.unirope.com\/?s={search_term_string}"},"query-input":"required name=search_term_string"}],"inLanguage":"fr-FR"},{"@type":"WebPage","@id":"https:\/\/www.unirope.com\/fr\/a-propos-de-nous\/careers\/#webpage","url":"https:\/\/www.unirope.com\/fr\/a-propos-de-nous\/careers\/","name":"Carri\u00e8res - Unirope Ltd.","isPartOf":{"@id":"https:\/\/www.unirope.com\/#website"},"datePublished":"2015-02-19T14:12:20+00:00","dateModified":"2020-01-14T17:28:35+00:00","breadcrumb":{"@id":"https:\/\/www.unirope.com\/fr\/a-propos-de-nous\/careers\/#breadcrumb"},"inLanguage":"fr-FR","potentialAction":[{"@type":"ReadAction","target":["https:\/\/www.unirope.com\/fr\/a-propos-de-nous\/careers\/"]}]},{"@type":"BreadcrumbList","@id":"https:\/\/www.unirope.com\/fr\/a-propos-de-nous\/careers\/#breadcrumb","itemListElement":[{"@type":"ListItem","position":1,"name":"Home","item":"https:\/\/www.unirope.com\/fr\/"},{"@type":"ListItem","position":2,"name":"\u00c0 propos de nous","item":"https:\/\/www.unirope.com\/fr\/a-propos-de-nous\/"},{"@type":"ListItem","position":3,"name":"Carri\u00e8res"}]}]}},"_links":{"self":[{"href":"https:\/\/www.unirope.com\/fr\/wp-json\/wp\/v2\/pages\/12003"}],"collection":[{"href":"https:\/\/www.unirope.com\/fr\/wp-json\/wp\/v2\/pages"}],"about":[{"href":"https:\/\/www.unirope.com\/fr\/wp-json\/wp\/v2\/types\/page"}],"author":[{"embeddable":true,"href":"https:\/\/www.unirope.com\/fr\/wp-json\/wp\/v2\/users\/1"}],"replies":[{"embeddable":true,"href":"https:\/\/www.unirope.com\/fr\/wp-json\/wp\/v2\/comments?post=12003"}],"version-history":[{"count":0,"href":"https:\/\/www.unirope.com\/fr\/wp-json\/wp\/v2\/pages\/12003\/revisions"}],"up":[{"embeddable":true,"href":"https:\/\/www.unirope.com\/fr\/wp-json\/wp\/v2\/pages\/5324"}],"wp:attachment":[{"href":"https:\/\/www.unirope.com\/fr\/wp-json\/wp\/v2\/media?parent=12003"}],"curies":[{"name":"wp","href":"https:\/\/api.w.org\/{rel}","templated":true}]}}