{"id":11364,"date":"2017-01-09T21:35:12","date_gmt":"2017-01-09T21:35:12","guid":{"rendered":"https:\/\/www.unirope.com\/fr\/produits\/elingues\/elingues-en-cable-metallique\/crosby-rings-s-643\/"},"modified":"2019-12-10T16:54:59","modified_gmt":"2019-12-10T16:54:59","slug":"crosby-rings-s-643","status":"publish","type":"page","link":"https:\/\/www.unirope.com\/fr\/produits\/elingues\/elingues-en-cable-metallique\/links-and-rings-for-wire-rope-slings\/crosby-rings-s-643\/","title":{"rendered":"Anneaux S-643"},"content":{"rendered":"<div>\n<img src=\"\/wp-content\/uploads\/2017\/01\/slings-link-diagram-4.jpg\" alt=\"Rings S-643 Diagram\" style=\"width:100%;\"\/>\n<\/div>\n<div class=\"table-full\">\n<table class=\"data\" border=\"0\" cellpadding=\"0\" cellspacing=\"0\" width=\"100%\">\n<thead>\n<tr>\n<td colspan=\"6\">Dimensions (pouces) pour anneaux ronds S-643 CARBONE<\/td>\n<\/tr>\n<tr valign=\"bottom\">\n<th style=\"text-align:center\" align=\"center\" class=\"valign-bottom\">Code de stock #<\/th>\n<th style=\"text-align:center\" align=\"center\" class=\"valign-bottom\">Taille<br \/>\nnominale pouce<br \/>\nA<\/th>\n<th style=\"text-align:center\" align=\"center\" class=\"valign-bottom\">Anneau<br \/>\nCMU<br \/>\nTonnes<\/th>\n<th style=\"text-align:center\" align=\"center\" class=\"valign-bottom\">B<\/th>\n<th style=\"text-align:center\" align=\"center\" class=\"valign-bottom\">C<\/th>\n<th style=\"text-align:center\" align=\"center\" class=\"valign-bottom\">LB<br \/>\nchaque<\/th>\n<\/tr>\n<\/thead>\n<tbody>\n<tr>\n<td>LR-WR-088-C<\/td>\n<td>7\/8<\/td>\n<td>3.6<\/td>\n<td>4.00<\/td>\n<td>5.75<\/td>\n<td>2.72<\/td>\n<\/tr>\n<tr>\n<td>LR-WR-088-C<\/td>\n<td>7\/8<\/td>\n<td>2.6<\/td>\n<td>5.50<\/td>\n<td>7.25<\/td>\n<td>3.47<\/td>\n<\/tr>\n<tr>\n<td>LR-WR-100-C<\/td>\n<td>1<\/td>\n<td>5.6<\/td>\n<td>4.00<\/td>\n<td>6.00<\/td>\n<td>3.69<\/td>\n<\/tr>\n<tr>\n<td>LR-WR-112-C<\/td>\n<td>1-1\/8<\/td>\n<td>5.2<\/td>\n<td>6.00<\/td>\n<td>8.25<\/td>\n<td>6.60<\/td>\n<\/tr>\n<tr>\n<td>LR-WR-125-C<\/td>\n<td>1-1\/4<\/td>\n<td>8.5<\/td>\n<td>5.00<\/td>\n<td>7.50<\/td>\n<td>6.82<\/td>\n<\/tr>\n<tr>\n<td>LR-WR-138-C<\/td>\n<td>1-3\/8<\/td>\n<td>9.5<\/td>\n<td>6.00<\/td>\n<td>8.75<\/td>\n<td>10.12<\/td>\n<\/tr>\n<\/tbody>\n<tfoot>\n<tr>\n<td style=\"font-size:9px\" colspan=\"6\" class=\"warningText\">\n              <sup>*<\/sup>Tonnes de 2000 lbs. La charge de rupture est 5 fois la charge maximale d\u2019utilisation.\n            <\/td>\n<\/tr>\n<\/tfoot>\n<\/table>\n<\/div>\n","protected":false},"excerpt":{"rendered":"<p>Dimensions (pouces) pour anneaux ronds S-643 CARBONE Code de stock # Taille nominale pouce A Anneau CMU Tonnes B C LB chaque LR-WR-088-C 7\/8 3.6 4.00 5.75 2.72 LR-WR-088-C 7\/8 2.6 5.50 7.25 3.47 LR-WR-100-C 1 5.6 4.00 6.00 3.69 LR-WR-112-C 1-1\/8 5.2 6.00 8.25 6.60 LR-WR-125-C 1-1\/4 8.5 5.00 7.50 6.82 LR-WR-138-C 1-3\/8 9.5 [&hellip;]<\/p>\n","protected":false},"author":1,"featured_media":0,"parent":11323,"menu_order":0,"comment_status":"open","ping_status":"open","template":"","meta":[],"yoast_head":"<!-- This site is optimized with the Yoast SEO plugin v18.1 - https:\/\/yoast.com\/wordpress\/plugins\/seo\/ -->\n<meta name=\"robots\" content=\"index, follow, max-snippet:-1, max-image-preview:large, max-video-preview:-1\" \/>\n<link rel=\"canonical\" href=\"https:\/\/www.unirope.com\/fr\/produits\/elingues\/elingues-en-cable-metallique\/links-and-rings-for-wire-rope-slings\/crosby-rings-s-643\/\" \/>\n<meta property=\"og:locale\" content=\"fr_FR\" \/>\n<meta property=\"og:type\" content=\"article\" \/>\n<meta property=\"og:title\" content=\"Anneaux S-643 - Unirope Ltd.\" \/>\n<meta property=\"og:description\" content=\"Dimensions (pouces) pour anneaux ronds S-643 CARBONE Code de stock # Taille nominale pouce A Anneau CMU Tonnes B C LB chaque LR-WR-088-C 7\/8 3.6 4.00 5.75 2.72 LR-WR-088-C 7\/8 2.6 5.50 7.25 3.47 LR-WR-100-C 1 5.6 4.00 6.00 3.69 LR-WR-112-C 1-1\/8 5.2 6.00 8.25 6.60 LR-WR-125-C 1-1\/4 8.5 5.00 7.50 6.82 LR-WR-138-C 1-3\/8 9.5 [&hellip;]\" \/>\n<meta property=\"og:url\" content=\"https:\/\/www.unirope.com\/fr\/produits\/elingues\/elingues-en-cable-metallique\/links-and-rings-for-wire-rope-slings\/crosby-rings-s-643\/\" \/>\n<meta property=\"og:site_name\" content=\"Unirope Ltd.\" \/>\n<meta property=\"article:modified_time\" content=\"2019-12-10T16:54:59+00:00\" \/>\n<meta property=\"og:image\" content=\"https:\/\/www.unirope.com\/wp-content\/uploads\/2017\/01\/slings-link-diagram-4.jpg\" \/>\n<script type=\"application\/ld+json\" class=\"yoast-schema-graph\">{\"@context\":\"https:\/\/schema.org\",\"@graph\":[{\"@type\":\"Organization\",\"@id\":\"https:\/\/www.unirope.com\/#organization\",\"name\":\"Unirope Ltd\",\"url\":\"https:\/\/www.unirope.com\/\",\"sameAs\":[\"https:\/\/www.youtube.com\/channel\/UCYDjk5HBhJLEnptrBbQvjgg\"],\"logo\":{\"@type\":\"ImageObject\",\"@id\":\"https:\/\/www.unirope.com\/#logo\",\"inLanguage\":\"fr-FR\",\"url\":\"https:\/\/www.unirope.com\/wp-content\/uploads\/2012\/06\/unirope_logo.gif\",\"contentUrl\":\"https:\/\/www.unirope.com\/wp-content\/uploads\/2012\/06\/unirope_logo.gif\",\"width\":220,\"height\":50,\"caption\":\"Unirope Ltd\"},\"image\":{\"@id\":\"https:\/\/www.unirope.com\/#logo\"}},{\"@type\":\"WebSite\",\"@id\":\"https:\/\/www.unirope.com\/#website\",\"url\":\"https:\/\/www.unirope.com\/\",\"name\":\"Unirope Ltd.\",\"description\":\"Wire Rope &amp; Rigging Products\",\"publisher\":{\"@id\":\"https:\/\/www.unirope.com\/#organization\"},\"potentialAction\":[{\"@type\":\"SearchAction\",\"target\":{\"@type\":\"EntryPoint\",\"urlTemplate\":\"https:\/\/www.unirope.com\/?s={search_term_string}\"},\"query-input\":\"required name=search_term_string\"}],\"inLanguage\":\"fr-FR\"},{\"@type\":\"ImageObject\",\"@id\":\"https:\/\/www.unirope.com\/fr\/produits\/elingues\/elingues-en-cable-metallique\/links-and-rings-for-wire-rope-slings\/crosby-rings-s-643\/#primaryimage\",\"inLanguage\":\"fr-FR\",\"url\":\"\/wp-content\/uploads\/2017\/01\/slings-link-diagram-4.jpg\",\"contentUrl\":\"\/wp-content\/uploads\/2017\/01\/slings-link-diagram-4.jpg\"},{\"@type\":\"WebPage\",\"@id\":\"https:\/\/www.unirope.com\/fr\/produits\/elingues\/elingues-en-cable-metallique\/links-and-rings-for-wire-rope-slings\/crosby-rings-s-643\/#webpage\",\"url\":\"https:\/\/www.unirope.com\/fr\/produits\/elingues\/elingues-en-cable-metallique\/links-and-rings-for-wire-rope-slings\/crosby-rings-s-643\/\",\"name\":\"Anneaux S-643 - Unirope Ltd.\",\"isPartOf\":{\"@id\":\"https:\/\/www.unirope.com\/#website\"},\"primaryImageOfPage\":{\"@id\":\"https:\/\/www.unirope.com\/fr\/produits\/elingues\/elingues-en-cable-metallique\/links-and-rings-for-wire-rope-slings\/crosby-rings-s-643\/#primaryimage\"},\"datePublished\":\"2017-01-09T21:35:12+00:00\",\"dateModified\":\"2019-12-10T16:54:59+00:00\",\"breadcrumb\":{\"@id\":\"https:\/\/www.unirope.com\/fr\/produits\/elingues\/elingues-en-cable-metallique\/links-and-rings-for-wire-rope-slings\/crosby-rings-s-643\/#breadcrumb\"},\"inLanguage\":\"fr-FR\",\"potentialAction\":[{\"@type\":\"ReadAction\",\"target\":[\"https:\/\/www.unirope.com\/fr\/produits\/elingues\/elingues-en-cable-metallique\/links-and-rings-for-wire-rope-slings\/crosby-rings-s-643\/\"]}]},{\"@type\":\"BreadcrumbList\",\"@id\":\"https:\/\/www.unirope.com\/fr\/produits\/elingues\/elingues-en-cable-metallique\/links-and-rings-for-wire-rope-slings\/crosby-rings-s-643\/#breadcrumb\",\"itemListElement\":[{\"@type\":\"ListItem\",\"position\":1,\"name\":\"Home\",\"item\":\"https:\/\/www.unirope.com\/fr\/\"},{\"@type\":\"ListItem\",\"position\":2,\"name\":\"Produits\",\"item\":\"https:\/\/www.unirope.com\/fr\/produits\/\"},{\"@type\":\"ListItem\",\"position\":3,\"name\":\"\u00c9lingues\",\"item\":\"https:\/\/www.unirope.com\/fr\/produits\/elingues\/\"},{\"@type\":\"ListItem\",\"position\":4,\"name\":\"\u00c9lingues en c\u00e2ble m\u00e9tallique\",\"item\":\"https:\/\/www.unirope.com\/fr\/produits\/elingues\/elingues-en-cable-metallique\/\"},{\"@type\":\"ListItem\",\"position\":5,\"name\":\"Anneaux pour \u00e9lingues de c\u00e2ble m\u00e9tallique\",\"item\":\"https:\/\/www.unirope.com\/fr\/produits\/elingues\/elingues-en-cable-metallique\/links-and-rings-for-wire-rope-slings\/\"},{\"@type\":\"ListItem\",\"position\":6,\"name\":\"Anneaux S-643\"}]}]}<\/script>\n<!-- \/ Yoast SEO plugin. -->","yoast_head_json":{"robots":{"index":"index","follow":"follow","max-snippet":"max-snippet:-1","max-image-preview":"max-image-preview:large","max-video-preview":"max-video-preview:-1"},"canonical":"https:\/\/www.unirope.com\/fr\/produits\/elingues\/elingues-en-cable-metallique\/links-and-rings-for-wire-rope-slings\/crosby-rings-s-643\/","og_locale":"fr_FR","og_type":"article","og_title":"Anneaux S-643 - Unirope Ltd.","og_description":"Dimensions (pouces) pour anneaux ronds S-643 CARBONE Code de stock # Taille nominale pouce A Anneau CMU Tonnes B C LB chaque LR-WR-088-C 7\/8 3.6 4.00 5.75 2.72 LR-WR-088-C 7\/8 2.6 5.50 7.25 3.47 LR-WR-100-C 1 5.6 4.00 6.00 3.69 LR-WR-112-C 1-1\/8 5.2 6.00 8.25 6.60 LR-WR-125-C 1-1\/4 8.5 5.00 7.50 6.82 LR-WR-138-C 1-3\/8 9.5 [&hellip;]","og_url":"https:\/\/www.unirope.com\/fr\/produits\/elingues\/elingues-en-cable-metallique\/links-and-rings-for-wire-rope-slings\/crosby-rings-s-643\/","og_site_name":"Unirope Ltd.","article_modified_time":"2019-12-10T16:54:59+00:00","og_image":[{"url":"https:\/\/www.unirope.com\/wp-content\/uploads\/2017\/01\/slings-link-diagram-4.jpg"}],"schema":{"@context":"https:\/\/schema.org","@graph":[{"@type":"Organization","@id":"https:\/\/www.unirope.com\/#organization","name":"Unirope Ltd","url":"https:\/\/www.unirope.com\/","sameAs":["https:\/\/www.youtube.com\/channel\/UCYDjk5HBhJLEnptrBbQvjgg"],"logo":{"@type":"ImageObject","@id":"https:\/\/www.unirope.com\/#logo","inLanguage":"fr-FR","url":"https:\/\/www.unirope.com\/wp-content\/uploads\/2012\/06\/unirope_logo.gif","contentUrl":"https:\/\/www.unirope.com\/wp-content\/uploads\/2012\/06\/unirope_logo.gif","width":220,"height":50,"caption":"Unirope Ltd"},"image":{"@id":"https:\/\/www.unirope.com\/#logo"}},{"@type":"WebSite","@id":"https:\/\/www.unirope.com\/#website","url":"https:\/\/www.unirope.com\/","name":"Unirope Ltd.","description":"Wire Rope &amp; Rigging Products","publisher":{"@id":"https:\/\/www.unirope.com\/#organization"},"potentialAction":[{"@type":"SearchAction","target":{"@type":"EntryPoint","urlTemplate":"https:\/\/www.unirope.com\/?s={search_term_string}"},"query-input":"required name=search_term_string"}],"inLanguage":"fr-FR"},{"@type":"ImageObject","@id":"https:\/\/www.unirope.com\/fr\/produits\/elingues\/elingues-en-cable-metallique\/links-and-rings-for-wire-rope-slings\/crosby-rings-s-643\/#primaryimage","inLanguage":"fr-FR","url":"\/wp-content\/uploads\/2017\/01\/slings-link-diagram-4.jpg","contentUrl":"\/wp-content\/uploads\/2017\/01\/slings-link-diagram-4.jpg"},{"@type":"WebPage","@id":"https:\/\/www.unirope.com\/fr\/produits\/elingues\/elingues-en-cable-metallique\/links-and-rings-for-wire-rope-slings\/crosby-rings-s-643\/#webpage","url":"https:\/\/www.unirope.com\/fr\/produits\/elingues\/elingues-en-cable-metallique\/links-and-rings-for-wire-rope-slings\/crosby-rings-s-643\/","name":"Anneaux S-643 - Unirope Ltd.","isPartOf":{"@id":"https:\/\/www.unirope.com\/#website"},"primaryImageOfPage":{"@id":"https:\/\/www.unirope.com\/fr\/produits\/elingues\/elingues-en-cable-metallique\/links-and-rings-for-wire-rope-slings\/crosby-rings-s-643\/#primaryimage"},"datePublished":"2017-01-09T21:35:12+00:00","dateModified":"2019-12-10T16:54:59+00:00","breadcrumb":{"@id":"https:\/\/www.unirope.com\/fr\/produits\/elingues\/elingues-en-cable-metallique\/links-and-rings-for-wire-rope-slings\/crosby-rings-s-643\/#breadcrumb"},"inLanguage":"fr-FR","potentialAction":[{"@type":"ReadAction","target":["https:\/\/www.unirope.com\/fr\/produits\/elingues\/elingues-en-cable-metallique\/links-and-rings-for-wire-rope-slings\/crosby-rings-s-643\/"]}]},{"@type":"BreadcrumbList","@id":"https:\/\/www.unirope.com\/fr\/produits\/elingues\/elingues-en-cable-metallique\/links-and-rings-for-wire-rope-slings\/crosby-rings-s-643\/#breadcrumb","itemListElement":[{"@type":"ListItem","position":1,"name":"Home","item":"https:\/\/www.unirope.com\/fr\/"},{"@type":"ListItem","position":2,"name":"Produits","item":"https:\/\/www.unirope.com\/fr\/produits\/"},{"@type":"ListItem","position":3,"name":"\u00c9lingues","item":"https:\/\/www.unirope.com\/fr\/produits\/elingues\/"},{"@type":"ListItem","position":4,"name":"\u00c9lingues en c\u00e2ble m\u00e9tallique","item":"https:\/\/www.unirope.com\/fr\/produits\/elingues\/elingues-en-cable-metallique\/"},{"@type":"ListItem","position":5,"name":"Anneaux pour \u00e9lingues de c\u00e2ble m\u00e9tallique","item":"https:\/\/www.unirope.com\/fr\/produits\/elingues\/elingues-en-cable-metallique\/links-and-rings-for-wire-rope-slings\/"},{"@type":"ListItem","position":6,"name":"Anneaux S-643"}]}]}},"_links":{"self":[{"href":"https:\/\/www.unirope.com\/fr\/wp-json\/wp\/v2\/pages\/11364"}],"collection":[{"href":"https:\/\/www.unirope.com\/fr\/wp-json\/wp\/v2\/pages"}],"about":[{"href":"https:\/\/www.unirope.com\/fr\/wp-json\/wp\/v2\/types\/page"}],"author":[{"embeddable":true,"href":"https:\/\/www.unirope.com\/fr\/wp-json\/wp\/v2\/users\/1"}],"replies":[{"embeddable":true,"href":"https:\/\/www.unirope.com\/fr\/wp-json\/wp\/v2\/comments?post=11364"}],"version-history":[{"count":0,"href":"https:\/\/www.unirope.com\/fr\/wp-json\/wp\/v2\/pages\/11364\/revisions"}],"up":[{"embeddable":true,"href":"https:\/\/www.unirope.com\/fr\/wp-json\/wp\/v2\/pages\/11323"}],"wp:attachment":[{"href":"https:\/\/www.unirope.com\/fr\/wp-json\/wp\/v2\/media?parent=11364"}],"curies":[{"name":"wp","href":"https:\/\/api.w.org\/{rel}","templated":true}]}}