{"id":11246,"date":"2017-01-04T18:45:15","date_gmt":"2017-01-04T18:45:15","guid":{"rendered":"https:\/\/www.unirope.com\/fr\/produits\/elingues\/elingues-en-cable-metallique\/rigging-guidelines\/working-with-shackles\/"},"modified":"2019-08-17T02:49:33","modified_gmt":"2019-08-17T02:49:33","slug":"working-with-shackles","status":"publish","type":"page","link":"https:\/\/www.unirope.com\/fr\/produits\/elingues\/elingues-en-cable-metallique\/rigging-guidelines\/working-with-shackles\/","title":{"rendered":"Travailler avec des manilles"},"content":{"rendered":"<p>S\u00e9lectionnez le type de manille et sa C.M.U (Charge Maximale d\u2019Utilisation) en fonction de la charge a\u0300 soulever. Dans des circonstances extr\u00eames ou en cas de choc, ces conditions doivent \u00eatre prises en compte lors de la s\u00e9lection de la manille. Veuillez noter que les manilles commerciales ne peuvent jamais \u00eatre utilis\u00e9es en levage.<\/p>\n<p style=\"margin-bottom:0;\"><strong>Les manilles doivent \u00eatre contr\u00f4l\u00e9es avant toute utilisation afin de s\u2019assurer que:<\/strong><\/p>\n<ul style=\"margin-top:5px;\">\n<li>tous les marquages sont lisibles;<\/li>\n<li>le corps et l\u2019axe sont de la m\u00eame marque et de m\u00eame type;<\/li>\n<li>le corps et l\u2019axe sont tous les deux de la bonne taille;<\/li>\n<li>n\u2019utilisez jamais une manille boulonn\u00e9e sans utiliser une goupille;<\/li>\n<li>l\u2019axe, l\u2019\u00e9crou, la goupille ou tout autre syst\u00e8me de verrouillage ne puissent pas s\u2019\u00e9chapper en cas de vibrations;<\/li>\n<li>les filetages de l\u2019axe et du corps de la manille ne sont pas endommag\u00e9s;<\/li>\n<li>le corps et l\u2019axe ne sont pas tordus et\/ou excessivement us\u00e9s;<\/li>\n<li>le corps et l\u2019axe ne comportent pas de criques, de chocs, de fissures ou traces de corrosion;<\/li>\n<li>les manilles ne doivent pas subir de traitement thermique car ceci pourrait modifier leur C.M.U.;<\/li>\n<li>ne modifiez, r\u00e9parez ou reformez jamais une manille par usinage, soudage, chauffage ou torsion car ceci pourrait affecter sa C.M.U.<\/li>\n<\/ul>\n<p><img src=\"\/wp-content\/uploads\/2017\/01\/working-with-shackles-person.jpg\" alt=\"Unirope Employee working with shackles\" style=\"width:100%;margin-top:15px;\"\/><\/p>\n<hr \/>\n<div style=\"display:block;width:100%;margin-top:20px;\">\n<div style=\"float:left;width:48%;\">\n<h2 style=\"margin-bottom:10px;\">Assemblage<\/h2>\n<p>Assurez-vous que l\u2019axe soit correctement visse\u0301 dans l\u2019oeil de la manille en serrant a\u0300 la main puis avec une cl\u00e9 ou un outil approprie\u0301, de telle sorte que l\u2019axe soit enti\u00e8rement visse\u0301 dans l\u2019oeil de la manille. V\u00e9rifiez que l\u2019axe a la bonne longueur afin qu\u2019il p\u00e9n\u00e8tre compl\u00e8tement dans l\u2019oeil et que la t\u00eate de l\u2019axe soit positionn\u00e9e contre la surface de l\u2019oeil de la manille.<\/p>\n<p>Un axe peut mal se placer s\u2019il est courbe\u0301, si le filetage de raccord est trop serre\u0301 ou s\u2019il y a un mauvais alignement des trous de l\u2019axe. Dans ces cas bien pr\u00e9cis, n\u2019utilisez pas la manille. Ne remplacez un axe de manille d\u00e9fectueux que par un axe de m\u00eame marque, de m\u00eame dimension, du m\u00eame type, de m\u00eame fabrication afin d\u2019assurer la C.M.U originale de la manille.<\/p>\n<p>Assurez-vous que la manille porte la charge d\u2019une fa\u00e7on correcte. Par exemple, la charge doit se trouver au milieu du corps de la manille.<\/p>\n<\/div>\n<div style=\"float:left;width:48%;\">\n<img src=\"\/wp-content\/themes\/unirope\/img\/product-images\/wire-rope-slings\/working-with-shackles-assembly-fr.jpg\" alt=\"Assemblage\" style=\"width:100%;\"\/>\n<\/div>\n<div class=\"clearfix\"><\/div>\n<\/div>\n<hr \/>\n<div style=\"display:block;width:100%;margin-top:20px;\">\n<div style=\"float:left;width:48%;\">\n<img src=\"\/wp-content\/themes\/unirope\/img\/product-images\/wire-rope-slings\/working-with-shackles-sideloads-fr.jpg\" alt=\"Sideloads diagram\" style=\"width:100%;\"\/>\n<\/div>\n<div style=\"float:left;width:48%;\">\n<h2 style=\"margin-bottom:10px;\">Charges lat\u00e9rales<\/h2>\n<p>Ce graphique est valable pour toutes les manilles Green Pin\u00ae, a\u0300 l\u2019exception des P-6033 (Manilles a\u0300 corps large). Si vous souhaitez appliquer une charge lat\u00e9rale sur une manille Green Pin\u00ae a\u0300 corps large, veuillez contacter Van Beest. Charger dans l\u2019axe signifie charger perpendiculairement a\u0300 l\u2019axe de la manille et dans le m\u00eame plan que le corps de la manille.<\/p>\n<p>Les angles de charge indiqu\u00e9s dans le graphique sont les angles par rapport a\u0300 cet axe. <\/p>\n<p>Lorsque vous utilisez des manilles dans des \u00e9lingues a\u0300 plusieurs brins, il est n\u00e9cessaire de porter une attention particuli\u00e8re a\u0300 l\u2019angle entre les brins de l\u2019\u00e9lingue. Si l\u2019angle augmente, la charge sur le brin augmente ainsi que celle appliqu\u00e9e sur chaque manille li\u00e9e a\u0300 ce brin.<\/p>\n<\/div>\n<div class=\"clearfix\"><\/div>\n<\/div>\n<hr \/>\n<div style=\"display:block;width:100%;margin-top:20px;\">\n<div style=\"float:left;width:48%;\">\n<p>Lorsqu\u2019une manille est utilis\u00e9e pour connecter deux \u00e9lingues a\u0300 un crochet d\u2019un appareil de levage, une manille lyre doit \u00eatre utilis\u00e9e. Les \u00e9lingues doivent \u00eatre connect\u00e9es au corps de la manille et l\u2019axe de la manille doit \u00eatre plac\u00e9e dans le crochet. L\u2019angle entre les \u00e9lingues ne doit pas exc\u00e9der 120 degr\u00e9s. Si la manille est charg\u00e9e sym\u00e9triquement, elle peut \u00eatre utilis\u00e9e a\u0300 100% de sa C.M.U.<\/p>\n<\/div>\n<div style=\"float:left;width:48%;\">\n<img src=\"\/wp-content\/themes\/unirope\/img\/product-images\/wire-rope-slings\/working-with-shackles-load-fr.jpg\" alt=\"Load diagram\" style=\"width:100%;\"\/>\n<\/div>\n<div class=\"clearfix\"><\/div>\n<\/div>\n<hr \/>\n<div style=\"display:block;width:100%;margin-top:20px;\">\n<div style=\"float:left;width:48%;\">\n<h2 style=\"margin-bottom:10px;\">Charges lat\u00e9rales<\/h2>\n<p>Pour \u00e9viter un chargement excentre\u0301 de la manille, il est possible d\u2019utiliser une entretoise a\u0300 chaque extr\u00e9mit\u00e9\u0301 de l\u2019axe de la manille. Ne r\u00e9duisez pas l\u2019espace entre les oeil de la manille en soudant des rondelles ou des entretoises sur les faces internes des oeil ou en r\u00e9duisant l\u2019ouverture. Ceci pourrait avoir un effet n\u00e9gatif sur la C.M.U de la manille.<\/p>\n<\/div>\n<div style=\"float:left;width:48%;\">\n<img src=\"\/wp-content\/uploads\/2017\/01\/working-with-shackles-sideloads-2-1.jpg\" alt=\"Side loads diagram\" style=\"width: 140px; margin-left: 10px;\"\/>\n<\/div>\n<div class=\"clearfix\"><\/div>\n<\/div>\n<div style=\"display:block;width:100%;margin-top:20px;\">\n<img src=\"\/wp-content\/uploads\/2017\/01\/working-with-shackles-sideloads-3.jpg\" alt=\"Side loads diagram\" style=\"width: 100%;\"\/>\n<p>Lorsqu\u2019une manille est fix\u00e9e a\u0300 une poulie rassemblant un jeu de poulies a\u0300 c\u00e2bles, la charge sur cette manille s\u2019accroit avec une valeur correspondant a\u0300 l\u2019effort de levage.<\/p>\n<p>Veuillez \u00e9viter des applications ou\u0300 la charge fait pivoter l\u2019axe de la manille ; l\u2019axe peut tourner et \u00e9ventuellement se d\u00e9visser. Si cette situation est in\u00e9vitable ou si la manille doit rester en place ainsi pendant une p\u00e9riode prolong\u00e9e ou si une s\u00e9curit\u00e9\u0301 compl\u00e9mentaire au niveau de l\u2019axe est n\u00e9cessaire, utilisez une manille boulonn\u00e9e goupill\u00e9e.<\/p>\n<p>Les manilles ne doivent pas \u00eatre en contact avec des solutions ou des fum\u00e9es acides ou autres produits chimiques qui peuvent potentiellement endommager la manille.<\/p>\n<\/div>\n<div style=\"display:block;width:100%;margin-top:20px;\">\n<img src=\"\/wp-content\/themes\/unirope\/img\/product-images\/wire-rope-slings\/working-with-shackles-sideloads-4-fr.jpg\" alt=\"Side loads diagram\" style=\"width: 100%;\"\/>\n<\/div>\n<div style=\"display:block;width:100%;margin-top:20px;\">\n<h2 style=\"margin-bottom:10px;\">Point de chargement<\/h2>\n<p>Les manilles sont utilis\u00e9es en levage ou en position statique comme maillons amovibles pour connecter des c\u00e2bles (acier), des chaines et autres accessoires. Tr\u00e8s souvent, l\u2019accessoire portant la charge et qui est connecte\u0301 a\u0300 une manille est de section circulaire. Un point de contact avec les manilles lors de l\u2019op\u00e9ration de levage est autoris\u00e9\u0301 dans la mesure ou\u0300 la dimension minimum de la section circulaire de l\u2019accessoire est sup\u00e9rieure ou \u00e9gale au diam\u00e8tre du corps de la manille utilis\u00e9e. La charge maximale de l\u2019ensemble est celle de l\u2019accessoire ayant la C.M.U la plus faible.<\/p>\n<p>Augmenter la zone de contact en utilisant des accessoires de diam\u00e8tres sup\u00e9rieurs et\/ou des oeillets peut \u00eatre un avantage. Evitez les points de contact anguleux.<\/p>\n<p>Les manilles Green Pin\u00ae peuvent \u00eatre aussi utilis\u00e9es dans les configurations suivantes. La charge maximale de l\u2019ensemble est celle de l\u2019accessoire ayant la CMU la plus faible.<\/p>\n<\/div>\n<div style=\"display:block;width:100%;margin-top:20px;\">\n<img src=\"\/wp-content\/themes\/unirope\/img\/product-images\/wire-rope-slings\/working-with-shackles-sideloads-5-fr.jpg\" alt=\"Bow-Pin Configuration diagram\" style=\"width:100%;\"\/>\n<div style=\"float:left;width:58%;\">\n<p><strong>Configuration axe-axe:<\/strong><\/p>\n<p>Si les oeils de la manille se touchent et si les axes ne portent pas correctement, cette configuration ne doit pas e\u0302tre utilise\u0301e.<\/p>\n<\/div>\n<div style=\"float:left;width:38%;\">\n<p><strong>Configuration axe-corps:<\/strong><\/p>\n<p>Si le corps de la manille inte\u0301rieure touche les oeils de la manille exte\u0301rieure et si le corps et l\u2019axe ne portent pas correctement, cette configuration ne doit pas e\u0302tre utilise\u0301e.<\/p>\n<\/div>\n<div class=\"clearfix\"><\/div>\n<\/div>\n","protected":false},"excerpt":{"rendered":"<p>S\u00e9lectionnez le type de manille et sa C.M.U (Charge Maximale d\u2019Utilisation) en fonction de la charge a\u0300 soulever. Dans des circonstances extr\u00eames ou en cas de choc, ces conditions doivent \u00eatre prises en compte lors de la s\u00e9lection de la manille. Veuillez noter que les manilles commerciales ne peuvent jamais \u00eatre utilis\u00e9es en levage. Les [&hellip;]<\/p>\n","protected":false},"author":1,"featured_media":0,"parent":7049,"menu_order":0,"comment_status":"open","ping_status":"open","template":"","meta":[],"yoast_head":"<!-- This site is optimized with the Yoast SEO plugin v18.1 - https:\/\/yoast.com\/wordpress\/plugins\/seo\/ -->\n<meta name=\"robots\" content=\"index, follow, max-snippet:-1, max-image-preview:large, max-video-preview:-1\" \/>\n<link rel=\"canonical\" href=\"https:\/\/www.unirope.com\/fr\/produits\/elingues\/elingues-en-cable-metallique\/rigging-guidelines\/working-with-shackles\/\" \/>\n<meta property=\"og:locale\" content=\"fr_FR\" \/>\n<meta property=\"og:type\" content=\"article\" \/>\n<meta property=\"og:title\" content=\"Travailler avec des manilles - Unirope Ltd.\" \/>\n<meta property=\"og:description\" content=\"S\u00e9lectionnez le type de manille et sa C.M.U (Charge Maximale d\u2019Utilisation) en fonction de la charge a\u0300 soulever. Dans des circonstances extr\u00eames ou en cas de choc, ces conditions doivent \u00eatre prises en compte lors de la s\u00e9lection de la manille. Veuillez noter que les manilles commerciales ne peuvent jamais \u00eatre utilis\u00e9es en levage. Les [&hellip;]\" \/>\n<meta property=\"og:url\" content=\"https:\/\/www.unirope.com\/fr\/produits\/elingues\/elingues-en-cable-metallique\/rigging-guidelines\/working-with-shackles\/\" \/>\n<meta property=\"og:site_name\" content=\"Unirope Ltd.\" \/>\n<meta property=\"article:modified_time\" content=\"2019-08-17T02:49:33+00:00\" \/>\n<meta property=\"og:image\" content=\"https:\/\/www.unirope.com\/wp-content\/uploads\/2017\/01\/working-with-shackles-person.jpg\" \/>\n<meta name=\"twitter:label1\" content=\"Dur\u00e9e de lecture estim\u00e9e\" \/>\n\t<meta name=\"twitter:data1\" content=\"5 minutes\" \/>\n<script type=\"application\/ld+json\" class=\"yoast-schema-graph\">{\"@context\":\"https:\/\/schema.org\",\"@graph\":[{\"@type\":\"Organization\",\"@id\":\"https:\/\/www.unirope.com\/#organization\",\"name\":\"Unirope Ltd\",\"url\":\"https:\/\/www.unirope.com\/\",\"sameAs\":[\"https:\/\/www.youtube.com\/channel\/UCYDjk5HBhJLEnptrBbQvjgg\"],\"logo\":{\"@type\":\"ImageObject\",\"@id\":\"https:\/\/www.unirope.com\/#logo\",\"inLanguage\":\"fr-FR\",\"url\":\"https:\/\/www.unirope.com\/wp-content\/uploads\/2012\/06\/unirope_logo.gif\",\"contentUrl\":\"https:\/\/www.unirope.com\/wp-content\/uploads\/2012\/06\/unirope_logo.gif\",\"width\":220,\"height\":50,\"caption\":\"Unirope Ltd\"},\"image\":{\"@id\":\"https:\/\/www.unirope.com\/#logo\"}},{\"@type\":\"WebSite\",\"@id\":\"https:\/\/www.unirope.com\/#website\",\"url\":\"https:\/\/www.unirope.com\/\",\"name\":\"Unirope Ltd.\",\"description\":\"Wire Rope &amp; Rigging Products\",\"publisher\":{\"@id\":\"https:\/\/www.unirope.com\/#organization\"},\"potentialAction\":[{\"@type\":\"SearchAction\",\"target\":{\"@type\":\"EntryPoint\",\"urlTemplate\":\"https:\/\/www.unirope.com\/?s={search_term_string}\"},\"query-input\":\"required name=search_term_string\"}],\"inLanguage\":\"fr-FR\"},{\"@type\":\"ImageObject\",\"@id\":\"https:\/\/www.unirope.com\/fr\/produits\/elingues\/elingues-en-cable-metallique\/rigging-guidelines\/working-with-shackles\/#primaryimage\",\"inLanguage\":\"fr-FR\",\"url\":\"\/wp-content\/uploads\/2017\/01\/working-with-shackles-person.jpg\",\"contentUrl\":\"\/wp-content\/uploads\/2017\/01\/working-with-shackles-person.jpg\"},{\"@type\":\"WebPage\",\"@id\":\"https:\/\/www.unirope.com\/fr\/produits\/elingues\/elingues-en-cable-metallique\/rigging-guidelines\/working-with-shackles\/#webpage\",\"url\":\"https:\/\/www.unirope.com\/fr\/produits\/elingues\/elingues-en-cable-metallique\/rigging-guidelines\/working-with-shackles\/\",\"name\":\"Travailler avec des manilles - Unirope Ltd.\",\"isPartOf\":{\"@id\":\"https:\/\/www.unirope.com\/#website\"},\"primaryImageOfPage\":{\"@id\":\"https:\/\/www.unirope.com\/fr\/produits\/elingues\/elingues-en-cable-metallique\/rigging-guidelines\/working-with-shackles\/#primaryimage\"},\"datePublished\":\"2017-01-04T18:45:15+00:00\",\"dateModified\":\"2019-08-17T02:49:33+00:00\",\"breadcrumb\":{\"@id\":\"https:\/\/www.unirope.com\/fr\/produits\/elingues\/elingues-en-cable-metallique\/rigging-guidelines\/working-with-shackles\/#breadcrumb\"},\"inLanguage\":\"fr-FR\",\"potentialAction\":[{\"@type\":\"ReadAction\",\"target\":[\"https:\/\/www.unirope.com\/fr\/produits\/elingues\/elingues-en-cable-metallique\/rigging-guidelines\/working-with-shackles\/\"]}]},{\"@type\":\"BreadcrumbList\",\"@id\":\"https:\/\/www.unirope.com\/fr\/produits\/elingues\/elingues-en-cable-metallique\/rigging-guidelines\/working-with-shackles\/#breadcrumb\",\"itemListElement\":[{\"@type\":\"ListItem\",\"position\":1,\"name\":\"Home\",\"item\":\"https:\/\/www.unirope.com\/fr\/\"},{\"@type\":\"ListItem\",\"position\":2,\"name\":\"Produits\",\"item\":\"https:\/\/www.unirope.com\/fr\/produits\/\"},{\"@type\":\"ListItem\",\"position\":3,\"name\":\"\u00c9lingues\",\"item\":\"https:\/\/www.unirope.com\/fr\/produits\/elingues\/\"},{\"@type\":\"ListItem\",\"position\":4,\"name\":\"\u00c9lingues en c\u00e2ble m\u00e9tallique\",\"item\":\"https:\/\/www.unirope.com\/fr\/produits\/elingues\/elingues-en-cable-metallique\/\"},{\"@type\":\"ListItem\",\"position\":5,\"name\":\"Le gr\u00e9ement les directives\",\"item\":\"https:\/\/www.unirope.com\/fr\/produits\/elingues\/elingues-en-cable-metallique\/rigging-guidelines\/\"},{\"@type\":\"ListItem\",\"position\":6,\"name\":\"Travailler avec des manilles\"}]}]}<\/script>\n<!-- \/ Yoast SEO plugin. -->","yoast_head_json":{"robots":{"index":"index","follow":"follow","max-snippet":"max-snippet:-1","max-image-preview":"max-image-preview:large","max-video-preview":"max-video-preview:-1"},"canonical":"https:\/\/www.unirope.com\/fr\/produits\/elingues\/elingues-en-cable-metallique\/rigging-guidelines\/working-with-shackles\/","og_locale":"fr_FR","og_type":"article","og_title":"Travailler avec des manilles - Unirope Ltd.","og_description":"S\u00e9lectionnez le type de manille et sa C.M.U (Charge Maximale d\u2019Utilisation) en fonction de la charge a\u0300 soulever. Dans des circonstances extr\u00eames ou en cas de choc, ces conditions doivent \u00eatre prises en compte lors de la s\u00e9lection de la manille. Veuillez noter que les manilles commerciales ne peuvent jamais \u00eatre utilis\u00e9es en levage. Les [&hellip;]","og_url":"https:\/\/www.unirope.com\/fr\/produits\/elingues\/elingues-en-cable-metallique\/rigging-guidelines\/working-with-shackles\/","og_site_name":"Unirope Ltd.","article_modified_time":"2019-08-17T02:49:33+00:00","og_image":[{"url":"https:\/\/www.unirope.com\/wp-content\/uploads\/2017\/01\/working-with-shackles-person.jpg"}],"twitter_misc":{"Dur\u00e9e de lecture estim\u00e9e":"5 minutes"},"schema":{"@context":"https:\/\/schema.org","@graph":[{"@type":"Organization","@id":"https:\/\/www.unirope.com\/#organization","name":"Unirope Ltd","url":"https:\/\/www.unirope.com\/","sameAs":["https:\/\/www.youtube.com\/channel\/UCYDjk5HBhJLEnptrBbQvjgg"],"logo":{"@type":"ImageObject","@id":"https:\/\/www.unirope.com\/#logo","inLanguage":"fr-FR","url":"https:\/\/www.unirope.com\/wp-content\/uploads\/2012\/06\/unirope_logo.gif","contentUrl":"https:\/\/www.unirope.com\/wp-content\/uploads\/2012\/06\/unirope_logo.gif","width":220,"height":50,"caption":"Unirope Ltd"},"image":{"@id":"https:\/\/www.unirope.com\/#logo"}},{"@type":"WebSite","@id":"https:\/\/www.unirope.com\/#website","url":"https:\/\/www.unirope.com\/","name":"Unirope Ltd.","description":"Wire Rope &amp; Rigging Products","publisher":{"@id":"https:\/\/www.unirope.com\/#organization"},"potentialAction":[{"@type":"SearchAction","target":{"@type":"EntryPoint","urlTemplate":"https:\/\/www.unirope.com\/?s={search_term_string}"},"query-input":"required name=search_term_string"}],"inLanguage":"fr-FR"},{"@type":"ImageObject","@id":"https:\/\/www.unirope.com\/fr\/produits\/elingues\/elingues-en-cable-metallique\/rigging-guidelines\/working-with-shackles\/#primaryimage","inLanguage":"fr-FR","url":"\/wp-content\/uploads\/2017\/01\/working-with-shackles-person.jpg","contentUrl":"\/wp-content\/uploads\/2017\/01\/working-with-shackles-person.jpg"},{"@type":"WebPage","@id":"https:\/\/www.unirope.com\/fr\/produits\/elingues\/elingues-en-cable-metallique\/rigging-guidelines\/working-with-shackles\/#webpage","url":"https:\/\/www.unirope.com\/fr\/produits\/elingues\/elingues-en-cable-metallique\/rigging-guidelines\/working-with-shackles\/","name":"Travailler avec des manilles - Unirope Ltd.","isPartOf":{"@id":"https:\/\/www.unirope.com\/#website"},"primaryImageOfPage":{"@id":"https:\/\/www.unirope.com\/fr\/produits\/elingues\/elingues-en-cable-metallique\/rigging-guidelines\/working-with-shackles\/#primaryimage"},"datePublished":"2017-01-04T18:45:15+00:00","dateModified":"2019-08-17T02:49:33+00:00","breadcrumb":{"@id":"https:\/\/www.unirope.com\/fr\/produits\/elingues\/elingues-en-cable-metallique\/rigging-guidelines\/working-with-shackles\/#breadcrumb"},"inLanguage":"fr-FR","potentialAction":[{"@type":"ReadAction","target":["https:\/\/www.unirope.com\/fr\/produits\/elingues\/elingues-en-cable-metallique\/rigging-guidelines\/working-with-shackles\/"]}]},{"@type":"BreadcrumbList","@id":"https:\/\/www.unirope.com\/fr\/produits\/elingues\/elingues-en-cable-metallique\/rigging-guidelines\/working-with-shackles\/#breadcrumb","itemListElement":[{"@type":"ListItem","position":1,"name":"Home","item":"https:\/\/www.unirope.com\/fr\/"},{"@type":"ListItem","position":2,"name":"Produits","item":"https:\/\/www.unirope.com\/fr\/produits\/"},{"@type":"ListItem","position":3,"name":"\u00c9lingues","item":"https:\/\/www.unirope.com\/fr\/produits\/elingues\/"},{"@type":"ListItem","position":4,"name":"\u00c9lingues en c\u00e2ble m\u00e9tallique","item":"https:\/\/www.unirope.com\/fr\/produits\/elingues\/elingues-en-cable-metallique\/"},{"@type":"ListItem","position":5,"name":"Le gr\u00e9ement les directives","item":"https:\/\/www.unirope.com\/fr\/produits\/elingues\/elingues-en-cable-metallique\/rigging-guidelines\/"},{"@type":"ListItem","position":6,"name":"Travailler avec des manilles"}]}]}},"_links":{"self":[{"href":"https:\/\/www.unirope.com\/fr\/wp-json\/wp\/v2\/pages\/11246"}],"collection":[{"href":"https:\/\/www.unirope.com\/fr\/wp-json\/wp\/v2\/pages"}],"about":[{"href":"https:\/\/www.unirope.com\/fr\/wp-json\/wp\/v2\/types\/page"}],"author":[{"embeddable":true,"href":"https:\/\/www.unirope.com\/fr\/wp-json\/wp\/v2\/users\/1"}],"replies":[{"embeddable":true,"href":"https:\/\/www.unirope.com\/fr\/wp-json\/wp\/v2\/comments?post=11246"}],"version-history":[{"count":0,"href":"https:\/\/www.unirope.com\/fr\/wp-json\/wp\/v2\/pages\/11246\/revisions"}],"up":[{"embeddable":true,"href":"https:\/\/www.unirope.com\/fr\/wp-json\/wp\/v2\/pages\/7049"}],"wp:attachment":[{"href":"https:\/\/www.unirope.com\/fr\/wp-json\/wp\/v2\/media?parent=11246"}],"curies":[{"name":"wp","href":"https:\/\/api.w.org\/{rel}","templated":true}]}}